{"id":12307,"date":"2023-01-17T13:05:08","date_gmt":"2023-01-17T13:05:08","guid":{"rendered":"https:\/\/lifecenter.com.tr\/magaza\/?post_type=product&#038;p=12307"},"modified":"2024-09-27T18:48:12","modified_gmt":"2024-09-27T18:48:12","slug":"west-whey-protein-tozu-2592-gr-72-servis-sase-shaker-hediye","status":"publish","type":"product","link":"https:\/\/lifecenter.com.tr\/magaza\/urun\/west-whey-protein-tozu-2592-gr-72-servis-sase-shaker-hediye\/","title":{"rendered":"WEST Whey Protein Tozu 2592 Gr 72 Servis \u015ease + SHAKER HED\u0130YE"},"content":{"rendered":"<p><a href=\"http:\/\/lifecenter.com.tr\/\">WEST Whey Protein Tozu 2592 Gr 72 Servis \u015ease + SHAKER HED\u0130YE<\/a><\/p>\n","protected":false},"excerpt":{"rendered":"<p>Bir kutuda 4 farkl\u0131 aroma! \u00c7ikolata, \u00c7ilek, Kurabiye, Muz aromalar\u0131n\u0131n her birinden 18\u2019er tek kullan\u0131ml\u0131k paket bulunan 72\u2019li eko kutuTa\u015f\u0131ma kolayl\u0131\u011f\u0131 ve hijyen sa\u011flayan 72 tek kullan\u0131ml\u0131k paketWest Nutrition Whey Protein Tozu Form\u00fclasyonunda whey proteine ek olarak Kreatin Monohidrat, BCAA ve Glutamin aminoasitleri eklenmi\u015f ve 1 porsiyonda daha y\u00fcksek protein de\u011feri sunmak hedeflenmi\u015ftir.1 Servis (36 gr) i\u00e7erisinde; 26500 mg Protein, 6300 mg BCAA, 3500 mg Glutamin \u00d6nc\u00fcs\u00fc, 2450 mg Kreatin bulunmaktad\u0131r.WHEY KONSANTRES\u0130, Y\u00dcKSEK PROTEiNLi SPOR GIDASIDIR G\u0131dan\u0131n Net miktar\u0131: 2592 g \u2013 72 ServisKullan\u0131m \u015eekli: Antrenman \u00f6ncesi veya sonras\u0131 1 Paket (36g) 200ml su veya az ya\u011fl\u0131 s\u00fct ile kar\u0131\u015ft\u0131r\u0131larak g\u00fcnde 1-2 Paket (36g-72g) kullan\u0131l\u0131r.Uyar\u0131lar: B6 vitamini ile birlikte t\u00fcketilmesi tavsiye edilir. Bu g\u0131da yeterli ve dengeli bir diyetle birlikte t\u00fcketilmelidir, tek ba\u015f\u0131na b\u00fct\u00fcn besin \u00f6\u011feleri ihtiyac\u0131n\u0131 kar\u015f\u0131lamaz.Bu \u00fcr\u00fcnler hekim ve diyetisyen \u00f6nerilerine g\u00f6re kullan\u0131lmal\u0131d\u0131r. 15 Ya\u015f alt\u0131ndaki \u00e7ocuklar veya hamile ya da emziren kad\u0131nlar i\u00e7in tavsiye edilmez, sadece hekim veya diyetisyen g\u00f6zetiminde t\u00fcketebilirler.Bu g\u0131da Kreatin Monohidrat i\u00e7erir. Kreatin monohidrat baz\u0131 ki\u015filerde mide-ba\u011f\u0131rsak rahats\u0131zl\u0131\u011f\u0131na neden olabilir ve b\u00f6brek fonksiyonlar\u0131n\u0131 bozabilir.Muhafaza: A\u011fz\u0131 kapal\u0131 olarak serin ve kuru bir yerde, y\u00fcksek \u0131s\u0131dan, nemden ve g\u00fcne\u015f \u0131\u015f\u0131\u011f\u0131ndan koruyarak saklay\u0131n\u0131z.Kurabiye Aromal\u0131 \u00dcr\u00fcn \u0130\u00e7in\u0130\u00e7indekiler: Whey Protein Konsantre (Peynir Alt\u0131 Suyu Konsantresi), Kreatin Monohidrat, BCAA 4:1:1, Kurabiye Aromas\u0131, Topaklanmay\u0131 \u00f6nleyiciler (Silikon Dioksit E551,Tri Kalsiyum Fosfat E341 (iii)), Tatland\u0131r\u0131c\u0131 (Sukraloz E955). Alerjenler: S\u00fct \u00fcr\u00fcnleri i\u00e7erir. Aroma kaynakl\u0131 s\u00fclfit ve gluten i\u00e7erebilir. Kayna\u011f\u0131 whey proteini olan fenilalanin i\u00e7erir.\u00c7ikolata Aromal\u0131 \u00dcr\u00fcn \u0130\u00e7in\u0130\u00e7indekiler: Whey Protein Konsantre (Peynir Alt\u0131 Suyu Konsantresi), Kreatin Monohidrat, BCAA 4:1:1, Ya\u011f\u0131 Azalt\u0131lm\u0131\u015f Kakao Tozu, Do\u011fala \u00d6zde\u015f \u00c7ikolata Aromas\u0131, Topaklanmay\u0131 \u00f6nleyiciler (Silikon Dioksit E551,Tri Kalsiyum Fosfat E341 (iii)), Tatland\u0131r\u0131c\u0131 (Sukraloz E955). Alerjenler: S\u00fct \u00fcr\u00fcnleri i\u00e7erir. Aroma kaynakl\u0131 s\u00fclfit ve gluten i\u00e7erebilir. Kayna\u011f\u0131 whey proteini olan fenilalanin i\u00e7erir.\u00c7ilek Aromal\u0131 \u00dcr\u00fcn \u0130\u00e7in\u0130\u00e7indekiler: Whey Protein Konsantre (Peynir Alt\u0131 Suyu Konsantresi), Kreatin Monohidrat, BCAA 4:1:1, Do\u011fala \u00d6zde\u015f \u00c7ilek Aromas\u0131, Topaklanmay\u0131 \u00f6nleyiciler (Silikon Dioksit E551,Tri Kalsiyum Fosfat E341 (iii)), Renklendirici (Pancar K\u00f6k\u00fc K\u0131rm\u0131z\u0131s\u0131 E162), Tatland\u0131r\u0131c\u0131 (Sukraloz E955). Alerjenler: S\u00fct \u00fcr\u00fcnleri i\u00e7erir. Aroma kaynakl\u0131 s\u00fclfit ve gluten i\u00e7erebilir. Kayna\u011f\u0131 whey proteini olan fenilalanin i\u00e7erir.Muz Aromal\u0131 \u00dcr\u00fcn \u0130\u00e7in\u0130\u00e7indekiler: Whey Protein Konsantre (Peynir Alt\u0131 Suyu Konsantresi), Kreatin Monohidrat, BCAA 4:1:1, Do\u011fala \u00d6zde\u015f Muz Aromas\u0131, Topaklanmay\u0131 \u00f6nleyiciler (Silikon Dioksit E551,Tri Kalsiyum Fosfat E341 (iii)). Alerjenler: S\u00fct \u00fcr\u00fcnleri i\u00e7erir. Aroma kaynakl\u0131 s\u00fclfit ve gluten i\u00e7erebilir. Kayna\u011f\u0131 whey proteini olan fenilalanin i\u00e7erir \u00dcR\u00dcN SAH\u0130B\u0130: DER\u0130NPAK \u0130\u00c7 ve DI\u015e T\u0130C. LTD. \u015eT\u0130.\u00dcRET\u0130C\u0130: D\u00dcAG Tar\u0131m Makine Bitkisel ve Mikrobiyolojik \u00dcr\u00fcnler Ara\u015ft\u0131rma ve Geli\u015ftirme San. Tic. Ltd. \u015eti.\u0130\u015eLETME KAYIT NO: TR-35-K-035184T\u00fcrk G\u0131da Kodeksi Sporcu G\u0131dalar\u0131 Tebli\u011fi\u2019ne uygun olarak \u00fcretilmi\u015ftir.Men\u015fe \u00fclke: T\u00fcrkiye<\/p>\n","protected":false},"featured_media":12308,"comment_status":"open","ping_status":"closed","template":"","meta":[],"product_brand":[],"product_cat":[156],"product_tag":[86,88,87],"class_list":{"0":"post-12307","1":"product","2":"type-product","3":"status-publish","4":"has-post-thumbnail","6":"product_cat-proteinler","7":"product_tag-protein-tozu","8":"product_tag-shaker","9":"product_tag-west","10":"wcpa_has_options","12":"first","13":"outofstock","14":"sale","15":"shipping-taxable","16":"purchasable","17":"product-type-simple"},"yoast_head":"<!-- This site is optimized with the Yoast SEO plugin v26.8 - https:\/\/yoast.com\/product\/yoast-seo-wordpress\/ -->\n<title>WEST Whey Protein Tozu 2592 Gr 72 Servis \u015ease + SHAKER HED\u0130YE - Life Center Online Sat\u0131\u015f Ma\u011fazas\u0131<\/title>\n<meta name=\"robots\" content=\"index, follow, max-snippet:-1, max-image-preview:large, max-video-preview:-1\" \/>\n<link rel=\"canonical\" href=\"https:\/\/lifecenter.com.tr\/magaza\/urun\/west-whey-protein-tozu-2592-gr-72-servis-sase-shaker-hediye\/\" \/>\n<meta property=\"og:locale\" content=\"tr_TR\" \/>\n<meta property=\"og:type\" content=\"article\" \/>\n<meta property=\"og:title\" content=\"WEST Whey Protein Tozu 2592 Gr 72 Servis \u015ease + SHAKER HED\u0130YE - Life Center Online Sat\u0131\u015f Ma\u011fazas\u0131\" \/>\n<meta property=\"og:description\" content=\"Bir kutuda 4 farkl\u0131 aroma! \u00c7ikolata, \u00c7ilek, Kurabiye, Muz aromalar\u0131n\u0131n her birinden 18\u2019er tek kullan\u0131ml\u0131k paket bulunan 72\u2019li eko kutuTa\u015f\u0131ma kolayl\u0131\u011f\u0131 ve hijyen sa\u011flayan 72 tek kullan\u0131ml\u0131k paketWest Nutrition Whey Protein Tozu Form\u00fclasyonunda whey proteine ek olarak Kreatin Monohidrat, BCAA ve Glutamin aminoasitleri eklenmi\u015f ve 1 porsiyonda daha y\u00fcksek protein de\u011feri sunmak hedeflenmi\u015ftir.1 Servis (36 gr) i\u00e7erisinde; 26500 mg Protein, 6300 mg BCAA, 3500 mg Glutamin \u00d6nc\u00fcs\u00fc, 2450 mg Kreatin bulunmaktad\u0131r.WHEY KONSANTRES\u0130, Y\u00dcKSEK PROTEiNLi SPOR GIDASIDIR G\u0131dan\u0131n Net miktar\u0131: 2592 g \u2013 72 ServisKullan\u0131m \u015eekli: Antrenman \u00f6ncesi veya sonras\u0131 1 Paket (36g) 200ml su veya az ya\u011fl\u0131 s\u00fct ile kar\u0131\u015ft\u0131r\u0131larak g\u00fcnde 1-2 Paket (36g-72g) kullan\u0131l\u0131r.Uyar\u0131lar: B6 vitamini ile birlikte t\u00fcketilmesi tavsiye edilir. Bu g\u0131da yeterli ve dengeli bir diyetle birlikte t\u00fcketilmelidir, tek ba\u015f\u0131na b\u00fct\u00fcn besin \u00f6\u011feleri ihtiyac\u0131n\u0131 kar\u015f\u0131lamaz.Bu \u00fcr\u00fcnler hekim ve diyetisyen \u00f6nerilerine g\u00f6re kullan\u0131lmal\u0131d\u0131r. 15 Ya\u015f alt\u0131ndaki \u00e7ocuklar veya hamile ya da emziren kad\u0131nlar i\u00e7in tavsiye edilmez, sadece hekim veya diyetisyen g\u00f6zetiminde t\u00fcketebilirler.Bu g\u0131da Kreatin Monohidrat i\u00e7erir. Kreatin monohidrat baz\u0131 ki\u015filerde mide-ba\u011f\u0131rsak rahats\u0131zl\u0131\u011f\u0131na neden olabilir ve b\u00f6brek fonksiyonlar\u0131n\u0131 bozabilir.Muhafaza: A\u011fz\u0131 kapal\u0131 olarak serin ve kuru bir yerde, y\u00fcksek \u0131s\u0131dan, nemden ve g\u00fcne\u015f \u0131\u015f\u0131\u011f\u0131ndan koruyarak saklay\u0131n\u0131z.Kurabiye Aromal\u0131 \u00dcr\u00fcn \u0130\u00e7in\u0130\u00e7indekiler: Whey Protein Konsantre (Peynir Alt\u0131 Suyu Konsantresi), Kreatin Monohidrat, BCAA 4:1:1, Kurabiye Aromas\u0131, Topaklanmay\u0131 \u00f6nleyiciler (Silikon Dioksit E551,Tri Kalsiyum Fosfat E341 (iii)), Tatland\u0131r\u0131c\u0131 (Sukraloz E955). Alerjenler: S\u00fct \u00fcr\u00fcnleri i\u00e7erir. Aroma kaynakl\u0131 s\u00fclfit ve gluten i\u00e7erebilir. Kayna\u011f\u0131 whey proteini olan fenilalanin i\u00e7erir.\u00c7ikolata Aromal\u0131 \u00dcr\u00fcn \u0130\u00e7in\u0130\u00e7indekiler: Whey Protein Konsantre (Peynir Alt\u0131 Suyu Konsantresi), Kreatin Monohidrat, BCAA 4:1:1, Ya\u011f\u0131 Azalt\u0131lm\u0131\u015f Kakao Tozu, Do\u011fala \u00d6zde\u015f \u00c7ikolata Aromas\u0131, Topaklanmay\u0131 \u00f6nleyiciler (Silikon Dioksit E551,Tri Kalsiyum Fosfat E341 (iii)), Tatland\u0131r\u0131c\u0131 (Sukraloz E955). Alerjenler: S\u00fct \u00fcr\u00fcnleri i\u00e7erir. Aroma kaynakl\u0131 s\u00fclfit ve gluten i\u00e7erebilir. Kayna\u011f\u0131 whey proteini olan fenilalanin i\u00e7erir.\u00c7ilek Aromal\u0131 \u00dcr\u00fcn \u0130\u00e7in\u0130\u00e7indekiler: Whey Protein Konsantre (Peynir Alt\u0131 Suyu Konsantresi), Kreatin Monohidrat, BCAA 4:1:1, Do\u011fala \u00d6zde\u015f \u00c7ilek Aromas\u0131, Topaklanmay\u0131 \u00f6nleyiciler (Silikon Dioksit E551,Tri Kalsiyum Fosfat E341 (iii)), Renklendirici (Pancar K\u00f6k\u00fc K\u0131rm\u0131z\u0131s\u0131 E162), Tatland\u0131r\u0131c\u0131 (Sukraloz E955). Alerjenler: S\u00fct \u00fcr\u00fcnleri i\u00e7erir. Aroma kaynakl\u0131 s\u00fclfit ve gluten i\u00e7erebilir. Kayna\u011f\u0131 whey proteini olan fenilalanin i\u00e7erir.Muz Aromal\u0131 \u00dcr\u00fcn \u0130\u00e7in\u0130\u00e7indekiler: Whey Protein Konsantre (Peynir Alt\u0131 Suyu Konsantresi), Kreatin Monohidrat, BCAA 4:1:1, Do\u011fala \u00d6zde\u015f Muz Aromas\u0131, Topaklanmay\u0131 \u00f6nleyiciler (Silikon Dioksit E551,Tri Kalsiyum Fosfat E341 (iii)). Alerjenler: S\u00fct \u00fcr\u00fcnleri i\u00e7erir. Aroma kaynakl\u0131 s\u00fclfit ve gluten i\u00e7erebilir. Kayna\u011f\u0131 whey proteini olan fenilalanin i\u00e7erir \u00dcR\u00dcN SAH\u0130B\u0130: DER\u0130NPAK \u0130\u00c7 ve DI\u015e T\u0130C. LTD. \u015eT\u0130.\u00dcRET\u0130C\u0130: D\u00dcAG Tar\u0131m Makine Bitkisel ve Mikrobiyolojik \u00dcr\u00fcnler Ara\u015ft\u0131rma ve Geli\u015ftirme San. Tic. Ltd. \u015eti.\u0130\u015eLETME KAYIT NO: TR-35-K-035184T\u00fcrk G\u0131da Kodeksi Sporcu G\u0131dalar\u0131 Tebli\u011fi\u2019ne uygun olarak \u00fcretilmi\u015ftir.Men\u015fe \u00fclke: T\u00fcrkiye\" \/>\n<meta property=\"og:url\" content=\"https:\/\/lifecenter.com.tr\/magaza\/urun\/west-whey-protein-tozu-2592-gr-72-servis-sase-shaker-hediye\/\" \/>\n<meta property=\"og:site_name\" content=\"Life Center Online Sat\u0131\u015f Ma\u011fazas\u0131\" \/>\n<meta property=\"article:modified_time\" content=\"2024-09-27T18:48:12+00:00\" \/>\n<meta property=\"og:image\" content=\"https:\/\/lifecenter.com.tr\/magaza\/wp-content\/uploads\/2023\/01\/west-prt.webp\" \/>\n\t<meta property=\"og:image:width\" content=\"589\" \/>\n\t<meta property=\"og:image:height\" content=\"589\" \/>\n\t<meta property=\"og:image:type\" content=\"image\/webp\" \/>\n<meta name=\"twitter:card\" content=\"summary_large_image\" \/>\n<meta name=\"twitter:label1\" content=\"Tahmini okuma s\u00fcresi\" \/>\n\t<meta name=\"twitter:data1\" content=\"1 dakika\" \/>\n<script type=\"application\/ld+json\" class=\"yoast-schema-graph\">{\"@context\":\"https:\/\/schema.org\",\"@graph\":[{\"@type\":\"WebPage\",\"@id\":\"https:\/\/lifecenter.com.tr\/magaza\/urun\/west-whey-protein-tozu-2592-gr-72-servis-sase-shaker-hediye\/\",\"url\":\"https:\/\/lifecenter.com.tr\/magaza\/urun\/west-whey-protein-tozu-2592-gr-72-servis-sase-shaker-hediye\/\",\"name\":\"WEST Whey Protein Tozu 2592 Gr 72 Servis \u015ease + SHAKER HED\u0130YE - Life Center Online Sat\u0131\u015f Ma\u011fazas\u0131\",\"isPartOf\":{\"@id\":\"https:\/\/lifecenter.com.tr\/magaza\/#website\"},\"primaryImageOfPage\":{\"@id\":\"https:\/\/lifecenter.com.tr\/magaza\/urun\/west-whey-protein-tozu-2592-gr-72-servis-sase-shaker-hediye\/#primaryimage\"},\"image\":{\"@id\":\"https:\/\/lifecenter.com.tr\/magaza\/urun\/west-whey-protein-tozu-2592-gr-72-servis-sase-shaker-hediye\/#primaryimage\"},\"thumbnailUrl\":\"https:\/\/lifecenter.com.tr\/magaza\/wp-content\/uploads\/2023\/01\/west-prt.webp\",\"datePublished\":\"2023-01-17T13:05:08+00:00\",\"dateModified\":\"2024-09-27T18:48:12+00:00\",\"breadcrumb\":{\"@id\":\"https:\/\/lifecenter.com.tr\/magaza\/urun\/west-whey-protein-tozu-2592-gr-72-servis-sase-shaker-hediye\/#breadcrumb\"},\"inLanguage\":\"tr\",\"potentialAction\":[{\"@type\":\"ReadAction\",\"target\":[\"https:\/\/lifecenter.com.tr\/magaza\/urun\/west-whey-protein-tozu-2592-gr-72-servis-sase-shaker-hediye\/\"]}]},{\"@type\":\"ImageObject\",\"inLanguage\":\"tr\",\"@id\":\"https:\/\/lifecenter.com.tr\/magaza\/urun\/west-whey-protein-tozu-2592-gr-72-servis-sase-shaker-hediye\/#primaryimage\",\"url\":\"https:\/\/lifecenter.com.tr\/magaza\/wp-content\/uploads\/2023\/01\/west-prt.webp\",\"contentUrl\":\"https:\/\/lifecenter.com.tr\/magaza\/wp-content\/uploads\/2023\/01\/west-prt.webp\",\"width\":589,\"height\":589},{\"@type\":\"BreadcrumbList\",\"@id\":\"https:\/\/lifecenter.com.tr\/magaza\/urun\/west-whey-protein-tozu-2592-gr-72-servis-sase-shaker-hediye\/#breadcrumb\",\"itemListElement\":[{\"@type\":\"ListItem\",\"position\":1,\"name\":\"Anasayfa\",\"item\":\"https:\/\/lifecenter.com.tr\/magaza\/\"},{\"@type\":\"ListItem\",\"position\":2,\"name\":\"Ma\u011faza\",\"item\":\"https:\/\/lifecenter.com.tr\/magaza\/magaza\/\"},{\"@type\":\"ListItem\",\"position\":3,\"name\":\"WEST Whey Protein Tozu 2592 Gr 72 Servis \u015ease + SHAKER HED\u0130YE\"}]},{\"@type\":\"WebSite\",\"@id\":\"https:\/\/lifecenter.com.tr\/magaza\/#website\",\"url\":\"https:\/\/lifecenter.com.tr\/magaza\/\",\"name\":\"Life Center Online Sat\u0131\u015f Ma\u011fazas\u0131\",\"description\":\"Proteinler, Sporcu Besinleri\",\"potentialAction\":[{\"@type\":\"SearchAction\",\"target\":{\"@type\":\"EntryPoint\",\"urlTemplate\":\"https:\/\/lifecenter.com.tr\/magaza\/?s={search_term_string}\"},\"query-input\":{\"@type\":\"PropertyValueSpecification\",\"valueRequired\":true,\"valueName\":\"search_term_string\"}}],\"inLanguage\":\"tr\"}]}<\/script>\n<!-- \/ Yoast SEO plugin. -->","yoast_head_json":{"title":"WEST Whey Protein Tozu 2592 Gr 72 Servis \u015ease + SHAKER HED\u0130YE - Life Center Online Sat\u0131\u015f Ma\u011fazas\u0131","robots":{"index":"index","follow":"follow","max-snippet":"max-snippet:-1","max-image-preview":"max-image-preview:large","max-video-preview":"max-video-preview:-1"},"canonical":"https:\/\/lifecenter.com.tr\/magaza\/urun\/west-whey-protein-tozu-2592-gr-72-servis-sase-shaker-hediye\/","og_locale":"tr_TR","og_type":"article","og_title":"WEST Whey Protein Tozu 2592 Gr 72 Servis \u015ease + SHAKER HED\u0130YE - Life Center Online Sat\u0131\u015f Ma\u011fazas\u0131","og_description":"Bir kutuda 4 farkl\u0131 aroma! \u00c7ikolata, \u00c7ilek, Kurabiye, Muz aromalar\u0131n\u0131n her birinden 18\u2019er tek kullan\u0131ml\u0131k paket bulunan 72\u2019li eko kutuTa\u015f\u0131ma kolayl\u0131\u011f\u0131 ve hijyen sa\u011flayan 72 tek kullan\u0131ml\u0131k paketWest Nutrition Whey Protein Tozu Form\u00fclasyonunda whey proteine ek olarak Kreatin Monohidrat, BCAA ve Glutamin aminoasitleri eklenmi\u015f ve 1 porsiyonda daha y\u00fcksek protein de\u011feri sunmak hedeflenmi\u015ftir.1 Servis (36 gr) i\u00e7erisinde; 26500 mg Protein, 6300 mg BCAA, 3500 mg Glutamin \u00d6nc\u00fcs\u00fc, 2450 mg Kreatin bulunmaktad\u0131r.WHEY KONSANTRES\u0130, Y\u00dcKSEK PROTEiNLi SPOR GIDASIDIR G\u0131dan\u0131n Net miktar\u0131: 2592 g \u2013 72 ServisKullan\u0131m \u015eekli: Antrenman \u00f6ncesi veya sonras\u0131 1 Paket (36g) 200ml su veya az ya\u011fl\u0131 s\u00fct ile kar\u0131\u015ft\u0131r\u0131larak g\u00fcnde 1-2 Paket (36g-72g) kullan\u0131l\u0131r.Uyar\u0131lar: B6 vitamini ile birlikte t\u00fcketilmesi tavsiye edilir. Bu g\u0131da yeterli ve dengeli bir diyetle birlikte t\u00fcketilmelidir, tek ba\u015f\u0131na b\u00fct\u00fcn besin \u00f6\u011feleri ihtiyac\u0131n\u0131 kar\u015f\u0131lamaz.Bu \u00fcr\u00fcnler hekim ve diyetisyen \u00f6nerilerine g\u00f6re kullan\u0131lmal\u0131d\u0131r. 15 Ya\u015f alt\u0131ndaki \u00e7ocuklar veya hamile ya da emziren kad\u0131nlar i\u00e7in tavsiye edilmez, sadece hekim veya diyetisyen g\u00f6zetiminde t\u00fcketebilirler.Bu g\u0131da Kreatin Monohidrat i\u00e7erir. Kreatin monohidrat baz\u0131 ki\u015filerde mide-ba\u011f\u0131rsak rahats\u0131zl\u0131\u011f\u0131na neden olabilir ve b\u00f6brek fonksiyonlar\u0131n\u0131 bozabilir.Muhafaza: A\u011fz\u0131 kapal\u0131 olarak serin ve kuru bir yerde, y\u00fcksek \u0131s\u0131dan, nemden ve g\u00fcne\u015f \u0131\u015f\u0131\u011f\u0131ndan koruyarak saklay\u0131n\u0131z.Kurabiye Aromal\u0131 \u00dcr\u00fcn \u0130\u00e7in\u0130\u00e7indekiler: Whey Protein Konsantre (Peynir Alt\u0131 Suyu Konsantresi), Kreatin Monohidrat, BCAA 4:1:1, Kurabiye Aromas\u0131, Topaklanmay\u0131 \u00f6nleyiciler (Silikon Dioksit E551,Tri Kalsiyum Fosfat E341 (iii)), Tatland\u0131r\u0131c\u0131 (Sukraloz E955). Alerjenler: S\u00fct \u00fcr\u00fcnleri i\u00e7erir. Aroma kaynakl\u0131 s\u00fclfit ve gluten i\u00e7erebilir. Kayna\u011f\u0131 whey proteini olan fenilalanin i\u00e7erir.\u00c7ikolata Aromal\u0131 \u00dcr\u00fcn \u0130\u00e7in\u0130\u00e7indekiler: Whey Protein Konsantre (Peynir Alt\u0131 Suyu Konsantresi), Kreatin Monohidrat, BCAA 4:1:1, Ya\u011f\u0131 Azalt\u0131lm\u0131\u015f Kakao Tozu, Do\u011fala \u00d6zde\u015f \u00c7ikolata Aromas\u0131, Topaklanmay\u0131 \u00f6nleyiciler (Silikon Dioksit E551,Tri Kalsiyum Fosfat E341 (iii)), Tatland\u0131r\u0131c\u0131 (Sukraloz E955). Alerjenler: S\u00fct \u00fcr\u00fcnleri i\u00e7erir. Aroma kaynakl\u0131 s\u00fclfit ve gluten i\u00e7erebilir. Kayna\u011f\u0131 whey proteini olan fenilalanin i\u00e7erir.\u00c7ilek Aromal\u0131 \u00dcr\u00fcn \u0130\u00e7in\u0130\u00e7indekiler: Whey Protein Konsantre (Peynir Alt\u0131 Suyu Konsantresi), Kreatin Monohidrat, BCAA 4:1:1, Do\u011fala \u00d6zde\u015f \u00c7ilek Aromas\u0131, Topaklanmay\u0131 \u00f6nleyiciler (Silikon Dioksit E551,Tri Kalsiyum Fosfat E341 (iii)), Renklendirici (Pancar K\u00f6k\u00fc K\u0131rm\u0131z\u0131s\u0131 E162), Tatland\u0131r\u0131c\u0131 (Sukraloz E955). Alerjenler: S\u00fct \u00fcr\u00fcnleri i\u00e7erir. Aroma kaynakl\u0131 s\u00fclfit ve gluten i\u00e7erebilir. Kayna\u011f\u0131 whey proteini olan fenilalanin i\u00e7erir.Muz Aromal\u0131 \u00dcr\u00fcn \u0130\u00e7in\u0130\u00e7indekiler: Whey Protein Konsantre (Peynir Alt\u0131 Suyu Konsantresi), Kreatin Monohidrat, BCAA 4:1:1, Do\u011fala \u00d6zde\u015f Muz Aromas\u0131, Topaklanmay\u0131 \u00f6nleyiciler (Silikon Dioksit E551,Tri Kalsiyum Fosfat E341 (iii)). Alerjenler: S\u00fct \u00fcr\u00fcnleri i\u00e7erir. Aroma kaynakl\u0131 s\u00fclfit ve gluten i\u00e7erebilir. Kayna\u011f\u0131 whey proteini olan fenilalanin i\u00e7erir \u00dcR\u00dcN SAH\u0130B\u0130: DER\u0130NPAK \u0130\u00c7 ve DI\u015e T\u0130C. LTD. \u015eT\u0130.\u00dcRET\u0130C\u0130: D\u00dcAG Tar\u0131m Makine Bitkisel ve Mikrobiyolojik \u00dcr\u00fcnler Ara\u015ft\u0131rma ve Geli\u015ftirme San. Tic. Ltd. \u015eti.\u0130\u015eLETME KAYIT NO: TR-35-K-035184T\u00fcrk G\u0131da Kodeksi Sporcu G\u0131dalar\u0131 Tebli\u011fi\u2019ne uygun olarak \u00fcretilmi\u015ftir.Men\u015fe \u00fclke: T\u00fcrkiye","og_url":"https:\/\/lifecenter.com.tr\/magaza\/urun\/west-whey-protein-tozu-2592-gr-72-servis-sase-shaker-hediye\/","og_site_name":"Life Center Online Sat\u0131\u015f Ma\u011fazas\u0131","article_modified_time":"2024-09-27T18:48:12+00:00","og_image":[{"width":589,"height":589,"url":"https:\/\/lifecenter.com.tr\/magaza\/wp-content\/uploads\/2023\/01\/west-prt.webp","type":"image\/webp"}],"twitter_card":"summary_large_image","twitter_misc":{"Tahmini okuma s\u00fcresi":"1 dakika"},"schema":{"@context":"https:\/\/schema.org","@graph":[{"@type":"WebPage","@id":"https:\/\/lifecenter.com.tr\/magaza\/urun\/west-whey-protein-tozu-2592-gr-72-servis-sase-shaker-hediye\/","url":"https:\/\/lifecenter.com.tr\/magaza\/urun\/west-whey-protein-tozu-2592-gr-72-servis-sase-shaker-hediye\/","name":"WEST Whey Protein Tozu 2592 Gr 72 Servis \u015ease + SHAKER HED\u0130YE - Life Center Online Sat\u0131\u015f Ma\u011fazas\u0131","isPartOf":{"@id":"https:\/\/lifecenter.com.tr\/magaza\/#website"},"primaryImageOfPage":{"@id":"https:\/\/lifecenter.com.tr\/magaza\/urun\/west-whey-protein-tozu-2592-gr-72-servis-sase-shaker-hediye\/#primaryimage"},"image":{"@id":"https:\/\/lifecenter.com.tr\/magaza\/urun\/west-whey-protein-tozu-2592-gr-72-servis-sase-shaker-hediye\/#primaryimage"},"thumbnailUrl":"https:\/\/lifecenter.com.tr\/magaza\/wp-content\/uploads\/2023\/01\/west-prt.webp","datePublished":"2023-01-17T13:05:08+00:00","dateModified":"2024-09-27T18:48:12+00:00","breadcrumb":{"@id":"https:\/\/lifecenter.com.tr\/magaza\/urun\/west-whey-protein-tozu-2592-gr-72-servis-sase-shaker-hediye\/#breadcrumb"},"inLanguage":"tr","potentialAction":[{"@type":"ReadAction","target":["https:\/\/lifecenter.com.tr\/magaza\/urun\/west-whey-protein-tozu-2592-gr-72-servis-sase-shaker-hediye\/"]}]},{"@type":"ImageObject","inLanguage":"tr","@id":"https:\/\/lifecenter.com.tr\/magaza\/urun\/west-whey-protein-tozu-2592-gr-72-servis-sase-shaker-hediye\/#primaryimage","url":"https:\/\/lifecenter.com.tr\/magaza\/wp-content\/uploads\/2023\/01\/west-prt.webp","contentUrl":"https:\/\/lifecenter.com.tr\/magaza\/wp-content\/uploads\/2023\/01\/west-prt.webp","width":589,"height":589},{"@type":"BreadcrumbList","@id":"https:\/\/lifecenter.com.tr\/magaza\/urun\/west-whey-protein-tozu-2592-gr-72-servis-sase-shaker-hediye\/#breadcrumb","itemListElement":[{"@type":"ListItem","position":1,"name":"Anasayfa","item":"https:\/\/lifecenter.com.tr\/magaza\/"},{"@type":"ListItem","position":2,"name":"Ma\u011faza","item":"https:\/\/lifecenter.com.tr\/magaza\/magaza\/"},{"@type":"ListItem","position":3,"name":"WEST Whey Protein Tozu 2592 Gr 72 Servis \u015ease + SHAKER HED\u0130YE"}]},{"@type":"WebSite","@id":"https:\/\/lifecenter.com.tr\/magaza\/#website","url":"https:\/\/lifecenter.com.tr\/magaza\/","name":"Life Center Online Sat\u0131\u015f Ma\u011fazas\u0131","description":"Proteinler, Sporcu Besinleri","potentialAction":[{"@type":"SearchAction","target":{"@type":"EntryPoint","urlTemplate":"https:\/\/lifecenter.com.tr\/magaza\/?s={search_term_string}"},"query-input":{"@type":"PropertyValueSpecification","valueRequired":true,"valueName":"search_term_string"}}],"inLanguage":"tr"}]}},"jetpack_sharing_enabled":true,"_links":{"self":[{"href":"https:\/\/lifecenter.com.tr\/magaza\/wp-json\/wp\/v2\/product\/12307","targetHints":{"allow":["GET"]}}],"collection":[{"href":"https:\/\/lifecenter.com.tr\/magaza\/wp-json\/wp\/v2\/product"}],"about":[{"href":"https:\/\/lifecenter.com.tr\/magaza\/wp-json\/wp\/v2\/types\/product"}],"replies":[{"embeddable":true,"href":"https:\/\/lifecenter.com.tr\/magaza\/wp-json\/wp\/v2\/comments?post=12307"}],"version-history":[{"count":1,"href":"https:\/\/lifecenter.com.tr\/magaza\/wp-json\/wp\/v2\/product\/12307\/revisions"}],"predecessor-version":[{"id":12309,"href":"https:\/\/lifecenter.com.tr\/magaza\/wp-json\/wp\/v2\/product\/12307\/revisions\/12309"}],"wp:featuredmedia":[{"embeddable":true,"href":"https:\/\/lifecenter.com.tr\/magaza\/wp-json\/wp\/v2\/media\/12308"}],"wp:attachment":[{"href":"https:\/\/lifecenter.com.tr\/magaza\/wp-json\/wp\/v2\/media?parent=12307"}],"wp:term":[{"taxonomy":"product_brand","embeddable":true,"href":"https:\/\/lifecenter.com.tr\/magaza\/wp-json\/wp\/v2\/product_brand?post=12307"},{"taxonomy":"product_cat","embeddable":true,"href":"https:\/\/lifecenter.com.tr\/magaza\/wp-json\/wp\/v2\/product_cat?post=12307"},{"taxonomy":"product_tag","embeddable":true,"href":"https:\/\/lifecenter.com.tr\/magaza\/wp-json\/wp\/v2\/product_tag?post=12307"}],"curies":[{"name":"wp","href":"https:\/\/api.w.org\/{rel}","templated":true}]}}