{"id":12371,"date":"2023-01-18T14:08:48","date_gmt":"2023-01-18T14:08:48","guid":{"rendered":"https:\/\/lifecenter.com.tr\/magaza\/?post_type=product&#038;p=12371"},"modified":"2026-01-31T15:15:24","modified_gmt":"2026-01-31T15:15:24","slug":"hardline-pro-gainer-3000-gr","status":"publish","type":"product","link":"https:\/\/lifecenter.com.tr\/magaza\/urun\/hardline-pro-gainer-3000-gr\/","title":{"rendered":"Hardline Pro Gainer 3000 gr"},"content":{"rendered":"<h2>YEN\u0130 FORM\u00dcL<\/h2>\n<p><strong>KULLANIM AMACI<\/strong>\u00a0Enerji sa\u011flar.<br \/>\nProtein kayna\u011f\u0131d\u0131r.<br \/>\nKarbonhidrat depolar\u0131n\u0131 art\u0131rmaya,<br \/>\nFiziksel aktivite sonras\u0131 toparlanmay\u0131 h\u0131zland\u0131rmaya yard\u0131mc\u0131 olur.<\/p>\n<p><strong>Her porsiyon:<\/strong><br \/>\n37.8 g protein<br \/>\n7009 mg Glutamin \u00f6nc\u00fcs\u00fc<br \/>\n6960 mg BCAA<br \/>\n2500 mg Kreatin monohidrat<br \/>\n1000 mg Taurin i\u00e7erir.<\/p>\n<p><strong>Progainer Nedir ?<\/strong><br \/>\nProgainer son bilimsel ara\u015ft\u0131rmalar \u0131\u015f\u0131\u011f\u0131nda form\u00fcle edilen, fiziksel aktivite \u00f6ncesi karbonhidrat depolar\u0131n\u0131 art\u0131rmaya ve fiziksel aktivite sonras\u0131 toparlanmay\u0131 h\u0131zland\u0131rmaya yard\u0131mc\u0131 \u00a0olur.<br \/>\nProgainer\u2019da protein olarak, biyolojik de\u011feri y\u00fcksek olan, ultrafiltre edilmi\u015f whey proteini ve bitkisel protein kullan\u0131lm\u0131\u015ft\u0131r. BCAA ve glutamin \u00f6nc\u00fcleri a\u00e7\u0131s\u0131ndan zengin olan whey proteini; arjinin a\u00e7\u0131s\u0131ndan zengin olan bitkisel protein i\u00e7erir.<br \/>\nProgainer&#8217;da karbonhidrat olarak Maltodekstrin ve Dekstroz kullan\u0131lmakta olup, sofra \u015fekeri ( Sakkaroz ) i\u00e7ermemektedir.<br \/>\nProgainer form\u00fcl\u00fc, B vitaminleri, C vitamini, Folik asit, Kalsiyum ve \u00c7inko ile zenginle\u015ftirilmi\u015f; Kreatin, L-Glutamin ve Taurin amino asit t\u00fcrevleri de ilave edilmi\u015ftir.<br \/>\n<strong>Ba\u015flang\u0131\u00e7 seviyesi;<\/strong><br \/>\nYeni ba\u015flayanlar al\u0131\u015fma d\u00f6neminde ( ilk 3 g\u00fcn) g\u00fcnde 4 kez 1 \u00f6l\u00e7ek \u00fcr\u00fcn\u00fc damak tad\u0131n\u0131za g\u00f6re ( 75-100 ml ) su veya s\u00fct ile kar\u0131\u015ft\u0131r\u0131larak \u00f6\u011f\u00fcn aralar\u0131nda kullan\u0131lmas\u0131 \u00f6nerilmektedir. Laktoz intolerans\u0131 olan ki\u015filer s\u00fctten dolay\u0131 rahats\u0131zl\u0131k ya\u015fayabilirler. Bu tip rahats\u0131zl\u0131k ya\u015fayanlar\u0131n su ile t\u00fcketmesi \u00f6nerilmektedir.<br \/>\n<strong>Sonras\u0131nda \u00f6nerilen kullan\u0131m \u015fekli;<\/strong>\u00a0<strong>Kullan\u0131m \u015eekli 1:<\/strong>\u00a01 porsiyon (200g,5 \u00f6l\u00e7ek) damak tad\u0131n\u0131za g\u00f6re 375 ml.-500 ml. su veya s\u00fct ile kar\u0131\u015ft\u0131r\u0131larak \u00f6\u011f\u00fcn aralar\u0131nda ve antrenmandan 60 dakika \u00f6nce veya hemen\u00a0sonra olmak \u00fczere g\u00fcnde 2 defa kullan\u0131l\u0131r.<br \/>\nLaktoz intolerans\u0131 olan ki\u015filer s\u00fctten dolay\u0131 rahats\u0131zl\u0131k ya\u015fayabilirler. Bu tip rahats\u0131zl\u0131k ya\u015fayanlar\u0131n su ile t\u00fcketmesi \u00f6nerilmektedir.<br \/>\n<strong>Kullan\u0131m \u015eekli 2:<\/strong>\u00a0\u00d6\u011f\u00fcnlerden sonra ve yatmadan \u00f6nce olmak \u00fczere g\u00fcnde 4 defa 2 \u00f6l\u00e7ek damak tad\u0131n\u0131za g\u00f6re 150-200 ml su veya s\u00fcte kar\u0131\u015ft\u0131r\u0131larak kullan\u0131l\u0131r.<br \/>\nLaktoz intolerans\u0131 olan ki\u015filer s\u00fctten dolay\u0131 rahats\u0131zl\u0131k ya\u015fayabilirler. Bu tip rahats\u0131zl\u0131k ya\u015fayanlar\u0131n su ile t\u00fcketmesi \u00f6nerilmektedir.<\/p>\n","protected":false},"excerpt":{"rendered":"<p>YEN\u0130 FORM\u00dcL KULLANIM AMACI\u00a0Enerji sa\u011flar. Protein kayna\u011f\u0131d\u0131r. Karbonhidrat depolar\u0131n\u0131 art\u0131rmaya, Fiziksel aktivite sonras\u0131 toparlanmay\u0131 h\u0131zland\u0131rmaya yard\u0131mc\u0131 olur. Her porsiyon: 37.8<\/p>\n","protected":false},"featured_media":12372,"comment_status":"open","ping_status":"closed","template":"","meta":[],"product_brand":[],"product_cat":[74,73],"product_tag":[93,102],"class_list":{"0":"post-12371","1":"product","2":"type-product","3":"status-publish","4":"has-post-thumbnail","6":"product_cat-genel","7":"product_cat-karbonhidratlar","8":"product_tag-gainer","9":"product_tag-hardline","10":"wcpa_has_options","12":"first","13":"instock","14":"shipping-taxable","15":"purchasable","16":"product-type-simple"},"yoast_head":"<!-- This site is optimized with the Yoast SEO plugin v26.8 - https:\/\/yoast.com\/product\/yoast-seo-wordpress\/ -->\n<title>Hardline Pro Gainer 3000 gr - Life Center Online Sat\u0131\u015f Ma\u011fazas\u0131<\/title>\n<meta name=\"robots\" content=\"index, follow, max-snippet:-1, max-image-preview:large, max-video-preview:-1\" \/>\n<link rel=\"canonical\" href=\"https:\/\/lifecenter.com.tr\/magaza\/urun\/hardline-pro-gainer-3000-gr\/\" \/>\n<meta property=\"og:locale\" content=\"tr_TR\" \/>\n<meta property=\"og:type\" content=\"article\" \/>\n<meta property=\"og:title\" content=\"Hardline Pro Gainer 3000 gr - Life Center Online Sat\u0131\u015f Ma\u011fazas\u0131\" \/>\n<meta property=\"og:description\" content=\"YEN\u0130 FORM\u00dcL KULLANIM AMACI\u00a0Enerji sa\u011flar. Protein kayna\u011f\u0131d\u0131r. Karbonhidrat depolar\u0131n\u0131 art\u0131rmaya, Fiziksel aktivite sonras\u0131 toparlanmay\u0131 h\u0131zland\u0131rmaya yard\u0131mc\u0131 olur. Her porsiyon: 37.8\" \/>\n<meta property=\"og:url\" content=\"https:\/\/lifecenter.com.tr\/magaza\/urun\/hardline-pro-gainer-3000-gr\/\" \/>\n<meta property=\"og:site_name\" content=\"Life Center Online Sat\u0131\u015f Ma\u011fazas\u0131\" \/>\n<meta property=\"article:modified_time\" content=\"2026-01-31T15:15:24+00:00\" \/>\n<meta property=\"og:image\" content=\"https:\/\/lifecenter.com.tr\/magaza\/wp-content\/uploads\/2023\/01\/progainer_3d_04-600x600-1.png\" \/>\n\t<meta property=\"og:image:width\" content=\"600\" \/>\n\t<meta property=\"og:image:height\" content=\"600\" \/>\n\t<meta property=\"og:image:type\" content=\"image\/png\" \/>\n<meta name=\"twitter:card\" content=\"summary_large_image\" \/>\n<meta name=\"twitter:label1\" content=\"Tahmini okuma s\u00fcresi\" \/>\n\t<meta name=\"twitter:data1\" content=\"2 dakika\" \/>\n<script type=\"application\/ld+json\" class=\"yoast-schema-graph\">{\"@context\":\"https:\/\/schema.org\",\"@graph\":[{\"@type\":\"WebPage\",\"@id\":\"https:\/\/lifecenter.com.tr\/magaza\/urun\/hardline-pro-gainer-3000-gr\/\",\"url\":\"https:\/\/lifecenter.com.tr\/magaza\/urun\/hardline-pro-gainer-3000-gr\/\",\"name\":\"Hardline Pro Gainer 3000 gr - Life Center Online Sat\u0131\u015f Ma\u011fazas\u0131\",\"isPartOf\":{\"@id\":\"https:\/\/lifecenter.com.tr\/magaza\/#website\"},\"primaryImageOfPage\":{\"@id\":\"https:\/\/lifecenter.com.tr\/magaza\/urun\/hardline-pro-gainer-3000-gr\/#primaryimage\"},\"image\":{\"@id\":\"https:\/\/lifecenter.com.tr\/magaza\/urun\/hardline-pro-gainer-3000-gr\/#primaryimage\"},\"thumbnailUrl\":\"https:\/\/lifecenter.com.tr\/magaza\/wp-content\/uploads\/2023\/01\/progainer_3d_04-600x600-1.png\",\"datePublished\":\"2023-01-18T14:08:48+00:00\",\"dateModified\":\"2026-01-31T15:15:24+00:00\",\"breadcrumb\":{\"@id\":\"https:\/\/lifecenter.com.tr\/magaza\/urun\/hardline-pro-gainer-3000-gr\/#breadcrumb\"},\"inLanguage\":\"tr\",\"potentialAction\":[{\"@type\":\"ReadAction\",\"target\":[\"https:\/\/lifecenter.com.tr\/magaza\/urun\/hardline-pro-gainer-3000-gr\/\"]}]},{\"@type\":\"ImageObject\",\"inLanguage\":\"tr\",\"@id\":\"https:\/\/lifecenter.com.tr\/magaza\/urun\/hardline-pro-gainer-3000-gr\/#primaryimage\",\"url\":\"https:\/\/lifecenter.com.tr\/magaza\/wp-content\/uploads\/2023\/01\/progainer_3d_04-600x600-1.png\",\"contentUrl\":\"https:\/\/lifecenter.com.tr\/magaza\/wp-content\/uploads\/2023\/01\/progainer_3d_04-600x600-1.png\",\"width\":600,\"height\":600},{\"@type\":\"BreadcrumbList\",\"@id\":\"https:\/\/lifecenter.com.tr\/magaza\/urun\/hardline-pro-gainer-3000-gr\/#breadcrumb\",\"itemListElement\":[{\"@type\":\"ListItem\",\"position\":1,\"name\":\"Anasayfa\",\"item\":\"https:\/\/lifecenter.com.tr\/magaza\/\"},{\"@type\":\"ListItem\",\"position\":2,\"name\":\"Ma\u011faza\",\"item\":\"https:\/\/lifecenter.com.tr\/magaza\/magaza\/\"},{\"@type\":\"ListItem\",\"position\":3,\"name\":\"Hardline Pro Gainer 3000 gr\"}]},{\"@type\":\"WebSite\",\"@id\":\"https:\/\/lifecenter.com.tr\/magaza\/#website\",\"url\":\"https:\/\/lifecenter.com.tr\/magaza\/\",\"name\":\"Life Center Online Sat\u0131\u015f Ma\u011fazas\u0131\",\"description\":\"Proteinler, Sporcu Besinleri\",\"potentialAction\":[{\"@type\":\"SearchAction\",\"target\":{\"@type\":\"EntryPoint\",\"urlTemplate\":\"https:\/\/lifecenter.com.tr\/magaza\/?s={search_term_string}\"},\"query-input\":{\"@type\":\"PropertyValueSpecification\",\"valueRequired\":true,\"valueName\":\"search_term_string\"}}],\"inLanguage\":\"tr\"}]}<\/script>\n<!-- \/ Yoast SEO plugin. -->","yoast_head_json":{"title":"Hardline Pro Gainer 3000 gr - Life Center Online Sat\u0131\u015f Ma\u011fazas\u0131","robots":{"index":"index","follow":"follow","max-snippet":"max-snippet:-1","max-image-preview":"max-image-preview:large","max-video-preview":"max-video-preview:-1"},"canonical":"https:\/\/lifecenter.com.tr\/magaza\/urun\/hardline-pro-gainer-3000-gr\/","og_locale":"tr_TR","og_type":"article","og_title":"Hardline Pro Gainer 3000 gr - Life Center Online Sat\u0131\u015f Ma\u011fazas\u0131","og_description":"YEN\u0130 FORM\u00dcL KULLANIM AMACI\u00a0Enerji sa\u011flar. Protein kayna\u011f\u0131d\u0131r. Karbonhidrat depolar\u0131n\u0131 art\u0131rmaya, Fiziksel aktivite sonras\u0131 toparlanmay\u0131 h\u0131zland\u0131rmaya yard\u0131mc\u0131 olur. Her porsiyon: 37.8","og_url":"https:\/\/lifecenter.com.tr\/magaza\/urun\/hardline-pro-gainer-3000-gr\/","og_site_name":"Life Center Online Sat\u0131\u015f Ma\u011fazas\u0131","article_modified_time":"2026-01-31T15:15:24+00:00","og_image":[{"width":600,"height":600,"url":"https:\/\/lifecenter.com.tr\/magaza\/wp-content\/uploads\/2023\/01\/progainer_3d_04-600x600-1.png","type":"image\/png"}],"twitter_card":"summary_large_image","twitter_misc":{"Tahmini okuma s\u00fcresi":"2 dakika"},"schema":{"@context":"https:\/\/schema.org","@graph":[{"@type":"WebPage","@id":"https:\/\/lifecenter.com.tr\/magaza\/urun\/hardline-pro-gainer-3000-gr\/","url":"https:\/\/lifecenter.com.tr\/magaza\/urun\/hardline-pro-gainer-3000-gr\/","name":"Hardline Pro Gainer 3000 gr - Life Center Online Sat\u0131\u015f Ma\u011fazas\u0131","isPartOf":{"@id":"https:\/\/lifecenter.com.tr\/magaza\/#website"},"primaryImageOfPage":{"@id":"https:\/\/lifecenter.com.tr\/magaza\/urun\/hardline-pro-gainer-3000-gr\/#primaryimage"},"image":{"@id":"https:\/\/lifecenter.com.tr\/magaza\/urun\/hardline-pro-gainer-3000-gr\/#primaryimage"},"thumbnailUrl":"https:\/\/lifecenter.com.tr\/magaza\/wp-content\/uploads\/2023\/01\/progainer_3d_04-600x600-1.png","datePublished":"2023-01-18T14:08:48+00:00","dateModified":"2026-01-31T15:15:24+00:00","breadcrumb":{"@id":"https:\/\/lifecenter.com.tr\/magaza\/urun\/hardline-pro-gainer-3000-gr\/#breadcrumb"},"inLanguage":"tr","potentialAction":[{"@type":"ReadAction","target":["https:\/\/lifecenter.com.tr\/magaza\/urun\/hardline-pro-gainer-3000-gr\/"]}]},{"@type":"ImageObject","inLanguage":"tr","@id":"https:\/\/lifecenter.com.tr\/magaza\/urun\/hardline-pro-gainer-3000-gr\/#primaryimage","url":"https:\/\/lifecenter.com.tr\/magaza\/wp-content\/uploads\/2023\/01\/progainer_3d_04-600x600-1.png","contentUrl":"https:\/\/lifecenter.com.tr\/magaza\/wp-content\/uploads\/2023\/01\/progainer_3d_04-600x600-1.png","width":600,"height":600},{"@type":"BreadcrumbList","@id":"https:\/\/lifecenter.com.tr\/magaza\/urun\/hardline-pro-gainer-3000-gr\/#breadcrumb","itemListElement":[{"@type":"ListItem","position":1,"name":"Anasayfa","item":"https:\/\/lifecenter.com.tr\/magaza\/"},{"@type":"ListItem","position":2,"name":"Ma\u011faza","item":"https:\/\/lifecenter.com.tr\/magaza\/magaza\/"},{"@type":"ListItem","position":3,"name":"Hardline Pro Gainer 3000 gr"}]},{"@type":"WebSite","@id":"https:\/\/lifecenter.com.tr\/magaza\/#website","url":"https:\/\/lifecenter.com.tr\/magaza\/","name":"Life Center Online Sat\u0131\u015f Ma\u011fazas\u0131","description":"Proteinler, Sporcu Besinleri","potentialAction":[{"@type":"SearchAction","target":{"@type":"EntryPoint","urlTemplate":"https:\/\/lifecenter.com.tr\/magaza\/?s={search_term_string}"},"query-input":{"@type":"PropertyValueSpecification","valueRequired":true,"valueName":"search_term_string"}}],"inLanguage":"tr"}]}},"jetpack_sharing_enabled":true,"_links":{"self":[{"href":"https:\/\/lifecenter.com.tr\/magaza\/wp-json\/wp\/v2\/product\/12371","targetHints":{"allow":["GET"]}}],"collection":[{"href":"https:\/\/lifecenter.com.tr\/magaza\/wp-json\/wp\/v2\/product"}],"about":[{"href":"https:\/\/lifecenter.com.tr\/magaza\/wp-json\/wp\/v2\/types\/product"}],"replies":[{"embeddable":true,"href":"https:\/\/lifecenter.com.tr\/magaza\/wp-json\/wp\/v2\/comments?post=12371"}],"version-history":[{"count":1,"href":"https:\/\/lifecenter.com.tr\/magaza\/wp-json\/wp\/v2\/product\/12371\/revisions"}],"predecessor-version":[{"id":12373,"href":"https:\/\/lifecenter.com.tr\/magaza\/wp-json\/wp\/v2\/product\/12371\/revisions\/12373"}],"wp:featuredmedia":[{"embeddable":true,"href":"https:\/\/lifecenter.com.tr\/magaza\/wp-json\/wp\/v2\/media\/12372"}],"wp:attachment":[{"href":"https:\/\/lifecenter.com.tr\/magaza\/wp-json\/wp\/v2\/media?parent=12371"}],"wp:term":[{"taxonomy":"product_brand","embeddable":true,"href":"https:\/\/lifecenter.com.tr\/magaza\/wp-json\/wp\/v2\/product_brand?post=12371"},{"taxonomy":"product_cat","embeddable":true,"href":"https:\/\/lifecenter.com.tr\/magaza\/wp-json\/wp\/v2\/product_cat?post=12371"},{"taxonomy":"product_tag","embeddable":true,"href":"https:\/\/lifecenter.com.tr\/magaza\/wp-json\/wp\/v2\/product_tag?post=12371"}],"curies":[{"name":"wp","href":"https:\/\/api.w.org\/{rel}","templated":true}]}}