{"id":12380,"date":"2023-01-18T15:05:16","date_gmt":"2023-01-18T15:05:16","guid":{"rendered":"https:\/\/lifecenter.com.tr\/magaza\/?post_type=product&#038;p=12380"},"modified":"2025-12-17T11:39:07","modified_gmt":"2025-12-17T11:39:07","slug":"trec-nutrition-100-creatine-monohydrate-300-gr","status":"publish","type":"product","link":"https:\/\/lifecenter.com.tr\/magaza\/urun\/trec-nutrition-100-creatine-monohydrate-300-gr\/","title":{"rendered":"Trec Nutrition 100 Creatine Monohydrate 300 gr"},"content":{"rendered":"","protected":false},"excerpt":{"rendered":"<p style=\"font-weight: 400;\"><strong>Trec Nutrition %100 Creatine \u00d6zellikleri<\/strong><\/p>\n<p style=\"font-weight: 400;\">\n<p style=\"font-weight: 400;\">-Maksimum hacim, G\u00fc\u00e7 ve Dayan\u0131kl\u0131l\u0131k!<\/p>\n<p style=\"font-weight: 400;\">-H\u0131zl\u0131 kas hacim art\u0131\u015f\u0131<\/p>\n<p style=\"font-weight: 400;\">&#8211; En iyi durumu korumaya yard\u0131mc\u0131 olur<\/p>\n<p style=\"font-weight: 400;\">-100% kreatin monohidrat<\/p>\n<p style=\"font-weight: 400;\">TREC CREATINE 100%, en kaliteli safl\u0131kta kreatin monohidrat tozunu i\u00e7erir.\u00a0\u00dcr\u00fcn, kreatinin kaslara ta\u015f\u0131nmas\u0131n\u0131 iyile\u015ftiren C vitamini ve sodyum ile desteklenmi\u015ftir.\u00a0CREATINE 100%, k\u0131sa s\u00fcreli, y\u00fcksek yo\u011funluklu egzersizin ard\u0131\u015f\u0131k patlamalar\u0131nda fiziksel performans\u0131 art\u0131r\u0131r.\u00a0Yararl\u0131 etki, g\u00fcnl\u00fck 3 g kreatin al\u0131m\u0131 ile elde edilir.\u00a0CREATINE 100%, \u00f6zellikle g\u00fc\u00e7 ve h\u0131z-g\u00fc\u00e7 disiplinlerinde uzmanla\u015fm\u0131\u015f sporcularda, en iyi kondisyonun korunmas\u0131na yard\u0131mc\u0131 olan bir form\u00fcl olarak \u00f6nerilir.<\/p>\n<p style=\"font-weight: 400;\"><strong>Trec Nutrition Creatine Kullan\u0131m\u0131<\/strong><\/p>\n<p style=\"font-weight: 400;\">G\u00fcnde 1 porsiyon (1 \u00f6l\u00e7ek 5 gr) toz \u00fcr\u00fcn\u00fc tercihen antrenmandan \u00f6nce veya antrenman sonra 150 ml su ile t\u00fcketiniz.<\/p>\n<p style=\"font-weight: 400;\">\n","protected":false},"featured_media":12381,"comment_status":"open","ping_status":"closed","template":"","meta":[],"product_brand":[],"product_cat":[76],"product_tag":[],"class_list":{"0":"post-12380","1":"product","2":"type-product","3":"status-publish","4":"has-post-thumbnail","6":"product_cat-creatine","7":"wcpa_has_options","9":"first","10":"instock","11":"shipping-taxable","12":"purchasable","13":"product-type-simple"},"yoast_head":"<!-- This site is optimized with the Yoast SEO plugin v26.8 - https:\/\/yoast.com\/product\/yoast-seo-wordpress\/ -->\n<title>Trec Nutrition 100 Creatine Monohydrate 300 gr - Life Center Online Sat\u0131\u015f Ma\u011fazas\u0131<\/title>\n<meta name=\"robots\" content=\"index, follow, max-snippet:-1, max-image-preview:large, max-video-preview:-1\" \/>\n<link rel=\"canonical\" href=\"https:\/\/lifecenter.com.tr\/magaza\/urun\/trec-nutrition-100-creatine-monohydrate-300-gr\/\" \/>\n<meta property=\"og:locale\" content=\"tr_TR\" \/>\n<meta property=\"og:type\" content=\"article\" \/>\n<meta property=\"og:title\" content=\"Trec Nutrition 100 Creatine Monohydrate 300 gr - Life Center Online Sat\u0131\u015f Ma\u011fazas\u0131\" \/>\n<meta property=\"og:description\" content=\"Trec Nutrition %100 Creatine \u00d6zellikleri  -Maksimum hacim, G\u00fc\u00e7 ve Dayan\u0131kl\u0131l\u0131k! -H\u0131zl\u0131 kas hacim art\u0131\u015f\u0131 - En iyi durumu korumaya yard\u0131mc\u0131 olur -100% kreatin monohidrat TREC CREATINE 100%, en kaliteli safl\u0131kta kreatin monohidrat tozunu i\u00e7erir.\u00a0\u00dcr\u00fcn, kreatinin kaslara ta\u015f\u0131nmas\u0131n\u0131 iyile\u015ftiren C vitamini ve sodyum ile desteklenmi\u015ftir.\u00a0CREATINE 100%, k\u0131sa s\u00fcreli, y\u00fcksek yo\u011funluklu egzersizin ard\u0131\u015f\u0131k patlamalar\u0131nda fiziksel performans\u0131 art\u0131r\u0131r.\u00a0Yararl\u0131 etki, g\u00fcnl\u00fck 3 g kreatin al\u0131m\u0131 ile elde edilir.\u00a0CREATINE 100%, \u00f6zellikle g\u00fc\u00e7 ve h\u0131z-g\u00fc\u00e7 disiplinlerinde uzmanla\u015fm\u0131\u015f sporcularda, en iyi kondisyonun korunmas\u0131na yard\u0131mc\u0131 olan bir form\u00fcl olarak \u00f6nerilir. Trec Nutrition Creatine Kullan\u0131m\u0131 G\u00fcnde 1 porsiyon (1 \u00f6l\u00e7ek 5 gr) toz \u00fcr\u00fcn\u00fc tercihen antrenmandan \u00f6nce veya antrenman sonra 150 ml su ile t\u00fcketiniz.\" \/>\n<meta property=\"og:url\" content=\"https:\/\/lifecenter.com.tr\/magaza\/urun\/trec-nutrition-100-creatine-monohydrate-300-gr\/\" \/>\n<meta property=\"og:site_name\" content=\"Life Center Online Sat\u0131\u015f Ma\u011fazas\u0131\" \/>\n<meta property=\"article:modified_time\" content=\"2025-12-17T11:39:07+00:00\" \/>\n<meta property=\"og:image\" content=\"https:\/\/lifecenter.com.tr\/magaza\/wp-content\/uploads\/2023\/01\/6366476283869.webp\" \/>\n\t<meta property=\"og:image:width\" content=\"592\" \/>\n\t<meta property=\"og:image:height\" content=\"889\" \/>\n\t<meta property=\"og:image:type\" content=\"image\/webp\" \/>\n<meta name=\"twitter:card\" content=\"summary_large_image\" \/>\n<meta name=\"twitter:label1\" content=\"Tahmini okuma s\u00fcresi\" \/>\n\t<meta name=\"twitter:data1\" content=\"1 dakika\" \/>\n<script type=\"application\/ld+json\" class=\"yoast-schema-graph\">{\"@context\":\"https:\/\/schema.org\",\"@graph\":[{\"@type\":\"WebPage\",\"@id\":\"https:\/\/lifecenter.com.tr\/magaza\/urun\/trec-nutrition-100-creatine-monohydrate-300-gr\/\",\"url\":\"https:\/\/lifecenter.com.tr\/magaza\/urun\/trec-nutrition-100-creatine-monohydrate-300-gr\/\",\"name\":\"Trec Nutrition 100 Creatine Monohydrate 300 gr - Life Center Online Sat\u0131\u015f Ma\u011fazas\u0131\",\"isPartOf\":{\"@id\":\"https:\/\/lifecenter.com.tr\/magaza\/#website\"},\"primaryImageOfPage\":{\"@id\":\"https:\/\/lifecenter.com.tr\/magaza\/urun\/trec-nutrition-100-creatine-monohydrate-300-gr\/#primaryimage\"},\"image\":{\"@id\":\"https:\/\/lifecenter.com.tr\/magaza\/urun\/trec-nutrition-100-creatine-monohydrate-300-gr\/#primaryimage\"},\"thumbnailUrl\":\"https:\/\/lifecenter.com.tr\/magaza\/wp-content\/uploads\/2023\/01\/6366476283869.webp\",\"datePublished\":\"2023-01-18T15:05:16+00:00\",\"dateModified\":\"2025-12-17T11:39:07+00:00\",\"breadcrumb\":{\"@id\":\"https:\/\/lifecenter.com.tr\/magaza\/urun\/trec-nutrition-100-creatine-monohydrate-300-gr\/#breadcrumb\"},\"inLanguage\":\"tr\",\"potentialAction\":[{\"@type\":\"ReadAction\",\"target\":[\"https:\/\/lifecenter.com.tr\/magaza\/urun\/trec-nutrition-100-creatine-monohydrate-300-gr\/\"]}]},{\"@type\":\"ImageObject\",\"inLanguage\":\"tr\",\"@id\":\"https:\/\/lifecenter.com.tr\/magaza\/urun\/trec-nutrition-100-creatine-monohydrate-300-gr\/#primaryimage\",\"url\":\"https:\/\/lifecenter.com.tr\/magaza\/wp-content\/uploads\/2023\/01\/6366476283869.webp\",\"contentUrl\":\"https:\/\/lifecenter.com.tr\/magaza\/wp-content\/uploads\/2023\/01\/6366476283869.webp\",\"width\":592,\"height\":889},{\"@type\":\"BreadcrumbList\",\"@id\":\"https:\/\/lifecenter.com.tr\/magaza\/urun\/trec-nutrition-100-creatine-monohydrate-300-gr\/#breadcrumb\",\"itemListElement\":[{\"@type\":\"ListItem\",\"position\":1,\"name\":\"Anasayfa\",\"item\":\"https:\/\/lifecenter.com.tr\/magaza\/\"},{\"@type\":\"ListItem\",\"position\":2,\"name\":\"Ma\u011faza\",\"item\":\"https:\/\/lifecenter.com.tr\/magaza\/magaza\/\"},{\"@type\":\"ListItem\",\"position\":3,\"name\":\"Trec Nutrition 100 Creatine Monohydrate 300 gr\"}]},{\"@type\":\"WebSite\",\"@id\":\"https:\/\/lifecenter.com.tr\/magaza\/#website\",\"url\":\"https:\/\/lifecenter.com.tr\/magaza\/\",\"name\":\"Life Center Online Sat\u0131\u015f Ma\u011fazas\u0131\",\"description\":\"Proteinler, Sporcu Besinleri\",\"potentialAction\":[{\"@type\":\"SearchAction\",\"target\":{\"@type\":\"EntryPoint\",\"urlTemplate\":\"https:\/\/lifecenter.com.tr\/magaza\/?s={search_term_string}\"},\"query-input\":{\"@type\":\"PropertyValueSpecification\",\"valueRequired\":true,\"valueName\":\"search_term_string\"}}],\"inLanguage\":\"tr\"}]}<\/script>\n<!-- \/ Yoast SEO plugin. -->","yoast_head_json":{"title":"Trec Nutrition 100 Creatine Monohydrate 300 gr - Life Center Online Sat\u0131\u015f Ma\u011fazas\u0131","robots":{"index":"index","follow":"follow","max-snippet":"max-snippet:-1","max-image-preview":"max-image-preview:large","max-video-preview":"max-video-preview:-1"},"canonical":"https:\/\/lifecenter.com.tr\/magaza\/urun\/trec-nutrition-100-creatine-monohydrate-300-gr\/","og_locale":"tr_TR","og_type":"article","og_title":"Trec Nutrition 100 Creatine Monohydrate 300 gr - Life Center Online Sat\u0131\u015f Ma\u011fazas\u0131","og_description":"Trec Nutrition %100 Creatine \u00d6zellikleri  -Maksimum hacim, G\u00fc\u00e7 ve Dayan\u0131kl\u0131l\u0131k! -H\u0131zl\u0131 kas hacim art\u0131\u015f\u0131 - En iyi durumu korumaya yard\u0131mc\u0131 olur -100% kreatin monohidrat TREC CREATINE 100%, en kaliteli safl\u0131kta kreatin monohidrat tozunu i\u00e7erir.\u00a0\u00dcr\u00fcn, kreatinin kaslara ta\u015f\u0131nmas\u0131n\u0131 iyile\u015ftiren C vitamini ve sodyum ile desteklenmi\u015ftir.\u00a0CREATINE 100%, k\u0131sa s\u00fcreli, y\u00fcksek yo\u011funluklu egzersizin ard\u0131\u015f\u0131k patlamalar\u0131nda fiziksel performans\u0131 art\u0131r\u0131r.\u00a0Yararl\u0131 etki, g\u00fcnl\u00fck 3 g kreatin al\u0131m\u0131 ile elde edilir.\u00a0CREATINE 100%, \u00f6zellikle g\u00fc\u00e7 ve h\u0131z-g\u00fc\u00e7 disiplinlerinde uzmanla\u015fm\u0131\u015f sporcularda, en iyi kondisyonun korunmas\u0131na yard\u0131mc\u0131 olan bir form\u00fcl olarak \u00f6nerilir. Trec Nutrition Creatine Kullan\u0131m\u0131 G\u00fcnde 1 porsiyon (1 \u00f6l\u00e7ek 5 gr) toz \u00fcr\u00fcn\u00fc tercihen antrenmandan \u00f6nce veya antrenman sonra 150 ml su ile t\u00fcketiniz.","og_url":"https:\/\/lifecenter.com.tr\/magaza\/urun\/trec-nutrition-100-creatine-monohydrate-300-gr\/","og_site_name":"Life Center Online Sat\u0131\u015f Ma\u011fazas\u0131","article_modified_time":"2025-12-17T11:39:07+00:00","og_image":[{"width":592,"height":889,"url":"https:\/\/lifecenter.com.tr\/magaza\/wp-content\/uploads\/2023\/01\/6366476283869.webp","type":"image\/webp"}],"twitter_card":"summary_large_image","twitter_misc":{"Tahmini okuma s\u00fcresi":"1 dakika"},"schema":{"@context":"https:\/\/schema.org","@graph":[{"@type":"WebPage","@id":"https:\/\/lifecenter.com.tr\/magaza\/urun\/trec-nutrition-100-creatine-monohydrate-300-gr\/","url":"https:\/\/lifecenter.com.tr\/magaza\/urun\/trec-nutrition-100-creatine-monohydrate-300-gr\/","name":"Trec Nutrition 100 Creatine Monohydrate 300 gr - Life Center Online Sat\u0131\u015f Ma\u011fazas\u0131","isPartOf":{"@id":"https:\/\/lifecenter.com.tr\/magaza\/#website"},"primaryImageOfPage":{"@id":"https:\/\/lifecenter.com.tr\/magaza\/urun\/trec-nutrition-100-creatine-monohydrate-300-gr\/#primaryimage"},"image":{"@id":"https:\/\/lifecenter.com.tr\/magaza\/urun\/trec-nutrition-100-creatine-monohydrate-300-gr\/#primaryimage"},"thumbnailUrl":"https:\/\/lifecenter.com.tr\/magaza\/wp-content\/uploads\/2023\/01\/6366476283869.webp","datePublished":"2023-01-18T15:05:16+00:00","dateModified":"2025-12-17T11:39:07+00:00","breadcrumb":{"@id":"https:\/\/lifecenter.com.tr\/magaza\/urun\/trec-nutrition-100-creatine-monohydrate-300-gr\/#breadcrumb"},"inLanguage":"tr","potentialAction":[{"@type":"ReadAction","target":["https:\/\/lifecenter.com.tr\/magaza\/urun\/trec-nutrition-100-creatine-monohydrate-300-gr\/"]}]},{"@type":"ImageObject","inLanguage":"tr","@id":"https:\/\/lifecenter.com.tr\/magaza\/urun\/trec-nutrition-100-creatine-monohydrate-300-gr\/#primaryimage","url":"https:\/\/lifecenter.com.tr\/magaza\/wp-content\/uploads\/2023\/01\/6366476283869.webp","contentUrl":"https:\/\/lifecenter.com.tr\/magaza\/wp-content\/uploads\/2023\/01\/6366476283869.webp","width":592,"height":889},{"@type":"BreadcrumbList","@id":"https:\/\/lifecenter.com.tr\/magaza\/urun\/trec-nutrition-100-creatine-monohydrate-300-gr\/#breadcrumb","itemListElement":[{"@type":"ListItem","position":1,"name":"Anasayfa","item":"https:\/\/lifecenter.com.tr\/magaza\/"},{"@type":"ListItem","position":2,"name":"Ma\u011faza","item":"https:\/\/lifecenter.com.tr\/magaza\/magaza\/"},{"@type":"ListItem","position":3,"name":"Trec Nutrition 100 Creatine Monohydrate 300 gr"}]},{"@type":"WebSite","@id":"https:\/\/lifecenter.com.tr\/magaza\/#website","url":"https:\/\/lifecenter.com.tr\/magaza\/","name":"Life Center Online Sat\u0131\u015f Ma\u011fazas\u0131","description":"Proteinler, Sporcu Besinleri","potentialAction":[{"@type":"SearchAction","target":{"@type":"EntryPoint","urlTemplate":"https:\/\/lifecenter.com.tr\/magaza\/?s={search_term_string}"},"query-input":{"@type":"PropertyValueSpecification","valueRequired":true,"valueName":"search_term_string"}}],"inLanguage":"tr"}]}},"jetpack_sharing_enabled":true,"_links":{"self":[{"href":"https:\/\/lifecenter.com.tr\/magaza\/wp-json\/wp\/v2\/product\/12380","targetHints":{"allow":["GET"]}}],"collection":[{"href":"https:\/\/lifecenter.com.tr\/magaza\/wp-json\/wp\/v2\/product"}],"about":[{"href":"https:\/\/lifecenter.com.tr\/magaza\/wp-json\/wp\/v2\/types\/product"}],"replies":[{"embeddable":true,"href":"https:\/\/lifecenter.com.tr\/magaza\/wp-json\/wp\/v2\/comments?post=12380"}],"version-history":[{"count":2,"href":"https:\/\/lifecenter.com.tr\/magaza\/wp-json\/wp\/v2\/product\/12380\/revisions"}],"predecessor-version":[{"id":12383,"href":"https:\/\/lifecenter.com.tr\/magaza\/wp-json\/wp\/v2\/product\/12380\/revisions\/12383"}],"wp:featuredmedia":[{"embeddable":true,"href":"https:\/\/lifecenter.com.tr\/magaza\/wp-json\/wp\/v2\/media\/12381"}],"wp:attachment":[{"href":"https:\/\/lifecenter.com.tr\/magaza\/wp-json\/wp\/v2\/media?parent=12380"}],"wp:term":[{"taxonomy":"product_brand","embeddable":true,"href":"https:\/\/lifecenter.com.tr\/magaza\/wp-json\/wp\/v2\/product_brand?post=12380"},{"taxonomy":"product_cat","embeddable":true,"href":"https:\/\/lifecenter.com.tr\/magaza\/wp-json\/wp\/v2\/product_cat?post=12380"},{"taxonomy":"product_tag","embeddable":true,"href":"https:\/\/lifecenter.com.tr\/magaza\/wp-json\/wp\/v2\/product_tag?post=12380"}],"curies":[{"name":"wp","href":"https:\/\/api.w.org\/{rel}","templated":true}]}}