{"id":12401,"date":"2023-01-19T14:18:49","date_gmt":"2023-01-19T14:18:49","guid":{"rendered":"https:\/\/lifecenter.com.tr\/magaza\/?post_type=product&#038;p=12401"},"modified":"2026-02-24T09:42:35","modified_gmt":"2026-02-24T09:42:35","slug":"big-joy-crea-big-micronized-creatine-powder-300-gr","status":"publish","type":"product","link":"https:\/\/lifecenter.com.tr\/magaza\/urun\/big-joy-crea-big-micronized-creatine-powder-300-gr\/","title":{"rendered":"Big Joy Crea Big Micronized Creatine Powder 300 Gr"},"content":{"rendered":"","protected":false},"excerpt":{"rendered":"<h2><strong>Big Joy Crea Big Micronized Creatine Nedir?\u00a0<\/strong><\/h2>\n<p>Big Joy Crea Big Micronized Creatine toz formda olan saf kreatin monohidrat i\u00e7eren bir kreatin \u00fcr\u00fcn\u00fcd\u00fcr.<\/p>\n<p>ATP \u00fcretiminde \u00f6nemli rol oynayan kreatin, k\u0131sa s\u00fcreli ve y\u00fcksek yo\u011funluklu egzersizlerin ard\u0131 ard\u0131na yap\u0131lmas\u0131nda fiziksel performans\u0131 artt\u0131r\u0131r.<\/p>\n<p>&nbsp;<\/p>\n<h2>Big Joy Crea Big Micronized Creatine&#8217;in Dikkat \u00c7eken \u00d6zellikleri:<\/h2>\n<p>&#8211; Mikronize formu sayesinde h\u0131zl\u0131 emilim<\/p>\n","protected":false},"featured_media":12402,"comment_status":"open","ping_status":"closed","template":"","meta":[],"product_brand":[180],"product_cat":[76,74],"product_tag":[97,94],"class_list":{"0":"post-12401","1":"product","2":"type-product","3":"status-publish","4":"has-post-thumbnail","6":"product_brand-bigjoy-sport","7":"product_cat-creatine","8":"product_cat-genel","9":"product_tag-bigjoy","10":"product_tag-creatine","11":"wcpa_has_options","13":"first","14":"instock","15":"shipping-taxable","16":"purchasable","17":"product-type-simple"},"yoast_head":"<!-- This site is optimized with the Yoast SEO plugin v26.8 - https:\/\/yoast.com\/product\/yoast-seo-wordpress\/ -->\n<title>Big Joy Crea Big Micronized Creatine Powder 300 Gr - Life Center Online Sat\u0131\u015f Ma\u011fazas\u0131<\/title>\n<meta name=\"robots\" content=\"index, follow, max-snippet:-1, max-image-preview:large, max-video-preview:-1\" \/>\n<link rel=\"canonical\" href=\"https:\/\/lifecenter.com.tr\/magaza\/urun\/big-joy-crea-big-micronized-creatine-powder-300-gr\/\" \/>\n<meta property=\"og:locale\" content=\"tr_TR\" \/>\n<meta property=\"og:type\" content=\"article\" \/>\n<meta property=\"og:title\" content=\"Big Joy Crea Big Micronized Creatine Powder 300 Gr - Life Center Online Sat\u0131\u015f Ma\u011fazas\u0131\" \/>\n<meta property=\"og:description\" content=\"Big Joy Crea Big Micronized Creatine Nedir?\u00a0 Big Joy Crea Big Micronized Creatine toz formda olan saf kreatin monohidrat i\u00e7eren bir kreatin \u00fcr\u00fcn\u00fcd\u00fcr.  ATP \u00fcretiminde \u00f6nemli rol oynayan kreatin, k\u0131sa s\u00fcreli ve y\u00fcksek yo\u011funluklu egzersizlerin ard\u0131 ard\u0131na yap\u0131lmas\u0131nda fiziksel performans\u0131 artt\u0131r\u0131r.  &nbsp; Big Joy Crea Big Micronized Creatine&#039;in Dikkat \u00c7eken \u00d6zellikleri: - Mikronize formu sayesinde h\u0131zl\u0131 emilim\" \/>\n<meta property=\"og:url\" content=\"https:\/\/lifecenter.com.tr\/magaza\/urun\/big-joy-crea-big-micronized-creatine-powder-300-gr\/\" \/>\n<meta property=\"og:site_name\" content=\"Life Center Online Sat\u0131\u015f Ma\u011fazas\u0131\" \/>\n<meta property=\"article:modified_time\" content=\"2026-02-24T09:42:35+00:00\" \/>\n<meta property=\"og:image\" content=\"https:\/\/lifecenter.com.tr\/magaza\/wp-content\/uploads\/2023\/01\/big_joy_crea_big_micronized_creatine_powder_300_gr_16357.jpeg\" \/>\n\t<meta property=\"og:image:width\" content=\"800\" \/>\n\t<meta property=\"og:image:height\" content=\"800\" \/>\n\t<meta property=\"og:image:type\" content=\"image\/jpeg\" \/>\n<meta name=\"twitter:card\" content=\"summary_large_image\" \/>\n<meta name=\"twitter:label1\" content=\"Tahmini okuma s\u00fcresi\" \/>\n\t<meta name=\"twitter:data1\" content=\"1 dakika\" \/>\n<script type=\"application\/ld+json\" class=\"yoast-schema-graph\">{\"@context\":\"https:\/\/schema.org\",\"@graph\":[{\"@type\":\"WebPage\",\"@id\":\"https:\/\/lifecenter.com.tr\/magaza\/urun\/big-joy-crea-big-micronized-creatine-powder-300-gr\/\",\"url\":\"https:\/\/lifecenter.com.tr\/magaza\/urun\/big-joy-crea-big-micronized-creatine-powder-300-gr\/\",\"name\":\"Big Joy Crea Big Micronized Creatine Powder 300 Gr - Life Center Online Sat\u0131\u015f Ma\u011fazas\u0131\",\"isPartOf\":{\"@id\":\"https:\/\/lifecenter.com.tr\/magaza\/#website\"},\"primaryImageOfPage\":{\"@id\":\"https:\/\/lifecenter.com.tr\/magaza\/urun\/big-joy-crea-big-micronized-creatine-powder-300-gr\/#primaryimage\"},\"image\":{\"@id\":\"https:\/\/lifecenter.com.tr\/magaza\/urun\/big-joy-crea-big-micronized-creatine-powder-300-gr\/#primaryimage\"},\"thumbnailUrl\":\"https:\/\/lifecenter.com.tr\/magaza\/wp-content\/uploads\/2023\/01\/big_joy_crea_big_micronized_creatine_powder_300_gr_16357.jpeg\",\"datePublished\":\"2023-01-19T14:18:49+00:00\",\"dateModified\":\"2026-02-24T09:42:35+00:00\",\"breadcrumb\":{\"@id\":\"https:\/\/lifecenter.com.tr\/magaza\/urun\/big-joy-crea-big-micronized-creatine-powder-300-gr\/#breadcrumb\"},\"inLanguage\":\"tr\",\"potentialAction\":[{\"@type\":\"ReadAction\",\"target\":[\"https:\/\/lifecenter.com.tr\/magaza\/urun\/big-joy-crea-big-micronized-creatine-powder-300-gr\/\"]}]},{\"@type\":\"ImageObject\",\"inLanguage\":\"tr\",\"@id\":\"https:\/\/lifecenter.com.tr\/magaza\/urun\/big-joy-crea-big-micronized-creatine-powder-300-gr\/#primaryimage\",\"url\":\"https:\/\/lifecenter.com.tr\/magaza\/wp-content\/uploads\/2023\/01\/big_joy_crea_big_micronized_creatine_powder_300_gr_16357.jpeg\",\"contentUrl\":\"https:\/\/lifecenter.com.tr\/magaza\/wp-content\/uploads\/2023\/01\/big_joy_crea_big_micronized_creatine_powder_300_gr_16357.jpeg\",\"width\":800,\"height\":800},{\"@type\":\"BreadcrumbList\",\"@id\":\"https:\/\/lifecenter.com.tr\/magaza\/urun\/big-joy-crea-big-micronized-creatine-powder-300-gr\/#breadcrumb\",\"itemListElement\":[{\"@type\":\"ListItem\",\"position\":1,\"name\":\"Anasayfa\",\"item\":\"https:\/\/lifecenter.com.tr\/magaza\/\"},{\"@type\":\"ListItem\",\"position\":2,\"name\":\"Ma\u011faza\",\"item\":\"https:\/\/lifecenter.com.tr\/magaza\/magaza\/\"},{\"@type\":\"ListItem\",\"position\":3,\"name\":\"Big Joy Crea Big Micronized Creatine Powder 300 Gr\"}]},{\"@type\":\"WebSite\",\"@id\":\"https:\/\/lifecenter.com.tr\/magaza\/#website\",\"url\":\"https:\/\/lifecenter.com.tr\/magaza\/\",\"name\":\"Life Center Online Sat\u0131\u015f Ma\u011fazas\u0131\",\"description\":\"Proteinler, Sporcu Besinleri\",\"potentialAction\":[{\"@type\":\"SearchAction\",\"target\":{\"@type\":\"EntryPoint\",\"urlTemplate\":\"https:\/\/lifecenter.com.tr\/magaza\/?s={search_term_string}\"},\"query-input\":{\"@type\":\"PropertyValueSpecification\",\"valueRequired\":true,\"valueName\":\"search_term_string\"}}],\"inLanguage\":\"tr\"}]}<\/script>\n<!-- \/ Yoast SEO plugin. -->","yoast_head_json":{"title":"Big Joy Crea Big Micronized Creatine Powder 300 Gr - Life Center Online Sat\u0131\u015f Ma\u011fazas\u0131","robots":{"index":"index","follow":"follow","max-snippet":"max-snippet:-1","max-image-preview":"max-image-preview:large","max-video-preview":"max-video-preview:-1"},"canonical":"https:\/\/lifecenter.com.tr\/magaza\/urun\/big-joy-crea-big-micronized-creatine-powder-300-gr\/","og_locale":"tr_TR","og_type":"article","og_title":"Big Joy Crea Big Micronized Creatine Powder 300 Gr - Life Center Online Sat\u0131\u015f Ma\u011fazas\u0131","og_description":"Big Joy Crea Big Micronized Creatine Nedir?\u00a0 Big Joy Crea Big Micronized Creatine toz formda olan saf kreatin monohidrat i\u00e7eren bir kreatin \u00fcr\u00fcn\u00fcd\u00fcr.  ATP \u00fcretiminde \u00f6nemli rol oynayan kreatin, k\u0131sa s\u00fcreli ve y\u00fcksek yo\u011funluklu egzersizlerin ard\u0131 ard\u0131na yap\u0131lmas\u0131nda fiziksel performans\u0131 artt\u0131r\u0131r.  &nbsp; Big Joy Crea Big Micronized Creatine'in Dikkat \u00c7eken \u00d6zellikleri: - Mikronize formu sayesinde h\u0131zl\u0131 emilim","og_url":"https:\/\/lifecenter.com.tr\/magaza\/urun\/big-joy-crea-big-micronized-creatine-powder-300-gr\/","og_site_name":"Life Center Online Sat\u0131\u015f Ma\u011fazas\u0131","article_modified_time":"2026-02-24T09:42:35+00:00","og_image":[{"width":800,"height":800,"url":"https:\/\/lifecenter.com.tr\/magaza\/wp-content\/uploads\/2023\/01\/big_joy_crea_big_micronized_creatine_powder_300_gr_16357.jpeg","type":"image\/jpeg"}],"twitter_card":"summary_large_image","twitter_misc":{"Tahmini okuma s\u00fcresi":"1 dakika"},"schema":{"@context":"https:\/\/schema.org","@graph":[{"@type":"WebPage","@id":"https:\/\/lifecenter.com.tr\/magaza\/urun\/big-joy-crea-big-micronized-creatine-powder-300-gr\/","url":"https:\/\/lifecenter.com.tr\/magaza\/urun\/big-joy-crea-big-micronized-creatine-powder-300-gr\/","name":"Big Joy Crea Big Micronized Creatine Powder 300 Gr - Life Center Online Sat\u0131\u015f Ma\u011fazas\u0131","isPartOf":{"@id":"https:\/\/lifecenter.com.tr\/magaza\/#website"},"primaryImageOfPage":{"@id":"https:\/\/lifecenter.com.tr\/magaza\/urun\/big-joy-crea-big-micronized-creatine-powder-300-gr\/#primaryimage"},"image":{"@id":"https:\/\/lifecenter.com.tr\/magaza\/urun\/big-joy-crea-big-micronized-creatine-powder-300-gr\/#primaryimage"},"thumbnailUrl":"https:\/\/lifecenter.com.tr\/magaza\/wp-content\/uploads\/2023\/01\/big_joy_crea_big_micronized_creatine_powder_300_gr_16357.jpeg","datePublished":"2023-01-19T14:18:49+00:00","dateModified":"2026-02-24T09:42:35+00:00","breadcrumb":{"@id":"https:\/\/lifecenter.com.tr\/magaza\/urun\/big-joy-crea-big-micronized-creatine-powder-300-gr\/#breadcrumb"},"inLanguage":"tr","potentialAction":[{"@type":"ReadAction","target":["https:\/\/lifecenter.com.tr\/magaza\/urun\/big-joy-crea-big-micronized-creatine-powder-300-gr\/"]}]},{"@type":"ImageObject","inLanguage":"tr","@id":"https:\/\/lifecenter.com.tr\/magaza\/urun\/big-joy-crea-big-micronized-creatine-powder-300-gr\/#primaryimage","url":"https:\/\/lifecenter.com.tr\/magaza\/wp-content\/uploads\/2023\/01\/big_joy_crea_big_micronized_creatine_powder_300_gr_16357.jpeg","contentUrl":"https:\/\/lifecenter.com.tr\/magaza\/wp-content\/uploads\/2023\/01\/big_joy_crea_big_micronized_creatine_powder_300_gr_16357.jpeg","width":800,"height":800},{"@type":"BreadcrumbList","@id":"https:\/\/lifecenter.com.tr\/magaza\/urun\/big-joy-crea-big-micronized-creatine-powder-300-gr\/#breadcrumb","itemListElement":[{"@type":"ListItem","position":1,"name":"Anasayfa","item":"https:\/\/lifecenter.com.tr\/magaza\/"},{"@type":"ListItem","position":2,"name":"Ma\u011faza","item":"https:\/\/lifecenter.com.tr\/magaza\/magaza\/"},{"@type":"ListItem","position":3,"name":"Big Joy Crea Big Micronized Creatine Powder 300 Gr"}]},{"@type":"WebSite","@id":"https:\/\/lifecenter.com.tr\/magaza\/#website","url":"https:\/\/lifecenter.com.tr\/magaza\/","name":"Life Center Online Sat\u0131\u015f Ma\u011fazas\u0131","description":"Proteinler, Sporcu Besinleri","potentialAction":[{"@type":"SearchAction","target":{"@type":"EntryPoint","urlTemplate":"https:\/\/lifecenter.com.tr\/magaza\/?s={search_term_string}"},"query-input":{"@type":"PropertyValueSpecification","valueRequired":true,"valueName":"search_term_string"}}],"inLanguage":"tr"}]}},"jetpack_sharing_enabled":true,"_links":{"self":[{"href":"https:\/\/lifecenter.com.tr\/magaza\/wp-json\/wp\/v2\/product\/12401","targetHints":{"allow":["GET"]}}],"collection":[{"href":"https:\/\/lifecenter.com.tr\/magaza\/wp-json\/wp\/v2\/product"}],"about":[{"href":"https:\/\/lifecenter.com.tr\/magaza\/wp-json\/wp\/v2\/types\/product"}],"replies":[{"embeddable":true,"href":"https:\/\/lifecenter.com.tr\/magaza\/wp-json\/wp\/v2\/comments?post=12401"}],"version-history":[{"count":2,"href":"https:\/\/lifecenter.com.tr\/magaza\/wp-json\/wp\/v2\/product\/12401\/revisions"}],"predecessor-version":[{"id":12404,"href":"https:\/\/lifecenter.com.tr\/magaza\/wp-json\/wp\/v2\/product\/12401\/revisions\/12404"}],"wp:featuredmedia":[{"embeddable":true,"href":"https:\/\/lifecenter.com.tr\/magaza\/wp-json\/wp\/v2\/media\/12402"}],"wp:attachment":[{"href":"https:\/\/lifecenter.com.tr\/magaza\/wp-json\/wp\/v2\/media?parent=12401"}],"wp:term":[{"taxonomy":"product_brand","embeddable":true,"href":"https:\/\/lifecenter.com.tr\/magaza\/wp-json\/wp\/v2\/product_brand?post=12401"},{"taxonomy":"product_cat","embeddable":true,"href":"https:\/\/lifecenter.com.tr\/magaza\/wp-json\/wp\/v2\/product_cat?post=12401"},{"taxonomy":"product_tag","embeddable":true,"href":"https:\/\/lifecenter.com.tr\/magaza\/wp-json\/wp\/v2\/product_tag?post=12401"}],"curies":[{"name":"wp","href":"https:\/\/api.w.org\/{rel}","templated":true}]}}