{"id":12418,"date":"2023-01-19T16:36:02","date_gmt":"2023-01-19T16:36:02","guid":{"rendered":"https:\/\/lifecenter.com.tr\/magaza\/?post_type=product&#038;p=12418"},"modified":"2026-02-24T09:41:55","modified_gmt":"2026-02-24T09:41:55","slug":"bigjoy-sports-zma-zma","status":"publish","type":"product","link":"https:\/\/lifecenter.com.tr\/magaza\/urun\/bigjoy-sports-zma-zma\/","title":{"rendered":"Bigjoy Sports Zma ZMA"},"content":{"rendered":"","protected":false},"excerpt":{"rendered":"","protected":false},"featured_media":12419,"comment_status":"open","ping_status":"closed","template":"","meta":[],"product_brand":[180],"product_cat":[107],"product_tag":[],"class_list":{"0":"post-12418","1":"product","2":"type-product","3":"status-publish","4":"has-post-thumbnail","6":"product_brand-bigjoy-sport","7":"product_cat-vitamin-ve-mineraller","8":"wcpa_has_options","10":"first","11":"instock","12":"shipping-taxable","13":"purchasable","14":"product-type-simple"},"yoast_head":"<!-- This site is optimized with the Yoast SEO plugin v26.8 - https:\/\/yoast.com\/product\/yoast-seo-wordpress\/ -->\n<title>Bigjoy Sports Zma ZMA - Life Center Online Sat\u0131\u015f Ma\u011fazas\u0131<\/title>\n<meta name=\"robots\" content=\"index, follow, max-snippet:-1, max-image-preview:large, max-video-preview:-1\" \/>\n<link rel=\"canonical\" href=\"https:\/\/lifecenter.com.tr\/magaza\/urun\/bigjoy-sports-zma-zma\/\" \/>\n<meta property=\"og:locale\" content=\"tr_TR\" \/>\n<meta property=\"og:type\" content=\"article\" \/>\n<meta property=\"og:title\" content=\"Bigjoy Sports Zma ZMA - Life Center Online Sat\u0131\u015f Ma\u011fazas\u0131\" \/>\n<meta property=\"og:url\" content=\"https:\/\/lifecenter.com.tr\/magaza\/urun\/bigjoy-sports-zma-zma\/\" \/>\n<meta property=\"og:site_name\" content=\"Life Center Online Sat\u0131\u015f Ma\u011fazas\u0131\" \/>\n<meta property=\"article:modified_time\" content=\"2026-02-24T09:41:55+00:00\" \/>\n<meta property=\"og:image\" content=\"https:\/\/lifecenter.com.tr\/magaza\/wp-content\/uploads\/2023\/01\/1_org_zoom-3.webp\" \/>\n\t<meta property=\"og:image:width\" content=\"1200\" \/>\n\t<meta property=\"og:image:height\" content=\"1800\" \/>\n\t<meta property=\"og:image:type\" content=\"image\/webp\" \/>\n<meta name=\"twitter:card\" content=\"summary_large_image\" \/>\n<meta name=\"twitter:label1\" content=\"Tahmini okuma s\u00fcresi\" \/>\n\t<meta name=\"twitter:data1\" content=\"1 dakika\" \/>\n<script type=\"application\/ld+json\" class=\"yoast-schema-graph\">{\"@context\":\"https:\/\/schema.org\",\"@graph\":[{\"@type\":\"WebPage\",\"@id\":\"https:\/\/lifecenter.com.tr\/magaza\/urun\/bigjoy-sports-zma-zma\/\",\"url\":\"https:\/\/lifecenter.com.tr\/magaza\/urun\/bigjoy-sports-zma-zma\/\",\"name\":\"Bigjoy Sports Zma ZMA - Life Center Online Sat\u0131\u015f Ma\u011fazas\u0131\",\"isPartOf\":{\"@id\":\"https:\/\/lifecenter.com.tr\/magaza\/#website\"},\"primaryImageOfPage\":{\"@id\":\"https:\/\/lifecenter.com.tr\/magaza\/urun\/bigjoy-sports-zma-zma\/#primaryimage\"},\"image\":{\"@id\":\"https:\/\/lifecenter.com.tr\/magaza\/urun\/bigjoy-sports-zma-zma\/#primaryimage\"},\"thumbnailUrl\":\"https:\/\/lifecenter.com.tr\/magaza\/wp-content\/uploads\/2023\/01\/1_org_zoom-3.webp\",\"datePublished\":\"2023-01-19T16:36:02+00:00\",\"dateModified\":\"2026-02-24T09:41:55+00:00\",\"breadcrumb\":{\"@id\":\"https:\/\/lifecenter.com.tr\/magaza\/urun\/bigjoy-sports-zma-zma\/#breadcrumb\"},\"inLanguage\":\"tr\",\"potentialAction\":[{\"@type\":\"ReadAction\",\"target\":[\"https:\/\/lifecenter.com.tr\/magaza\/urun\/bigjoy-sports-zma-zma\/\"]}]},{\"@type\":\"ImageObject\",\"inLanguage\":\"tr\",\"@id\":\"https:\/\/lifecenter.com.tr\/magaza\/urun\/bigjoy-sports-zma-zma\/#primaryimage\",\"url\":\"https:\/\/lifecenter.com.tr\/magaza\/wp-content\/uploads\/2023\/01\/1_org_zoom-3.webp\",\"contentUrl\":\"https:\/\/lifecenter.com.tr\/magaza\/wp-content\/uploads\/2023\/01\/1_org_zoom-3.webp\",\"width\":1200,\"height\":1800},{\"@type\":\"BreadcrumbList\",\"@id\":\"https:\/\/lifecenter.com.tr\/magaza\/urun\/bigjoy-sports-zma-zma\/#breadcrumb\",\"itemListElement\":[{\"@type\":\"ListItem\",\"position\":1,\"name\":\"Anasayfa\",\"item\":\"https:\/\/lifecenter.com.tr\/magaza\/\"},{\"@type\":\"ListItem\",\"position\":2,\"name\":\"Ma\u011faza\",\"item\":\"https:\/\/lifecenter.com.tr\/magaza\/magaza\/\"},{\"@type\":\"ListItem\",\"position\":3,\"name\":\"Bigjoy Sports Zma ZMA\"}]},{\"@type\":\"WebSite\",\"@id\":\"https:\/\/lifecenter.com.tr\/magaza\/#website\",\"url\":\"https:\/\/lifecenter.com.tr\/magaza\/\",\"name\":\"Life Center Online Sat\u0131\u015f Ma\u011fazas\u0131\",\"description\":\"Proteinler, Sporcu Besinleri\",\"potentialAction\":[{\"@type\":\"SearchAction\",\"target\":{\"@type\":\"EntryPoint\",\"urlTemplate\":\"https:\/\/lifecenter.com.tr\/magaza\/?s={search_term_string}\"},\"query-input\":{\"@type\":\"PropertyValueSpecification\",\"valueRequired\":true,\"valueName\":\"search_term_string\"}}],\"inLanguage\":\"tr\"}]}<\/script>\n<!-- \/ Yoast SEO plugin. -->","yoast_head_json":{"title":"Bigjoy Sports Zma ZMA - Life Center Online Sat\u0131\u015f Ma\u011fazas\u0131","robots":{"index":"index","follow":"follow","max-snippet":"max-snippet:-1","max-image-preview":"max-image-preview:large","max-video-preview":"max-video-preview:-1"},"canonical":"https:\/\/lifecenter.com.tr\/magaza\/urun\/bigjoy-sports-zma-zma\/","og_locale":"tr_TR","og_type":"article","og_title":"Bigjoy Sports Zma ZMA - Life Center Online Sat\u0131\u015f Ma\u011fazas\u0131","og_url":"https:\/\/lifecenter.com.tr\/magaza\/urun\/bigjoy-sports-zma-zma\/","og_site_name":"Life Center Online Sat\u0131\u015f Ma\u011fazas\u0131","article_modified_time":"2026-02-24T09:41:55+00:00","og_image":[{"width":1200,"height":1800,"url":"https:\/\/lifecenter.com.tr\/magaza\/wp-content\/uploads\/2023\/01\/1_org_zoom-3.webp","type":"image\/webp"}],"twitter_card":"summary_large_image","twitter_misc":{"Tahmini okuma s\u00fcresi":"1 dakika"},"schema":{"@context":"https:\/\/schema.org","@graph":[{"@type":"WebPage","@id":"https:\/\/lifecenter.com.tr\/magaza\/urun\/bigjoy-sports-zma-zma\/","url":"https:\/\/lifecenter.com.tr\/magaza\/urun\/bigjoy-sports-zma-zma\/","name":"Bigjoy Sports Zma ZMA - Life Center Online Sat\u0131\u015f Ma\u011fazas\u0131","isPartOf":{"@id":"https:\/\/lifecenter.com.tr\/magaza\/#website"},"primaryImageOfPage":{"@id":"https:\/\/lifecenter.com.tr\/magaza\/urun\/bigjoy-sports-zma-zma\/#primaryimage"},"image":{"@id":"https:\/\/lifecenter.com.tr\/magaza\/urun\/bigjoy-sports-zma-zma\/#primaryimage"},"thumbnailUrl":"https:\/\/lifecenter.com.tr\/magaza\/wp-content\/uploads\/2023\/01\/1_org_zoom-3.webp","datePublished":"2023-01-19T16:36:02+00:00","dateModified":"2026-02-24T09:41:55+00:00","breadcrumb":{"@id":"https:\/\/lifecenter.com.tr\/magaza\/urun\/bigjoy-sports-zma-zma\/#breadcrumb"},"inLanguage":"tr","potentialAction":[{"@type":"ReadAction","target":["https:\/\/lifecenter.com.tr\/magaza\/urun\/bigjoy-sports-zma-zma\/"]}]},{"@type":"ImageObject","inLanguage":"tr","@id":"https:\/\/lifecenter.com.tr\/magaza\/urun\/bigjoy-sports-zma-zma\/#primaryimage","url":"https:\/\/lifecenter.com.tr\/magaza\/wp-content\/uploads\/2023\/01\/1_org_zoom-3.webp","contentUrl":"https:\/\/lifecenter.com.tr\/magaza\/wp-content\/uploads\/2023\/01\/1_org_zoom-3.webp","width":1200,"height":1800},{"@type":"BreadcrumbList","@id":"https:\/\/lifecenter.com.tr\/magaza\/urun\/bigjoy-sports-zma-zma\/#breadcrumb","itemListElement":[{"@type":"ListItem","position":1,"name":"Anasayfa","item":"https:\/\/lifecenter.com.tr\/magaza\/"},{"@type":"ListItem","position":2,"name":"Ma\u011faza","item":"https:\/\/lifecenter.com.tr\/magaza\/magaza\/"},{"@type":"ListItem","position":3,"name":"Bigjoy Sports Zma ZMA"}]},{"@type":"WebSite","@id":"https:\/\/lifecenter.com.tr\/magaza\/#website","url":"https:\/\/lifecenter.com.tr\/magaza\/","name":"Life Center Online Sat\u0131\u015f Ma\u011fazas\u0131","description":"Proteinler, Sporcu Besinleri","potentialAction":[{"@type":"SearchAction","target":{"@type":"EntryPoint","urlTemplate":"https:\/\/lifecenter.com.tr\/magaza\/?s={search_term_string}"},"query-input":{"@type":"PropertyValueSpecification","valueRequired":true,"valueName":"search_term_string"}}],"inLanguage":"tr"}]}},"jetpack_sharing_enabled":true,"_links":{"self":[{"href":"https:\/\/lifecenter.com.tr\/magaza\/wp-json\/wp\/v2\/product\/12418","targetHints":{"allow":["GET"]}}],"collection":[{"href":"https:\/\/lifecenter.com.tr\/magaza\/wp-json\/wp\/v2\/product"}],"about":[{"href":"https:\/\/lifecenter.com.tr\/magaza\/wp-json\/wp\/v2\/types\/product"}],"replies":[{"embeddable":true,"href":"https:\/\/lifecenter.com.tr\/magaza\/wp-json\/wp\/v2\/comments?post=12418"}],"version-history":[{"count":1,"href":"https:\/\/lifecenter.com.tr\/magaza\/wp-json\/wp\/v2\/product\/12418\/revisions"}],"predecessor-version":[{"id":12420,"href":"https:\/\/lifecenter.com.tr\/magaza\/wp-json\/wp\/v2\/product\/12418\/revisions\/12420"}],"wp:featuredmedia":[{"embeddable":true,"href":"https:\/\/lifecenter.com.tr\/magaza\/wp-json\/wp\/v2\/media\/12419"}],"wp:attachment":[{"href":"https:\/\/lifecenter.com.tr\/magaza\/wp-json\/wp\/v2\/media?parent=12418"}],"wp:term":[{"taxonomy":"product_brand","embeddable":true,"href":"https:\/\/lifecenter.com.tr\/magaza\/wp-json\/wp\/v2\/product_brand?post=12418"},{"taxonomy":"product_cat","embeddable":true,"href":"https:\/\/lifecenter.com.tr\/magaza\/wp-json\/wp\/v2\/product_cat?post=12418"},{"taxonomy":"product_tag","embeddable":true,"href":"https:\/\/lifecenter.com.tr\/magaza\/wp-json\/wp\/v2\/product_tag?post=12418"}],"curies":[{"name":"wp","href":"https:\/\/api.w.org\/{rel}","templated":true}]}}