{"id":13117,"date":"2023-01-27T13:27:55","date_gmt":"2023-01-27T13:27:55","guid":{"rendered":"https:\/\/lifecenter.com.tr\/magaza\/?post_type=product&#038;p=13117"},"modified":"2026-01-31T15:28:19","modified_gmt":"2026-01-31T15:28:19","slug":"olimp-whey-isolate-protein-1800-gr","status":"publish","type":"product","link":"https:\/\/lifecenter.com.tr\/magaza\/urun\/olimp-whey-isolate-protein-1800-gr\/","title":{"rendered":"OLIMP WHEY ISOLATE PROTEIN 1800 GR"},"content":{"rendered":"","protected":false},"excerpt":{"rendered":"<p>Olimp Pure Whey Isolate Protein nedir?<\/p>\n<p>Olimp Pure Whey Isolate, izole whey protein tozu i\u00e7eri\u011fine sahip bir sporcu g\u0131das\u0131d\u0131r.<\/p>\n<p>%97,5 izole whey proteinden elde edilen Olimp Pure Whey Isolate, olduk\u00e7a y\u00fcksek protein oran\u0131na sahiptir.<\/p>\n<p>CFM (Cross Flow Mikrofiltrasyon) teknolojisi kullan\u0131larak \u00fcretilmi\u015f olmas\u0131, Olimp Pure Whey Isolat&#8217;in daha y\u00fcksek protein ve aminoasit i\u00e7ermesini sa\u011flamaktad\u0131r.<\/p>\n<p>Yo\u011fun antrenman d\u00f6nemlerinde kaslar\u0131n yeniden yap\u0131lanmas\u0131 ve geli\u015fimine destek olabilecek saf bir protein kayna\u011f\u0131d\u0131r.<\/p>\n<p>Olimp Pure Whey Isolate Protein&#8217;in dikkat \u00e7eken \u00f6zellikleri:<\/p>\n<p>CFM tekni\u011fi ile \u00fcretilmi\u015f y\u00fcksek izole protein i\u00e7eri\u011fi<br \/>\n%22 oran\u0131nda BCAA<br \/>\nD\u00fc\u015f\u00fck ya\u011f, \u015feker ve karbonhidrat de\u011ferleri<br \/>\nTatland\u0131r\u0131c\u0131 kayna\u011f\u0131 \u015fukralozdur, aspartam i\u00e7ermez<\/p>\n","protected":false},"featured_media":13118,"comment_status":"open","ping_status":"closed","template":"","meta":[],"product_brand":[],"product_cat":[156],"product_tag":[],"class_list":{"0":"post-13117","1":"product","2":"type-product","3":"status-publish","4":"has-post-thumbnail","6":"product_cat-proteinler","7":"wcpa_has_options","9":"first","10":"instock","11":"shipping-taxable","12":"purchasable","13":"product-type-simple"},"yoast_head":"<!-- This site is optimized with the Yoast SEO plugin v26.8 - https:\/\/yoast.com\/product\/yoast-seo-wordpress\/ -->\n<title>OLIMP WHEY ISOLATE PROTEIN 1800 GR - Life Center Online Sat\u0131\u015f Ma\u011fazas\u0131<\/title>\n<meta name=\"robots\" content=\"index, follow, max-snippet:-1, max-image-preview:large, max-video-preview:-1\" \/>\n<link rel=\"canonical\" href=\"https:\/\/lifecenter.com.tr\/magaza\/urun\/olimp-whey-isolate-protein-1800-gr\/\" \/>\n<meta property=\"og:locale\" content=\"tr_TR\" \/>\n<meta property=\"og:type\" content=\"article\" \/>\n<meta property=\"og:title\" content=\"OLIMP WHEY ISOLATE PROTEIN 1800 GR - Life Center Online Sat\u0131\u015f Ma\u011fazas\u0131\" \/>\n<meta property=\"og:description\" content=\"Olimp Pure Whey Isolate Protein nedir?  Olimp Pure Whey Isolate, izole whey protein tozu i\u00e7eri\u011fine sahip bir sporcu g\u0131das\u0131d\u0131r.  %97,5 izole whey proteinden elde edilen Olimp Pure Whey Isolate, olduk\u00e7a y\u00fcksek protein oran\u0131na sahiptir.  CFM (Cross Flow Mikrofiltrasyon) teknolojisi kullan\u0131larak \u00fcretilmi\u015f olmas\u0131, Olimp Pure Whey Isolat&#039;in daha y\u00fcksek protein ve aminoasit i\u00e7ermesini sa\u011flamaktad\u0131r.  Yo\u011fun antrenman d\u00f6nemlerinde kaslar\u0131n yeniden yap\u0131lanmas\u0131 ve geli\u015fimine destek olabilecek saf bir protein kayna\u011f\u0131d\u0131r.  Olimp Pure Whey Isolate Protein&#039;in dikkat \u00e7eken \u00f6zellikleri:  CFM tekni\u011fi ile \u00fcretilmi\u015f y\u00fcksek izole protein i\u00e7eri\u011fi %22 oran\u0131nda BCAA D\u00fc\u015f\u00fck ya\u011f, \u015feker ve karbonhidrat de\u011ferleri Tatland\u0131r\u0131c\u0131 kayna\u011f\u0131 \u015fukralozdur, aspartam i\u00e7ermez\" \/>\n<meta property=\"og:url\" content=\"https:\/\/lifecenter.com.tr\/magaza\/urun\/olimp-whey-isolate-protein-1800-gr\/\" \/>\n<meta property=\"og:site_name\" content=\"Life Center Online Sat\u0131\u015f Ma\u011fazas\u0131\" \/>\n<meta property=\"article:modified_time\" content=\"2026-01-31T15:28:19+00:00\" \/>\n<meta property=\"og:image\" content=\"https:\/\/lifecenter.com.tr\/magaza\/wp-content\/uploads\/2023\/01\/10.png\" \/>\n\t<meta property=\"og:image:width\" content=\"800\" \/>\n\t<meta property=\"og:image:height\" content=\"800\" \/>\n\t<meta property=\"og:image:type\" content=\"image\/png\" \/>\n<meta name=\"twitter:card\" content=\"summary_large_image\" \/>\n<meta name=\"twitter:label1\" content=\"Tahmini okuma s\u00fcresi\" \/>\n\t<meta name=\"twitter:data1\" content=\"1 dakika\" \/>\n<script type=\"application\/ld+json\" class=\"yoast-schema-graph\">{\"@context\":\"https:\/\/schema.org\",\"@graph\":[{\"@type\":\"WebPage\",\"@id\":\"https:\/\/lifecenter.com.tr\/magaza\/urun\/olimp-whey-isolate-protein-1800-gr\/\",\"url\":\"https:\/\/lifecenter.com.tr\/magaza\/urun\/olimp-whey-isolate-protein-1800-gr\/\",\"name\":\"OLIMP WHEY ISOLATE PROTEIN 1800 GR - Life Center Online Sat\u0131\u015f Ma\u011fazas\u0131\",\"isPartOf\":{\"@id\":\"https:\/\/lifecenter.com.tr\/magaza\/#website\"},\"primaryImageOfPage\":{\"@id\":\"https:\/\/lifecenter.com.tr\/magaza\/urun\/olimp-whey-isolate-protein-1800-gr\/#primaryimage\"},\"image\":{\"@id\":\"https:\/\/lifecenter.com.tr\/magaza\/urun\/olimp-whey-isolate-protein-1800-gr\/#primaryimage\"},\"thumbnailUrl\":\"https:\/\/lifecenter.com.tr\/magaza\/wp-content\/uploads\/2023\/01\/10.png\",\"datePublished\":\"2023-01-27T13:27:55+00:00\",\"dateModified\":\"2026-01-31T15:28:19+00:00\",\"breadcrumb\":{\"@id\":\"https:\/\/lifecenter.com.tr\/magaza\/urun\/olimp-whey-isolate-protein-1800-gr\/#breadcrumb\"},\"inLanguage\":\"tr\",\"potentialAction\":[{\"@type\":\"ReadAction\",\"target\":[\"https:\/\/lifecenter.com.tr\/magaza\/urun\/olimp-whey-isolate-protein-1800-gr\/\"]}]},{\"@type\":\"ImageObject\",\"inLanguage\":\"tr\",\"@id\":\"https:\/\/lifecenter.com.tr\/magaza\/urun\/olimp-whey-isolate-protein-1800-gr\/#primaryimage\",\"url\":\"https:\/\/lifecenter.com.tr\/magaza\/wp-content\/uploads\/2023\/01\/10.png\",\"contentUrl\":\"https:\/\/lifecenter.com.tr\/magaza\/wp-content\/uploads\/2023\/01\/10.png\",\"width\":800,\"height\":800},{\"@type\":\"BreadcrumbList\",\"@id\":\"https:\/\/lifecenter.com.tr\/magaza\/urun\/olimp-whey-isolate-protein-1800-gr\/#breadcrumb\",\"itemListElement\":[{\"@type\":\"ListItem\",\"position\":1,\"name\":\"Anasayfa\",\"item\":\"https:\/\/lifecenter.com.tr\/magaza\/\"},{\"@type\":\"ListItem\",\"position\":2,\"name\":\"Ma\u011faza\",\"item\":\"https:\/\/lifecenter.com.tr\/magaza\/magaza\/\"},{\"@type\":\"ListItem\",\"position\":3,\"name\":\"OLIMP WHEY ISOLATE PROTEIN 1800 GR\"}]},{\"@type\":\"WebSite\",\"@id\":\"https:\/\/lifecenter.com.tr\/magaza\/#website\",\"url\":\"https:\/\/lifecenter.com.tr\/magaza\/\",\"name\":\"Life Center Online Sat\u0131\u015f Ma\u011fazas\u0131\",\"description\":\"Proteinler, Sporcu Besinleri\",\"potentialAction\":[{\"@type\":\"SearchAction\",\"target\":{\"@type\":\"EntryPoint\",\"urlTemplate\":\"https:\/\/lifecenter.com.tr\/magaza\/?s={search_term_string}\"},\"query-input\":{\"@type\":\"PropertyValueSpecification\",\"valueRequired\":true,\"valueName\":\"search_term_string\"}}],\"inLanguage\":\"tr\"}]}<\/script>\n<!-- \/ Yoast SEO plugin. -->","yoast_head_json":{"title":"OLIMP WHEY ISOLATE PROTEIN 1800 GR - Life Center Online Sat\u0131\u015f Ma\u011fazas\u0131","robots":{"index":"index","follow":"follow","max-snippet":"max-snippet:-1","max-image-preview":"max-image-preview:large","max-video-preview":"max-video-preview:-1"},"canonical":"https:\/\/lifecenter.com.tr\/magaza\/urun\/olimp-whey-isolate-protein-1800-gr\/","og_locale":"tr_TR","og_type":"article","og_title":"OLIMP WHEY ISOLATE PROTEIN 1800 GR - Life Center Online Sat\u0131\u015f Ma\u011fazas\u0131","og_description":"Olimp Pure Whey Isolate Protein nedir?  Olimp Pure Whey Isolate, izole whey protein tozu i\u00e7eri\u011fine sahip bir sporcu g\u0131das\u0131d\u0131r.  %97,5 izole whey proteinden elde edilen Olimp Pure Whey Isolate, olduk\u00e7a y\u00fcksek protein oran\u0131na sahiptir.  CFM (Cross Flow Mikrofiltrasyon) teknolojisi kullan\u0131larak \u00fcretilmi\u015f olmas\u0131, Olimp Pure Whey Isolat'in daha y\u00fcksek protein ve aminoasit i\u00e7ermesini sa\u011flamaktad\u0131r.  Yo\u011fun antrenman d\u00f6nemlerinde kaslar\u0131n yeniden yap\u0131lanmas\u0131 ve geli\u015fimine destek olabilecek saf bir protein kayna\u011f\u0131d\u0131r.  Olimp Pure Whey Isolate Protein'in dikkat \u00e7eken \u00f6zellikleri:  CFM tekni\u011fi ile \u00fcretilmi\u015f y\u00fcksek izole protein i\u00e7eri\u011fi %22 oran\u0131nda BCAA D\u00fc\u015f\u00fck ya\u011f, \u015feker ve karbonhidrat de\u011ferleri Tatland\u0131r\u0131c\u0131 kayna\u011f\u0131 \u015fukralozdur, aspartam i\u00e7ermez","og_url":"https:\/\/lifecenter.com.tr\/magaza\/urun\/olimp-whey-isolate-protein-1800-gr\/","og_site_name":"Life Center Online Sat\u0131\u015f Ma\u011fazas\u0131","article_modified_time":"2026-01-31T15:28:19+00:00","og_image":[{"width":800,"height":800,"url":"https:\/\/lifecenter.com.tr\/magaza\/wp-content\/uploads\/2023\/01\/10.png","type":"image\/png"}],"twitter_card":"summary_large_image","twitter_misc":{"Tahmini okuma s\u00fcresi":"1 dakika"},"schema":{"@context":"https:\/\/schema.org","@graph":[{"@type":"WebPage","@id":"https:\/\/lifecenter.com.tr\/magaza\/urun\/olimp-whey-isolate-protein-1800-gr\/","url":"https:\/\/lifecenter.com.tr\/magaza\/urun\/olimp-whey-isolate-protein-1800-gr\/","name":"OLIMP WHEY ISOLATE PROTEIN 1800 GR - Life Center Online Sat\u0131\u015f Ma\u011fazas\u0131","isPartOf":{"@id":"https:\/\/lifecenter.com.tr\/magaza\/#website"},"primaryImageOfPage":{"@id":"https:\/\/lifecenter.com.tr\/magaza\/urun\/olimp-whey-isolate-protein-1800-gr\/#primaryimage"},"image":{"@id":"https:\/\/lifecenter.com.tr\/magaza\/urun\/olimp-whey-isolate-protein-1800-gr\/#primaryimage"},"thumbnailUrl":"https:\/\/lifecenter.com.tr\/magaza\/wp-content\/uploads\/2023\/01\/10.png","datePublished":"2023-01-27T13:27:55+00:00","dateModified":"2026-01-31T15:28:19+00:00","breadcrumb":{"@id":"https:\/\/lifecenter.com.tr\/magaza\/urun\/olimp-whey-isolate-protein-1800-gr\/#breadcrumb"},"inLanguage":"tr","potentialAction":[{"@type":"ReadAction","target":["https:\/\/lifecenter.com.tr\/magaza\/urun\/olimp-whey-isolate-protein-1800-gr\/"]}]},{"@type":"ImageObject","inLanguage":"tr","@id":"https:\/\/lifecenter.com.tr\/magaza\/urun\/olimp-whey-isolate-protein-1800-gr\/#primaryimage","url":"https:\/\/lifecenter.com.tr\/magaza\/wp-content\/uploads\/2023\/01\/10.png","contentUrl":"https:\/\/lifecenter.com.tr\/magaza\/wp-content\/uploads\/2023\/01\/10.png","width":800,"height":800},{"@type":"BreadcrumbList","@id":"https:\/\/lifecenter.com.tr\/magaza\/urun\/olimp-whey-isolate-protein-1800-gr\/#breadcrumb","itemListElement":[{"@type":"ListItem","position":1,"name":"Anasayfa","item":"https:\/\/lifecenter.com.tr\/magaza\/"},{"@type":"ListItem","position":2,"name":"Ma\u011faza","item":"https:\/\/lifecenter.com.tr\/magaza\/magaza\/"},{"@type":"ListItem","position":3,"name":"OLIMP WHEY ISOLATE PROTEIN 1800 GR"}]},{"@type":"WebSite","@id":"https:\/\/lifecenter.com.tr\/magaza\/#website","url":"https:\/\/lifecenter.com.tr\/magaza\/","name":"Life Center Online Sat\u0131\u015f Ma\u011fazas\u0131","description":"Proteinler, Sporcu Besinleri","potentialAction":[{"@type":"SearchAction","target":{"@type":"EntryPoint","urlTemplate":"https:\/\/lifecenter.com.tr\/magaza\/?s={search_term_string}"},"query-input":{"@type":"PropertyValueSpecification","valueRequired":true,"valueName":"search_term_string"}}],"inLanguage":"tr"}]}},"jetpack_sharing_enabled":true,"_links":{"self":[{"href":"https:\/\/lifecenter.com.tr\/magaza\/wp-json\/wp\/v2\/product\/13117","targetHints":{"allow":["GET"]}}],"collection":[{"href":"https:\/\/lifecenter.com.tr\/magaza\/wp-json\/wp\/v2\/product"}],"about":[{"href":"https:\/\/lifecenter.com.tr\/magaza\/wp-json\/wp\/v2\/types\/product"}],"replies":[{"embeddable":true,"href":"https:\/\/lifecenter.com.tr\/magaza\/wp-json\/wp\/v2\/comments?post=13117"}],"version-history":[{"count":3,"href":"https:\/\/lifecenter.com.tr\/magaza\/wp-json\/wp\/v2\/product\/13117\/revisions"}],"predecessor-version":[{"id":13121,"href":"https:\/\/lifecenter.com.tr\/magaza\/wp-json\/wp\/v2\/product\/13117\/revisions\/13121"}],"wp:featuredmedia":[{"embeddable":true,"href":"https:\/\/lifecenter.com.tr\/magaza\/wp-json\/wp\/v2\/media\/13118"}],"wp:attachment":[{"href":"https:\/\/lifecenter.com.tr\/magaza\/wp-json\/wp\/v2\/media?parent=13117"}],"wp:term":[{"taxonomy":"product_brand","embeddable":true,"href":"https:\/\/lifecenter.com.tr\/magaza\/wp-json\/wp\/v2\/product_brand?post=13117"},{"taxonomy":"product_cat","embeddable":true,"href":"https:\/\/lifecenter.com.tr\/magaza\/wp-json\/wp\/v2\/product_cat?post=13117"},{"taxonomy":"product_tag","embeddable":true,"href":"https:\/\/lifecenter.com.tr\/magaza\/wp-json\/wp\/v2\/product_tag?post=13117"}],"curies":[{"name":"wp","href":"https:\/\/api.w.org\/{rel}","templated":true}]}}