{"id":13189,"date":"2023-01-31T14:34:09","date_gmt":"2023-01-31T14:34:09","guid":{"rendered":"https:\/\/lifecenter.com.tr\/magaza\/?post_type=product&#038;p=13189"},"modified":"2026-01-28T14:13:42","modified_gmt":"2026-01-28T14:13:42","slug":"hardline-vitamin-mineral-120-tablet","status":"publish","type":"product","link":"https:\/\/lifecenter.com.tr\/magaza\/urun\/hardline-vitamin-mineral-120-tablet\/","title":{"rendered":"Hardline Vitamin Mineral 120 Tablet"},"content":{"rendered":"","protected":false},"excerpt":{"rendered":"<p>Hardline Vitamin Mineral Nedir?<br \/>\nHardline Vitamin Mineral bir\u00e7ok farkl\u0131 vitamin ve mineralden olu\u015fan bir \u00fcr\u00fcnd\u00fcr.<\/p>\n<p>G\u00fcnl\u00fck tempolu hayat\u0131m\u0131zda yeteri kadar beslenemezdi\u011fimiz ve git gide d\u00fc\u015fen besin kalitesi y\u00fcz\u00fcnden Hardline Vitamin Mineral g\u00fcnl\u00fck vitamin ve mineral ihtiyac\u0131n\u0131z\u0131 kar\u015f\u0131lamaya yard\u0131mc\u0131 olablir. <\/p>\n<p>Spor yapan ki\u015filer servis miktar\u0131n\u0131 artt\u0131rabilirler<\/p>\n","protected":false},"featured_media":13190,"comment_status":"open","ping_status":"closed","template":"","meta":[],"product_brand":[181],"product_cat":[107],"product_tag":[],"class_list":{"0":"post-13189","1":"product","2":"type-product","3":"status-publish","4":"has-post-thumbnail","6":"product_brand-hardline","7":"product_cat-vitamin-ve-mineraller","8":"wcpa_has_options","10":"first","11":"instock","12":"shipping-taxable","13":"purchasable","14":"product-type-simple"},"yoast_head":"<!-- This site is optimized with the Yoast SEO plugin v26.8 - https:\/\/yoast.com\/product\/yoast-seo-wordpress\/ -->\n<title>Hardline Vitamin Mineral 120 Tablet - Life Center Online Sat\u0131\u015f Ma\u011fazas\u0131<\/title>\n<meta name=\"robots\" content=\"index, follow, max-snippet:-1, max-image-preview:large, max-video-preview:-1\" \/>\n<link rel=\"canonical\" href=\"https:\/\/lifecenter.com.tr\/magaza\/urun\/hardline-vitamin-mineral-120-tablet\/\" \/>\n<meta property=\"og:locale\" content=\"tr_TR\" \/>\n<meta property=\"og:type\" content=\"article\" \/>\n<meta property=\"og:title\" content=\"Hardline Vitamin Mineral 120 Tablet - Life Center Online Sat\u0131\u015f Ma\u011fazas\u0131\" \/>\n<meta property=\"og:description\" content=\"Hardline Vitamin Mineral Nedir? Hardline Vitamin Mineral bir\u00e7ok farkl\u0131 vitamin ve mineralden olu\u015fan bir \u00fcr\u00fcnd\u00fcr.  G\u00fcnl\u00fck tempolu hayat\u0131m\u0131zda yeteri kadar beslenemezdi\u011fimiz ve git gide d\u00fc\u015fen besin kalitesi y\u00fcz\u00fcnden Hardline Vitamin Mineral g\u00fcnl\u00fck vitamin ve mineral ihtiyac\u0131n\u0131z\u0131 kar\u015f\u0131lamaya yard\u0131mc\u0131 olablir.   Spor yapan ki\u015filer servis miktar\u0131n\u0131 artt\u0131rabilirler\" \/>\n<meta property=\"og:url\" content=\"https:\/\/lifecenter.com.tr\/magaza\/urun\/hardline-vitamin-mineral-120-tablet\/\" \/>\n<meta property=\"og:site_name\" content=\"Life Center Online Sat\u0131\u015f Ma\u011fazas\u0131\" \/>\n<meta property=\"article:modified_time\" content=\"2026-01-28T14:13:42+00:00\" \/>\n<meta property=\"og:image\" content=\"https:\/\/lifecenter.com.tr\/magaza\/wp-content\/uploads\/2023\/01\/hardline_vitamin_mineral_120_tablet_39318_400.jpeg\" \/>\n\t<meta property=\"og:image:width\" content=\"400\" \/>\n\t<meta property=\"og:image:height\" content=\"400\" \/>\n\t<meta property=\"og:image:type\" content=\"image\/jpeg\" \/>\n<meta name=\"twitter:card\" content=\"summary_large_image\" \/>\n<meta name=\"twitter:label1\" content=\"Tahmini okuma s\u00fcresi\" \/>\n\t<meta name=\"twitter:data1\" content=\"1 dakika\" \/>\n<script type=\"application\/ld+json\" class=\"yoast-schema-graph\">{\"@context\":\"https:\/\/schema.org\",\"@graph\":[{\"@type\":\"WebPage\",\"@id\":\"https:\/\/lifecenter.com.tr\/magaza\/urun\/hardline-vitamin-mineral-120-tablet\/\",\"url\":\"https:\/\/lifecenter.com.tr\/magaza\/urun\/hardline-vitamin-mineral-120-tablet\/\",\"name\":\"Hardline Vitamin Mineral 120 Tablet - Life Center Online Sat\u0131\u015f Ma\u011fazas\u0131\",\"isPartOf\":{\"@id\":\"https:\/\/lifecenter.com.tr\/magaza\/#website\"},\"primaryImageOfPage\":{\"@id\":\"https:\/\/lifecenter.com.tr\/magaza\/urun\/hardline-vitamin-mineral-120-tablet\/#primaryimage\"},\"image\":{\"@id\":\"https:\/\/lifecenter.com.tr\/magaza\/urun\/hardline-vitamin-mineral-120-tablet\/#primaryimage\"},\"thumbnailUrl\":\"https:\/\/lifecenter.com.tr\/magaza\/wp-content\/uploads\/2023\/01\/hardline_vitamin_mineral_120_tablet_39318_400.jpeg\",\"datePublished\":\"2023-01-31T14:34:09+00:00\",\"dateModified\":\"2026-01-28T14:13:42+00:00\",\"breadcrumb\":{\"@id\":\"https:\/\/lifecenter.com.tr\/magaza\/urun\/hardline-vitamin-mineral-120-tablet\/#breadcrumb\"},\"inLanguage\":\"tr\",\"potentialAction\":[{\"@type\":\"ReadAction\",\"target\":[\"https:\/\/lifecenter.com.tr\/magaza\/urun\/hardline-vitamin-mineral-120-tablet\/\"]}]},{\"@type\":\"ImageObject\",\"inLanguage\":\"tr\",\"@id\":\"https:\/\/lifecenter.com.tr\/magaza\/urun\/hardline-vitamin-mineral-120-tablet\/#primaryimage\",\"url\":\"https:\/\/lifecenter.com.tr\/magaza\/wp-content\/uploads\/2023\/01\/hardline_vitamin_mineral_120_tablet_39318_400.jpeg\",\"contentUrl\":\"https:\/\/lifecenter.com.tr\/magaza\/wp-content\/uploads\/2023\/01\/hardline_vitamin_mineral_120_tablet_39318_400.jpeg\",\"width\":400,\"height\":400},{\"@type\":\"BreadcrumbList\",\"@id\":\"https:\/\/lifecenter.com.tr\/magaza\/urun\/hardline-vitamin-mineral-120-tablet\/#breadcrumb\",\"itemListElement\":[{\"@type\":\"ListItem\",\"position\":1,\"name\":\"Anasayfa\",\"item\":\"https:\/\/lifecenter.com.tr\/magaza\/\"},{\"@type\":\"ListItem\",\"position\":2,\"name\":\"Ma\u011faza\",\"item\":\"https:\/\/lifecenter.com.tr\/magaza\/magaza\/\"},{\"@type\":\"ListItem\",\"position\":3,\"name\":\"Hardline Vitamin Mineral 120 Tablet\"}]},{\"@type\":\"WebSite\",\"@id\":\"https:\/\/lifecenter.com.tr\/magaza\/#website\",\"url\":\"https:\/\/lifecenter.com.tr\/magaza\/\",\"name\":\"Life Center Online Sat\u0131\u015f Ma\u011fazas\u0131\",\"description\":\"Proteinler, Sporcu Besinleri\",\"potentialAction\":[{\"@type\":\"SearchAction\",\"target\":{\"@type\":\"EntryPoint\",\"urlTemplate\":\"https:\/\/lifecenter.com.tr\/magaza\/?s={search_term_string}\"},\"query-input\":{\"@type\":\"PropertyValueSpecification\",\"valueRequired\":true,\"valueName\":\"search_term_string\"}}],\"inLanguage\":\"tr\"}]}<\/script>\n<!-- \/ Yoast SEO plugin. -->","yoast_head_json":{"title":"Hardline Vitamin Mineral 120 Tablet - Life Center Online Sat\u0131\u015f Ma\u011fazas\u0131","robots":{"index":"index","follow":"follow","max-snippet":"max-snippet:-1","max-image-preview":"max-image-preview:large","max-video-preview":"max-video-preview:-1"},"canonical":"https:\/\/lifecenter.com.tr\/magaza\/urun\/hardline-vitamin-mineral-120-tablet\/","og_locale":"tr_TR","og_type":"article","og_title":"Hardline Vitamin Mineral 120 Tablet - Life Center Online Sat\u0131\u015f Ma\u011fazas\u0131","og_description":"Hardline Vitamin Mineral Nedir? Hardline Vitamin Mineral bir\u00e7ok farkl\u0131 vitamin ve mineralden olu\u015fan bir \u00fcr\u00fcnd\u00fcr.  G\u00fcnl\u00fck tempolu hayat\u0131m\u0131zda yeteri kadar beslenemezdi\u011fimiz ve git gide d\u00fc\u015fen besin kalitesi y\u00fcz\u00fcnden Hardline Vitamin Mineral g\u00fcnl\u00fck vitamin ve mineral ihtiyac\u0131n\u0131z\u0131 kar\u015f\u0131lamaya yard\u0131mc\u0131 olablir.   Spor yapan ki\u015filer servis miktar\u0131n\u0131 artt\u0131rabilirler","og_url":"https:\/\/lifecenter.com.tr\/magaza\/urun\/hardline-vitamin-mineral-120-tablet\/","og_site_name":"Life Center Online Sat\u0131\u015f Ma\u011fazas\u0131","article_modified_time":"2026-01-28T14:13:42+00:00","og_image":[{"width":400,"height":400,"url":"https:\/\/lifecenter.com.tr\/magaza\/wp-content\/uploads\/2023\/01\/hardline_vitamin_mineral_120_tablet_39318_400.jpeg","type":"image\/jpeg"}],"twitter_card":"summary_large_image","twitter_misc":{"Tahmini okuma s\u00fcresi":"1 dakika"},"schema":{"@context":"https:\/\/schema.org","@graph":[{"@type":"WebPage","@id":"https:\/\/lifecenter.com.tr\/magaza\/urun\/hardline-vitamin-mineral-120-tablet\/","url":"https:\/\/lifecenter.com.tr\/magaza\/urun\/hardline-vitamin-mineral-120-tablet\/","name":"Hardline Vitamin Mineral 120 Tablet - Life Center Online Sat\u0131\u015f Ma\u011fazas\u0131","isPartOf":{"@id":"https:\/\/lifecenter.com.tr\/magaza\/#website"},"primaryImageOfPage":{"@id":"https:\/\/lifecenter.com.tr\/magaza\/urun\/hardline-vitamin-mineral-120-tablet\/#primaryimage"},"image":{"@id":"https:\/\/lifecenter.com.tr\/magaza\/urun\/hardline-vitamin-mineral-120-tablet\/#primaryimage"},"thumbnailUrl":"https:\/\/lifecenter.com.tr\/magaza\/wp-content\/uploads\/2023\/01\/hardline_vitamin_mineral_120_tablet_39318_400.jpeg","datePublished":"2023-01-31T14:34:09+00:00","dateModified":"2026-01-28T14:13:42+00:00","breadcrumb":{"@id":"https:\/\/lifecenter.com.tr\/magaza\/urun\/hardline-vitamin-mineral-120-tablet\/#breadcrumb"},"inLanguage":"tr","potentialAction":[{"@type":"ReadAction","target":["https:\/\/lifecenter.com.tr\/magaza\/urun\/hardline-vitamin-mineral-120-tablet\/"]}]},{"@type":"ImageObject","inLanguage":"tr","@id":"https:\/\/lifecenter.com.tr\/magaza\/urun\/hardline-vitamin-mineral-120-tablet\/#primaryimage","url":"https:\/\/lifecenter.com.tr\/magaza\/wp-content\/uploads\/2023\/01\/hardline_vitamin_mineral_120_tablet_39318_400.jpeg","contentUrl":"https:\/\/lifecenter.com.tr\/magaza\/wp-content\/uploads\/2023\/01\/hardline_vitamin_mineral_120_tablet_39318_400.jpeg","width":400,"height":400},{"@type":"BreadcrumbList","@id":"https:\/\/lifecenter.com.tr\/magaza\/urun\/hardline-vitamin-mineral-120-tablet\/#breadcrumb","itemListElement":[{"@type":"ListItem","position":1,"name":"Anasayfa","item":"https:\/\/lifecenter.com.tr\/magaza\/"},{"@type":"ListItem","position":2,"name":"Ma\u011faza","item":"https:\/\/lifecenter.com.tr\/magaza\/magaza\/"},{"@type":"ListItem","position":3,"name":"Hardline Vitamin Mineral 120 Tablet"}]},{"@type":"WebSite","@id":"https:\/\/lifecenter.com.tr\/magaza\/#website","url":"https:\/\/lifecenter.com.tr\/magaza\/","name":"Life Center Online Sat\u0131\u015f Ma\u011fazas\u0131","description":"Proteinler, Sporcu Besinleri","potentialAction":[{"@type":"SearchAction","target":{"@type":"EntryPoint","urlTemplate":"https:\/\/lifecenter.com.tr\/magaza\/?s={search_term_string}"},"query-input":{"@type":"PropertyValueSpecification","valueRequired":true,"valueName":"search_term_string"}}],"inLanguage":"tr"}]}},"jetpack_sharing_enabled":true,"_links":{"self":[{"href":"https:\/\/lifecenter.com.tr\/magaza\/wp-json\/wp\/v2\/product\/13189","targetHints":{"allow":["GET"]}}],"collection":[{"href":"https:\/\/lifecenter.com.tr\/magaza\/wp-json\/wp\/v2\/product"}],"about":[{"href":"https:\/\/lifecenter.com.tr\/magaza\/wp-json\/wp\/v2\/types\/product"}],"replies":[{"embeddable":true,"href":"https:\/\/lifecenter.com.tr\/magaza\/wp-json\/wp\/v2\/comments?post=13189"}],"version-history":[{"count":1,"href":"https:\/\/lifecenter.com.tr\/magaza\/wp-json\/wp\/v2\/product\/13189\/revisions"}],"predecessor-version":[{"id":13191,"href":"https:\/\/lifecenter.com.tr\/magaza\/wp-json\/wp\/v2\/product\/13189\/revisions\/13191"}],"wp:featuredmedia":[{"embeddable":true,"href":"https:\/\/lifecenter.com.tr\/magaza\/wp-json\/wp\/v2\/media\/13190"}],"wp:attachment":[{"href":"https:\/\/lifecenter.com.tr\/magaza\/wp-json\/wp\/v2\/media?parent=13189"}],"wp:term":[{"taxonomy":"product_brand","embeddable":true,"href":"https:\/\/lifecenter.com.tr\/magaza\/wp-json\/wp\/v2\/product_brand?post=13189"},{"taxonomy":"product_cat","embeddable":true,"href":"https:\/\/lifecenter.com.tr\/magaza\/wp-json\/wp\/v2\/product_cat?post=13189"},{"taxonomy":"product_tag","embeddable":true,"href":"https:\/\/lifecenter.com.tr\/magaza\/wp-json\/wp\/v2\/product_tag?post=13189"}],"curies":[{"name":"wp","href":"https:\/\/api.w.org\/{rel}","templated":true}]}}