{"id":13258,"date":"2023-02-02T15:29:07","date_gmt":"2023-02-02T15:29:07","guid":{"rendered":"https:\/\/lifecenter.com.tr\/magaza\/?post_type=product&#038;p=13258"},"modified":"2026-01-28T14:13:41","modified_gmt":"2026-01-28T14:13:41","slug":"hardline-thermo-l-karnitin-sivi-1000-ml-cla-one-kombinasyonu","status":"publish","type":"product","link":"https:\/\/lifecenter.com.tr\/magaza\/urun\/hardline-thermo-l-karnitin-sivi-1000-ml-cla-one-kombinasyonu\/","title":{"rendered":"Hardline Thermo L-Karnitin S\u0131v\u0131 1000 mL + CLA One Kombinasyonu"},"content":{"rendered":"","protected":false},"excerpt":{"rendered":"<h5 class=\"detail-pp-title  cfix\"><span class=\"pp-title-name pp-title-fulldesc\">Nas\u0131l Kullanmal\u0131y\u0131m ?<\/span><\/h5>\n<div class=\"module-bundle-usage-inner\">\n<div class=\"module-table-row clearfix\">\n<table class=\"module-table\">\n<tbody>\n<tr class=\"module-subtitle\">\n<th>Ana \u00d6\u011f\u00fcnlerden \u00d6nce<\/th>\n<th class=\"module-service-size\">Servis<\/th>\n<\/tr>\n<tr>\n<th class=\"module-product-name\"><span class=\"pp-sm-title\">Hardline CLA One 1000 Mg 100 Jel Kaps\u00fcl<\/span><\/th>\n<td class=\"module-product-service-size\"><span class=\"pp-sm-desc\">1<\/span><\/td>\n<\/tr>\n<\/tbody>\n<\/table>\n<\/div>\n<div class=\"module-table-row clearfix\">\n<table class=\"module-table\">\n<tbody>\n<tr class=\"module-subtitle\">\n<th>Spordan \u00d6nce<\/th>\n<th class=\"module-service-size\">Servis<\/th>\n<\/tr>\n<tr>\n<th class=\"module-product-name\"><span class=\"pp-sm-title\">Hardline Thermo L-Karnitin S\u0131v\u0131 1000 mL<\/span><\/th>\n<td class=\"module-product-service-size\"><span class=\"pp-sm-desc\">1<\/span><\/td>\n<\/tr>\n<\/tbody>\n<\/table>\n<h1><span style=\"color: #993366;\"><strong>Kombinasyonda Neler Var?<\/strong><\/span><\/h1>\n<h1><span style=\"color: #993366;\"><strong><a style=\"color: #993366;\" href=\"https:\/\/lifecenter.com.tr\/magaza\/urun\/hardline-cla-one-1000-mg-100-jel-kapsul\/\">Hardline CLA One 1000 Mg 100 Jel Kaps\u00fcl<\/a><\/strong><\/span><\/h1>\n<h1><span style=\"color: #993366;\"><strong><a style=\"color: #993366;\" href=\"https:\/\/lifecenter.com.tr\/magaza\/urun\/hardline-nutrition-l-karnitin-thermo-lcarnitine-caffeine-kafein-1000-ml\/\">Hardline Nutrition L-Karnitin Thermo \u2013 Lcarnitine, Caffeine (Kafein) 1000 Ml<\/a><\/strong><\/span><\/h1>\n<h1><span style=\"color: #993366;\"><strong><a style=\"color: #993366;\" href=\"https:\/\/lifecenter.com.tr\/magaza\/urun\/life-center-shaker\/\">LIFE CENTER Shaker<\/a><\/strong><\/span><\/h1>\n<\/div>\n<\/div>\n","protected":false},"featured_media":13239,"comment_status":"open","ping_status":"closed","template":"","meta":[],"product_brand":[181],"product_cat":[145],"product_tag":[],"class_list":{"0":"post-13258","1":"product","2":"type-product","3":"status-publish","4":"has-post-thumbnail","6":"product_brand-hardline","7":"product_cat-kombinasyonlar","8":"wcpa_has_options","10":"first","11":"outofstock","12":"shipping-taxable","13":"purchasable","14":"product-type-simple"},"yoast_head":"<!-- This site is optimized with the Yoast SEO plugin v26.8 - https:\/\/yoast.com\/product\/yoast-seo-wordpress\/ -->\n<title>Hardline Thermo L-Karnitin S\u0131v\u0131 1000 mL + CLA One Kombinasyonu - Life Center Online Sat\u0131\u015f Ma\u011fazas\u0131<\/title>\n<meta name=\"robots\" content=\"index, follow, max-snippet:-1, max-image-preview:large, max-video-preview:-1\" \/>\n<link rel=\"canonical\" href=\"https:\/\/lifecenter.com.tr\/magaza\/urun\/hardline-thermo-l-karnitin-sivi-1000-ml-cla-one-kombinasyonu\/\" \/>\n<meta property=\"og:locale\" content=\"tr_TR\" \/>\n<meta property=\"og:type\" content=\"article\" \/>\n<meta property=\"og:title\" content=\"Hardline Thermo L-Karnitin S\u0131v\u0131 1000 mL + CLA One Kombinasyonu - Life Center Online Sat\u0131\u015f Ma\u011fazas\u0131\" \/>\n<meta property=\"og:description\" content=\"Nas\u0131l Kullanmal\u0131y\u0131m ?      Ana \u00d6\u011f\u00fcnlerden \u00d6nce Servis   Hardline CLA One 1000 Mg 100 Jel Kaps\u00fcl 1         Spordan \u00d6nce Servis   Hardline Thermo L-Karnitin S\u0131v\u0131 1000 mL 1    Kombinasyonda Neler Var? Hardline CLA One 1000 Mg 100 Jel Kaps\u00fcl Hardline Nutrition L-Karnitin Thermo \u2013 Lcarnitine, Caffeine (Kafein) 1000 Ml LIFE CENTER Shaker\" \/>\n<meta property=\"og:url\" content=\"https:\/\/lifecenter.com.tr\/magaza\/urun\/hardline-thermo-l-karnitin-sivi-1000-ml-cla-one-kombinasyonu\/\" \/>\n<meta property=\"og:site_name\" content=\"Life Center Online Sat\u0131\u015f Ma\u011fazas\u0131\" \/>\n<meta property=\"article:modified_time\" content=\"2026-01-28T14:13:41+00:00\" \/>\n<meta property=\"og:image\" content=\"https:\/\/lifecenter.com.tr\/magaza\/wp-content\/uploads\/2023\/02\/WhatsApp-Image-2023-02-02-at-05.07.42-4.jpeg\" \/>\n\t<meta property=\"og:image:width\" content=\"768\" \/>\n\t<meta property=\"og:image:height\" content=\"1024\" \/>\n\t<meta property=\"og:image:type\" content=\"image\/jpeg\" \/>\n<meta name=\"twitter:card\" content=\"summary_large_image\" \/>\n<script type=\"application\/ld+json\" class=\"yoast-schema-graph\">{\"@context\":\"https:\/\/schema.org\",\"@graph\":[{\"@type\":\"WebPage\",\"@id\":\"https:\/\/lifecenter.com.tr\/magaza\/urun\/hardline-thermo-l-karnitin-sivi-1000-ml-cla-one-kombinasyonu\/\",\"url\":\"https:\/\/lifecenter.com.tr\/magaza\/urun\/hardline-thermo-l-karnitin-sivi-1000-ml-cla-one-kombinasyonu\/\",\"name\":\"Hardline Thermo L-Karnitin S\u0131v\u0131 1000 mL + CLA One Kombinasyonu - Life Center Online Sat\u0131\u015f Ma\u011fazas\u0131\",\"isPartOf\":{\"@id\":\"https:\/\/lifecenter.com.tr\/magaza\/#website\"},\"primaryImageOfPage\":{\"@id\":\"https:\/\/lifecenter.com.tr\/magaza\/urun\/hardline-thermo-l-karnitin-sivi-1000-ml-cla-one-kombinasyonu\/#primaryimage\"},\"image\":{\"@id\":\"https:\/\/lifecenter.com.tr\/magaza\/urun\/hardline-thermo-l-karnitin-sivi-1000-ml-cla-one-kombinasyonu\/#primaryimage\"},\"thumbnailUrl\":\"https:\/\/lifecenter.com.tr\/magaza\/wp-content\/uploads\/2023\/02\/WhatsApp-Image-2023-02-02-at-05.07.42-4.jpeg\",\"datePublished\":\"2023-02-02T15:29:07+00:00\",\"dateModified\":\"2026-01-28T14:13:41+00:00\",\"breadcrumb\":{\"@id\":\"https:\/\/lifecenter.com.tr\/magaza\/urun\/hardline-thermo-l-karnitin-sivi-1000-ml-cla-one-kombinasyonu\/#breadcrumb\"},\"inLanguage\":\"tr\",\"potentialAction\":[{\"@type\":\"ReadAction\",\"target\":[\"https:\/\/lifecenter.com.tr\/magaza\/urun\/hardline-thermo-l-karnitin-sivi-1000-ml-cla-one-kombinasyonu\/\"]}]},{\"@type\":\"ImageObject\",\"inLanguage\":\"tr\",\"@id\":\"https:\/\/lifecenter.com.tr\/magaza\/urun\/hardline-thermo-l-karnitin-sivi-1000-ml-cla-one-kombinasyonu\/#primaryimage\",\"url\":\"https:\/\/lifecenter.com.tr\/magaza\/wp-content\/uploads\/2023\/02\/WhatsApp-Image-2023-02-02-at-05.07.42-4.jpeg\",\"contentUrl\":\"https:\/\/lifecenter.com.tr\/magaza\/wp-content\/uploads\/2023\/02\/WhatsApp-Image-2023-02-02-at-05.07.42-4.jpeg\",\"width\":768,\"height\":1024},{\"@type\":\"BreadcrumbList\",\"@id\":\"https:\/\/lifecenter.com.tr\/magaza\/urun\/hardline-thermo-l-karnitin-sivi-1000-ml-cla-one-kombinasyonu\/#breadcrumb\",\"itemListElement\":[{\"@type\":\"ListItem\",\"position\":1,\"name\":\"Anasayfa\",\"item\":\"https:\/\/lifecenter.com.tr\/magaza\/\"},{\"@type\":\"ListItem\",\"position\":2,\"name\":\"Ma\u011faza\",\"item\":\"https:\/\/lifecenter.com.tr\/magaza\/magaza\/\"},{\"@type\":\"ListItem\",\"position\":3,\"name\":\"Hardline Thermo L-Karnitin S\u0131v\u0131 1000 mL + CLA One Kombinasyonu\"}]},{\"@type\":\"WebSite\",\"@id\":\"https:\/\/lifecenter.com.tr\/magaza\/#website\",\"url\":\"https:\/\/lifecenter.com.tr\/magaza\/\",\"name\":\"Life Center Online Sat\u0131\u015f Ma\u011fazas\u0131\",\"description\":\"Proteinler, Sporcu Besinleri\",\"potentialAction\":[{\"@type\":\"SearchAction\",\"target\":{\"@type\":\"EntryPoint\",\"urlTemplate\":\"https:\/\/lifecenter.com.tr\/magaza\/?s={search_term_string}\"},\"query-input\":{\"@type\":\"PropertyValueSpecification\",\"valueRequired\":true,\"valueName\":\"search_term_string\"}}],\"inLanguage\":\"tr\"}]}<\/script>\n<!-- \/ Yoast SEO plugin. -->","yoast_head_json":{"title":"Hardline Thermo L-Karnitin S\u0131v\u0131 1000 mL + CLA One Kombinasyonu - Life Center Online Sat\u0131\u015f Ma\u011fazas\u0131","robots":{"index":"index","follow":"follow","max-snippet":"max-snippet:-1","max-image-preview":"max-image-preview:large","max-video-preview":"max-video-preview:-1"},"canonical":"https:\/\/lifecenter.com.tr\/magaza\/urun\/hardline-thermo-l-karnitin-sivi-1000-ml-cla-one-kombinasyonu\/","og_locale":"tr_TR","og_type":"article","og_title":"Hardline Thermo L-Karnitin S\u0131v\u0131 1000 mL + CLA One Kombinasyonu - Life Center Online Sat\u0131\u015f Ma\u011fazas\u0131","og_description":"Nas\u0131l Kullanmal\u0131y\u0131m ?      Ana \u00d6\u011f\u00fcnlerden \u00d6nce Servis   Hardline CLA One 1000 Mg 100 Jel Kaps\u00fcl 1         Spordan \u00d6nce Servis   Hardline Thermo L-Karnitin S\u0131v\u0131 1000 mL 1    Kombinasyonda Neler Var? Hardline CLA One 1000 Mg 100 Jel Kaps\u00fcl Hardline Nutrition L-Karnitin Thermo \u2013 Lcarnitine, Caffeine (Kafein) 1000 Ml LIFE CENTER Shaker","og_url":"https:\/\/lifecenter.com.tr\/magaza\/urun\/hardline-thermo-l-karnitin-sivi-1000-ml-cla-one-kombinasyonu\/","og_site_name":"Life Center Online Sat\u0131\u015f Ma\u011fazas\u0131","article_modified_time":"2026-01-28T14:13:41+00:00","og_image":[{"width":768,"height":1024,"url":"https:\/\/lifecenter.com.tr\/magaza\/wp-content\/uploads\/2023\/02\/WhatsApp-Image-2023-02-02-at-05.07.42-4.jpeg","type":"image\/jpeg"}],"twitter_card":"summary_large_image","schema":{"@context":"https:\/\/schema.org","@graph":[{"@type":"WebPage","@id":"https:\/\/lifecenter.com.tr\/magaza\/urun\/hardline-thermo-l-karnitin-sivi-1000-ml-cla-one-kombinasyonu\/","url":"https:\/\/lifecenter.com.tr\/magaza\/urun\/hardline-thermo-l-karnitin-sivi-1000-ml-cla-one-kombinasyonu\/","name":"Hardline Thermo L-Karnitin S\u0131v\u0131 1000 mL + CLA One Kombinasyonu - Life Center Online Sat\u0131\u015f Ma\u011fazas\u0131","isPartOf":{"@id":"https:\/\/lifecenter.com.tr\/magaza\/#website"},"primaryImageOfPage":{"@id":"https:\/\/lifecenter.com.tr\/magaza\/urun\/hardline-thermo-l-karnitin-sivi-1000-ml-cla-one-kombinasyonu\/#primaryimage"},"image":{"@id":"https:\/\/lifecenter.com.tr\/magaza\/urun\/hardline-thermo-l-karnitin-sivi-1000-ml-cla-one-kombinasyonu\/#primaryimage"},"thumbnailUrl":"https:\/\/lifecenter.com.tr\/magaza\/wp-content\/uploads\/2023\/02\/WhatsApp-Image-2023-02-02-at-05.07.42-4.jpeg","datePublished":"2023-02-02T15:29:07+00:00","dateModified":"2026-01-28T14:13:41+00:00","breadcrumb":{"@id":"https:\/\/lifecenter.com.tr\/magaza\/urun\/hardline-thermo-l-karnitin-sivi-1000-ml-cla-one-kombinasyonu\/#breadcrumb"},"inLanguage":"tr","potentialAction":[{"@type":"ReadAction","target":["https:\/\/lifecenter.com.tr\/magaza\/urun\/hardline-thermo-l-karnitin-sivi-1000-ml-cla-one-kombinasyonu\/"]}]},{"@type":"ImageObject","inLanguage":"tr","@id":"https:\/\/lifecenter.com.tr\/magaza\/urun\/hardline-thermo-l-karnitin-sivi-1000-ml-cla-one-kombinasyonu\/#primaryimage","url":"https:\/\/lifecenter.com.tr\/magaza\/wp-content\/uploads\/2023\/02\/WhatsApp-Image-2023-02-02-at-05.07.42-4.jpeg","contentUrl":"https:\/\/lifecenter.com.tr\/magaza\/wp-content\/uploads\/2023\/02\/WhatsApp-Image-2023-02-02-at-05.07.42-4.jpeg","width":768,"height":1024},{"@type":"BreadcrumbList","@id":"https:\/\/lifecenter.com.tr\/magaza\/urun\/hardline-thermo-l-karnitin-sivi-1000-ml-cla-one-kombinasyonu\/#breadcrumb","itemListElement":[{"@type":"ListItem","position":1,"name":"Anasayfa","item":"https:\/\/lifecenter.com.tr\/magaza\/"},{"@type":"ListItem","position":2,"name":"Ma\u011faza","item":"https:\/\/lifecenter.com.tr\/magaza\/magaza\/"},{"@type":"ListItem","position":3,"name":"Hardline Thermo L-Karnitin S\u0131v\u0131 1000 mL + CLA One Kombinasyonu"}]},{"@type":"WebSite","@id":"https:\/\/lifecenter.com.tr\/magaza\/#website","url":"https:\/\/lifecenter.com.tr\/magaza\/","name":"Life Center Online Sat\u0131\u015f Ma\u011fazas\u0131","description":"Proteinler, Sporcu Besinleri","potentialAction":[{"@type":"SearchAction","target":{"@type":"EntryPoint","urlTemplate":"https:\/\/lifecenter.com.tr\/magaza\/?s={search_term_string}"},"query-input":{"@type":"PropertyValueSpecification","valueRequired":true,"valueName":"search_term_string"}}],"inLanguage":"tr"}]}},"jetpack_sharing_enabled":true,"_links":{"self":[{"href":"https:\/\/lifecenter.com.tr\/magaza\/wp-json\/wp\/v2\/product\/13258","targetHints":{"allow":["GET"]}}],"collection":[{"href":"https:\/\/lifecenter.com.tr\/magaza\/wp-json\/wp\/v2\/product"}],"about":[{"href":"https:\/\/lifecenter.com.tr\/magaza\/wp-json\/wp\/v2\/types\/product"}],"replies":[{"embeddable":true,"href":"https:\/\/lifecenter.com.tr\/magaza\/wp-json\/wp\/v2\/comments?post=13258"}],"version-history":[{"count":3,"href":"https:\/\/lifecenter.com.tr\/magaza\/wp-json\/wp\/v2\/product\/13258\/revisions"}],"predecessor-version":[{"id":13261,"href":"https:\/\/lifecenter.com.tr\/magaza\/wp-json\/wp\/v2\/product\/13258\/revisions\/13261"}],"wp:featuredmedia":[{"embeddable":true,"href":"https:\/\/lifecenter.com.tr\/magaza\/wp-json\/wp\/v2\/media\/13239"}],"wp:attachment":[{"href":"https:\/\/lifecenter.com.tr\/magaza\/wp-json\/wp\/v2\/media?parent=13258"}],"wp:term":[{"taxonomy":"product_brand","embeddable":true,"href":"https:\/\/lifecenter.com.tr\/magaza\/wp-json\/wp\/v2\/product_brand?post=13258"},{"taxonomy":"product_cat","embeddable":true,"href":"https:\/\/lifecenter.com.tr\/magaza\/wp-json\/wp\/v2\/product_cat?post=13258"},{"taxonomy":"product_tag","embeddable":true,"href":"https:\/\/lifecenter.com.tr\/magaza\/wp-json\/wp\/v2\/product_tag?post=13258"}],"curies":[{"name":"wp","href":"https:\/\/api.w.org\/{rel}","templated":true}]}}