{"id":13349,"date":"2023-09-06T17:52:42","date_gmt":"2023-09-06T17:52:42","guid":{"rendered":"https:\/\/lifecenter.com.tr\/magaza\/?post_type=product&#038;p=13349"},"modified":"2024-02-27T12:42:12","modified_gmt":"2024-02-27T12:42:12","slug":"grenade-50-calibre-pre-workout-50-servis-ultimate-orange-portakal","status":"publish","type":"product","link":"https:\/\/lifecenter.com.tr\/magaza\/urun\/grenade-50-calibre-pre-workout-50-servis-ultimate-orange-portakal\/","title":{"rendered":"Grenade 50 Calibre Pre-workout 50 Servis Ult\u0131mate Orange &#8211; Portakal"},"content":{"rendered":"<h3>Grenade 50 Calibre Pre-workout 50 Servis Ult\u0131mate Orange &#8211; Portakal:<\/h3>\n<p>&nbsp;<\/p>\n<ul>\n<li>Grenade 50 Calibre toz formda olan bir antrenman \u00f6ncesi (Pre-Workout) \u00fcr\u00fcn\u00fcd\u00fcr.<\/li>\n<li>Kompleks bir i\u00e7eri\u011fe sahip olan Grenade 50 Calibre sporcular\u0131n antrenman esnas\u0131nda daha olumlu sonu\u00e7lar almas\u0131 i\u00e7in yard\u0131mc\u0131 olur.<\/li>\n<\/ul>\n<h3>Grenade 50 Calibre&#8217;nin Dikkat \u00c7eken \u00d6zellikleri:<\/h3>\n<p>&nbsp;<\/p>\n<p>&nbsp;<\/p>\n<ul>\n<li>Grenade 50 Calibre y\u00fcksek miktarda L-Alanin i\u00e7ermektedir<\/li>\n<li>Grenade 50 Calibre genel olarak t\u00fcm NOX \u00fcr\u00fcnlerinde bulunan Arjinin ve Taurin i\u00e7eri\u011fine sahiptir<\/li>\n<li>Grenade 50 Calibre 2:1:1 oran\u0131nda BCAA i\u00e7ermektedir<\/li>\n<li>Orta Seviye: Spordan 30dk \u00f6nce yar\u0131m \u00f6l\u00e7e\u011fi 300-350 mL su ile kar\u0131\u015ft\u0131rarak al\u0131n\u0131z.<\/li>\n<li>\u0130leri Seviye: Spordan 30dk \u00f6nce yar\u0131m ya da tam 300-350 mL su ile kar\u0131\u015ft\u0131rarak al\u0131n\u0131z.<\/li>\n<\/ul>\n","protected":false},"excerpt":{"rendered":"<p>Grenade 50 Calibre Pre-workout 50 Servis Ult\u0131mate Orange &#8211; Portakal: &nbsp; Grenade 50 Calibre toz formda olan bir antrenman \u00f6ncesi<\/p>\n","protected":false},"featured_media":13350,"comment_status":"open","ping_status":"closed","template":"","meta":[],"product_brand":[],"product_cat":[71],"product_tag":[148,94],"class_list":{"0":"post-13349","1":"product","2":"type-product","3":"status-publish","4":"has-post-thumbnail","6":"product_cat-bcaapree-workout","7":"product_tag-calibre","8":"product_tag-creatine","9":"wcpa_has_options","11":"first","12":"outofstock","13":"sale","14":"shipping-taxable","15":"purchasable","16":"product-type-simple"},"yoast_head":"<!-- This site is optimized with the Yoast SEO plugin v26.8 - https:\/\/yoast.com\/product\/yoast-seo-wordpress\/ -->\n<title>Grenade 50 Calibre Pre-workout 50 Servis Ult\u0131mate Orange - Portakal - Life Center Online Sat\u0131\u015f Ma\u011fazas\u0131<\/title>\n<meta name=\"robots\" content=\"index, follow, max-snippet:-1, max-image-preview:large, max-video-preview:-1\" \/>\n<link rel=\"canonical\" href=\"https:\/\/lifecenter.com.tr\/magaza\/urun\/grenade-50-calibre-pre-workout-50-servis-ultimate-orange-portakal\/\" \/>\n<meta property=\"og:locale\" content=\"tr_TR\" \/>\n<meta property=\"og:type\" content=\"article\" \/>\n<meta property=\"og:title\" content=\"Grenade 50 Calibre Pre-workout 50 Servis Ult\u0131mate Orange - Portakal - Life Center Online Sat\u0131\u015f Ma\u011fazas\u0131\" \/>\n<meta property=\"og:description\" content=\"Grenade 50 Calibre Pre-workout 50 Servis Ult\u0131mate Orange &#8211; Portakal: &nbsp; Grenade 50 Calibre toz formda olan bir antrenman \u00f6ncesi\" \/>\n<meta property=\"og:url\" content=\"https:\/\/lifecenter.com.tr\/magaza\/urun\/grenade-50-calibre-pre-workout-50-servis-ultimate-orange-portakal\/\" \/>\n<meta property=\"og:site_name\" content=\"Life Center Online Sat\u0131\u015f Ma\u011fazas\u0131\" \/>\n<meta property=\"article:modified_time\" content=\"2024-02-27T12:42:12+00:00\" \/>\n<meta property=\"og:image\" content=\"https:\/\/lifecenter.com.tr\/magaza\/wp-content\/uploads\/2023\/09\/IMG_7211.jpeg\" \/>\n\t<meta property=\"og:image:width\" content=\"956\" \/>\n\t<meta property=\"og:image:height\" content=\"956\" \/>\n\t<meta property=\"og:image:type\" content=\"image\/jpeg\" \/>\n<meta name=\"twitter:card\" content=\"summary_large_image\" \/>\n<meta name=\"twitter:label1\" content=\"Tahmini okuma s\u00fcresi\" \/>\n\t<meta name=\"twitter:data1\" content=\"1 dakika\" \/>\n<script type=\"application\/ld+json\" class=\"yoast-schema-graph\">{\"@context\":\"https:\/\/schema.org\",\"@graph\":[{\"@type\":\"WebPage\",\"@id\":\"https:\/\/lifecenter.com.tr\/magaza\/urun\/grenade-50-calibre-pre-workout-50-servis-ultimate-orange-portakal\/\",\"url\":\"https:\/\/lifecenter.com.tr\/magaza\/urun\/grenade-50-calibre-pre-workout-50-servis-ultimate-orange-portakal\/\",\"name\":\"Grenade 50 Calibre Pre-workout 50 Servis Ult\u0131mate Orange - Portakal - Life Center Online Sat\u0131\u015f Ma\u011fazas\u0131\",\"isPartOf\":{\"@id\":\"https:\/\/lifecenter.com.tr\/magaza\/#website\"},\"primaryImageOfPage\":{\"@id\":\"https:\/\/lifecenter.com.tr\/magaza\/urun\/grenade-50-calibre-pre-workout-50-servis-ultimate-orange-portakal\/#primaryimage\"},\"image\":{\"@id\":\"https:\/\/lifecenter.com.tr\/magaza\/urun\/grenade-50-calibre-pre-workout-50-servis-ultimate-orange-portakal\/#primaryimage\"},\"thumbnailUrl\":\"https:\/\/lifecenter.com.tr\/magaza\/wp-content\/uploads\/2023\/09\/IMG_7211.jpeg\",\"datePublished\":\"2023-09-06T17:52:42+00:00\",\"dateModified\":\"2024-02-27T12:42:12+00:00\",\"breadcrumb\":{\"@id\":\"https:\/\/lifecenter.com.tr\/magaza\/urun\/grenade-50-calibre-pre-workout-50-servis-ultimate-orange-portakal\/#breadcrumb\"},\"inLanguage\":\"tr\",\"potentialAction\":[{\"@type\":\"ReadAction\",\"target\":[\"https:\/\/lifecenter.com.tr\/magaza\/urun\/grenade-50-calibre-pre-workout-50-servis-ultimate-orange-portakal\/\"]}]},{\"@type\":\"ImageObject\",\"inLanguage\":\"tr\",\"@id\":\"https:\/\/lifecenter.com.tr\/magaza\/urun\/grenade-50-calibre-pre-workout-50-servis-ultimate-orange-portakal\/#primaryimage\",\"url\":\"https:\/\/lifecenter.com.tr\/magaza\/wp-content\/uploads\/2023\/09\/IMG_7211.jpeg\",\"contentUrl\":\"https:\/\/lifecenter.com.tr\/magaza\/wp-content\/uploads\/2023\/09\/IMG_7211.jpeg\",\"width\":956,\"height\":956},{\"@type\":\"BreadcrumbList\",\"@id\":\"https:\/\/lifecenter.com.tr\/magaza\/urun\/grenade-50-calibre-pre-workout-50-servis-ultimate-orange-portakal\/#breadcrumb\",\"itemListElement\":[{\"@type\":\"ListItem\",\"position\":1,\"name\":\"Anasayfa\",\"item\":\"https:\/\/lifecenter.com.tr\/magaza\/\"},{\"@type\":\"ListItem\",\"position\":2,\"name\":\"Ma\u011faza\",\"item\":\"https:\/\/lifecenter.com.tr\/magaza\/magaza\/\"},{\"@type\":\"ListItem\",\"position\":3,\"name\":\"Grenade 50 Calibre Pre-workout 50 Servis Ult\u0131mate Orange &#8211; Portakal\"}]},{\"@type\":\"WebSite\",\"@id\":\"https:\/\/lifecenter.com.tr\/magaza\/#website\",\"url\":\"https:\/\/lifecenter.com.tr\/magaza\/\",\"name\":\"Life Center Online Sat\u0131\u015f Ma\u011fazas\u0131\",\"description\":\"Proteinler, Sporcu Besinleri\",\"potentialAction\":[{\"@type\":\"SearchAction\",\"target\":{\"@type\":\"EntryPoint\",\"urlTemplate\":\"https:\/\/lifecenter.com.tr\/magaza\/?s={search_term_string}\"},\"query-input\":{\"@type\":\"PropertyValueSpecification\",\"valueRequired\":true,\"valueName\":\"search_term_string\"}}],\"inLanguage\":\"tr\"}]}<\/script>\n<!-- \/ Yoast SEO plugin. -->","yoast_head_json":{"title":"Grenade 50 Calibre Pre-workout 50 Servis Ult\u0131mate Orange - Portakal - Life Center Online Sat\u0131\u015f Ma\u011fazas\u0131","robots":{"index":"index","follow":"follow","max-snippet":"max-snippet:-1","max-image-preview":"max-image-preview:large","max-video-preview":"max-video-preview:-1"},"canonical":"https:\/\/lifecenter.com.tr\/magaza\/urun\/grenade-50-calibre-pre-workout-50-servis-ultimate-orange-portakal\/","og_locale":"tr_TR","og_type":"article","og_title":"Grenade 50 Calibre Pre-workout 50 Servis Ult\u0131mate Orange - Portakal - Life Center Online Sat\u0131\u015f Ma\u011fazas\u0131","og_description":"Grenade 50 Calibre Pre-workout 50 Servis Ult\u0131mate Orange &#8211; Portakal: &nbsp; Grenade 50 Calibre toz formda olan bir antrenman \u00f6ncesi","og_url":"https:\/\/lifecenter.com.tr\/magaza\/urun\/grenade-50-calibre-pre-workout-50-servis-ultimate-orange-portakal\/","og_site_name":"Life Center Online Sat\u0131\u015f Ma\u011fazas\u0131","article_modified_time":"2024-02-27T12:42:12+00:00","og_image":[{"width":956,"height":956,"url":"https:\/\/lifecenter.com.tr\/magaza\/wp-content\/uploads\/2023\/09\/IMG_7211.jpeg","type":"image\/jpeg"}],"twitter_card":"summary_large_image","twitter_misc":{"Tahmini okuma s\u00fcresi":"1 dakika"},"schema":{"@context":"https:\/\/schema.org","@graph":[{"@type":"WebPage","@id":"https:\/\/lifecenter.com.tr\/magaza\/urun\/grenade-50-calibre-pre-workout-50-servis-ultimate-orange-portakal\/","url":"https:\/\/lifecenter.com.tr\/magaza\/urun\/grenade-50-calibre-pre-workout-50-servis-ultimate-orange-portakal\/","name":"Grenade 50 Calibre Pre-workout 50 Servis Ult\u0131mate Orange - Portakal - Life Center Online Sat\u0131\u015f Ma\u011fazas\u0131","isPartOf":{"@id":"https:\/\/lifecenter.com.tr\/magaza\/#website"},"primaryImageOfPage":{"@id":"https:\/\/lifecenter.com.tr\/magaza\/urun\/grenade-50-calibre-pre-workout-50-servis-ultimate-orange-portakal\/#primaryimage"},"image":{"@id":"https:\/\/lifecenter.com.tr\/magaza\/urun\/grenade-50-calibre-pre-workout-50-servis-ultimate-orange-portakal\/#primaryimage"},"thumbnailUrl":"https:\/\/lifecenter.com.tr\/magaza\/wp-content\/uploads\/2023\/09\/IMG_7211.jpeg","datePublished":"2023-09-06T17:52:42+00:00","dateModified":"2024-02-27T12:42:12+00:00","breadcrumb":{"@id":"https:\/\/lifecenter.com.tr\/magaza\/urun\/grenade-50-calibre-pre-workout-50-servis-ultimate-orange-portakal\/#breadcrumb"},"inLanguage":"tr","potentialAction":[{"@type":"ReadAction","target":["https:\/\/lifecenter.com.tr\/magaza\/urun\/grenade-50-calibre-pre-workout-50-servis-ultimate-orange-portakal\/"]}]},{"@type":"ImageObject","inLanguage":"tr","@id":"https:\/\/lifecenter.com.tr\/magaza\/urun\/grenade-50-calibre-pre-workout-50-servis-ultimate-orange-portakal\/#primaryimage","url":"https:\/\/lifecenter.com.tr\/magaza\/wp-content\/uploads\/2023\/09\/IMG_7211.jpeg","contentUrl":"https:\/\/lifecenter.com.tr\/magaza\/wp-content\/uploads\/2023\/09\/IMG_7211.jpeg","width":956,"height":956},{"@type":"BreadcrumbList","@id":"https:\/\/lifecenter.com.tr\/magaza\/urun\/grenade-50-calibre-pre-workout-50-servis-ultimate-orange-portakal\/#breadcrumb","itemListElement":[{"@type":"ListItem","position":1,"name":"Anasayfa","item":"https:\/\/lifecenter.com.tr\/magaza\/"},{"@type":"ListItem","position":2,"name":"Ma\u011faza","item":"https:\/\/lifecenter.com.tr\/magaza\/magaza\/"},{"@type":"ListItem","position":3,"name":"Grenade 50 Calibre Pre-workout 50 Servis Ult\u0131mate Orange &#8211; Portakal"}]},{"@type":"WebSite","@id":"https:\/\/lifecenter.com.tr\/magaza\/#website","url":"https:\/\/lifecenter.com.tr\/magaza\/","name":"Life Center Online Sat\u0131\u015f Ma\u011fazas\u0131","description":"Proteinler, Sporcu Besinleri","potentialAction":[{"@type":"SearchAction","target":{"@type":"EntryPoint","urlTemplate":"https:\/\/lifecenter.com.tr\/magaza\/?s={search_term_string}"},"query-input":{"@type":"PropertyValueSpecification","valueRequired":true,"valueName":"search_term_string"}}],"inLanguage":"tr"}]}},"jetpack_sharing_enabled":true,"_links":{"self":[{"href":"https:\/\/lifecenter.com.tr\/magaza\/wp-json\/wp\/v2\/product\/13349","targetHints":{"allow":["GET"]}}],"collection":[{"href":"https:\/\/lifecenter.com.tr\/magaza\/wp-json\/wp\/v2\/product"}],"about":[{"href":"https:\/\/lifecenter.com.tr\/magaza\/wp-json\/wp\/v2\/types\/product"}],"replies":[{"embeddable":true,"href":"https:\/\/lifecenter.com.tr\/magaza\/wp-json\/wp\/v2\/comments?post=13349"}],"version-history":[{"count":2,"href":"https:\/\/lifecenter.com.tr\/magaza\/wp-json\/wp\/v2\/product\/13349\/revisions"}],"predecessor-version":[{"id":13652,"href":"https:\/\/lifecenter.com.tr\/magaza\/wp-json\/wp\/v2\/product\/13349\/revisions\/13652"}],"wp:featuredmedia":[{"embeddable":true,"href":"https:\/\/lifecenter.com.tr\/magaza\/wp-json\/wp\/v2\/media\/13350"}],"wp:attachment":[{"href":"https:\/\/lifecenter.com.tr\/magaza\/wp-json\/wp\/v2\/media?parent=13349"}],"wp:term":[{"taxonomy":"product_brand","embeddable":true,"href":"https:\/\/lifecenter.com.tr\/magaza\/wp-json\/wp\/v2\/product_brand?post=13349"},{"taxonomy":"product_cat","embeddable":true,"href":"https:\/\/lifecenter.com.tr\/magaza\/wp-json\/wp\/v2\/product_cat?post=13349"},{"taxonomy":"product_tag","embeddable":true,"href":"https:\/\/lifecenter.com.tr\/magaza\/wp-json\/wp\/v2\/product_tag?post=13349"}],"curies":[{"name":"wp","href":"https:\/\/api.w.org\/{rel}","templated":true}]}}