{"id":13523,"date":"2024-01-24T18:20:24","date_gmt":"2024-01-24T18:20:24","guid":{"rendered":"https:\/\/lifecenter.com.tr\/magaza\/?post_type=product&#038;p=13523"},"modified":"2026-05-11T14:37:53","modified_gmt":"2026-05-11T14:37:53","slug":"hardline-whey-3-matrix-2300-gr","status":"publish","type":"product","link":"https:\/\/lifecenter.com.tr\/magaza\/urun\/hardline-whey-3-matrix-2300-gr\/","title":{"rendered":"Hardline Whey 3 Matrix 2300 Gr"},"content":{"rendered":"","protected":false},"excerpt":{"rendered":"<p>Hardline Whey 3Matrix son d\u00f6nemin en ba\u015far\u0131l\u0131 Whey protein \u00fcr\u00fcnlerinden birisidir. 3Matrix ad\u0131 i\u00e7eri\u011finde bulunan 3 farkli Whey proteininden gelmektedir. Hidrolize, Izole ve Konsantre Whey proteini i\u00e7eren 3Matrix antrenman \u00f6ncesi ve sonras\u0131 i\u00e7in kullan\u0131ma uygun bir \u00fcr\u00fcnd\u00fcr.Y\u00fcksek kalite whey protein konsantresi, whey protein izolat\u0131 ve peptid formdaki whey protein hidrolizat\u0131 i\u00e7eren Hardline Whey 3Matrix&#8217;in yenilenen form\u00fcl\u00fc B6 vitamini ile desteklenmi\u015ftir. \u0130lave \u015feker, karbonhidrat veya ya\u011f i\u00e7ermez.<br \/>\nHardline Whey 3Matrix&#8217;in Dikkat \u00c7eken \u00d6zellikleri:<br \/>\n&#8211; %80 protein oran\u0131:<br \/>\n\u00c7ikolata : 24,1 g<br \/>\n\u00c7ilek : 24,6 g<br \/>\nMuz : 24,6 g<br \/>\nSahlep : 24,6 g<br \/>\nLimonlu Cheesecake : 24,6 g<br \/>\n&#8211; %22,3 BCAA oran\u0131:<br \/>\n\u00c7ikolata : 5,37 g<br \/>\n\u00c7ilek : 5,48 g<br \/>\nMuz : 5,48 g<br \/>\nSahlep : 5,48 g<br \/>\nLimonlu Cheesecake : 5,48 g<br \/>\n&#8211; %14,2 Glutamik Asit \u00f6nc\u00fcleri oran\u0131:<br \/>\n\u00c7ikolata : 3,43 g<br \/>\n\u00c7ilek : 3,50 g<br \/>\nMuz : 3,50 g<br \/>\nSahlep : 3,50 g<br \/>\nLimonlu Cheesecake : 3,50 g<br \/>\n&#8211; 3 farkl\u0131 Whey protein \u00e7e\u015fidi: Hidrolize, \u0130zole ve Konsantre Whey proteinleri- B6 vitamini ile desteklenmi\u015f yeni form\u00fcl- Saf formda 2000mg Kreatin Monohidrat &#8211; Yenilenen \u00f6l\u00e7ek boyu artan servis miktar\u0131- Aspartam tatland\u0131r\u0131c\u0131s\u0131 i\u00e7ermez<\/p>\n","protected":false},"featured_media":13152,"comment_status":"open","ping_status":"closed","template":"","meta":[],"product_brand":[181],"product_cat":[182,156,20],"product_tag":[],"class_list":{"0":"post-13523","1":"product","2":"type-product","3":"status-publish","4":"has-post-thumbnail","6":"product_brand-hardline","7":"product_cat-populer-urunler","8":"product_cat-proteinler","9":"product_cat-accessories","10":"wcpa_has_options","12":"first","13":"instock","14":"shipping-taxable","15":"purchasable","16":"product-type-simple"},"yoast_head":"<!-- This site is optimized with the Yoast SEO plugin v26.8 - https:\/\/yoast.com\/product\/yoast-seo-wordpress\/ -->\n<title>Hardline Whey 3 Matrix 2300 Gr - Life Center Online Sat\u0131\u015f Ma\u011fazas\u0131<\/title>\n<meta name=\"robots\" content=\"index, follow, max-snippet:-1, max-image-preview:large, max-video-preview:-1\" \/>\n<link rel=\"canonical\" href=\"https:\/\/lifecenter.com.tr\/magaza\/urun\/hardline-whey-3-matrix-2300-gr\/\" \/>\n<meta property=\"og:locale\" content=\"tr_TR\" \/>\n<meta property=\"og:type\" content=\"article\" \/>\n<meta property=\"og:title\" content=\"Hardline Whey 3 Matrix 2300 Gr - Life Center Online Sat\u0131\u015f Ma\u011fazas\u0131\" \/>\n<meta property=\"og:description\" content=\"Hardline Whey 3Matrix son d\u00f6nemin en ba\u015far\u0131l\u0131 Whey protein \u00fcr\u00fcnlerinden birisidir. 3Matrix ad\u0131 i\u00e7eri\u011finde bulunan 3 farkli Whey proteininden gelmektedir. Hidrolize, Izole ve Konsantre Whey proteini i\u00e7eren 3Matrix antrenman \u00f6ncesi ve sonras\u0131 i\u00e7in kullan\u0131ma uygun bir \u00fcr\u00fcnd\u00fcr.Y\u00fcksek kalite whey protein konsantresi, whey protein izolat\u0131 ve peptid formdaki whey protein hidrolizat\u0131 i\u00e7eren Hardline Whey 3Matrix&#039;in yenilenen form\u00fcl\u00fc B6 vitamini ile desteklenmi\u015ftir. \u0130lave \u015feker, karbonhidrat veya ya\u011f i\u00e7ermez. Hardline Whey 3Matrix&#039;in Dikkat \u00c7eken \u00d6zellikleri: - %80 protein oran\u0131: \u00c7ikolata : 24,1 g \u00c7ilek : 24,6 g Muz : 24,6 g Sahlep : 24,6 g Limonlu Cheesecake : 24,6 g - %22,3 BCAA oran\u0131: \u00c7ikolata : 5,37 g \u00c7ilek : 5,48 g Muz : 5,48 g Sahlep : 5,48 g Limonlu Cheesecake : 5,48 g - %14,2 Glutamik Asit \u00f6nc\u00fcleri oran\u0131: \u00c7ikolata : 3,43 g \u00c7ilek : 3,50 g Muz : 3,50 g Sahlep : 3,50 g Limonlu Cheesecake : 3,50 g - 3 farkl\u0131 Whey protein \u00e7e\u015fidi: Hidrolize, \u0130zole ve Konsantre Whey proteinleri- B6 vitamini ile desteklenmi\u015f yeni form\u00fcl- Saf formda 2000mg Kreatin Monohidrat - Yenilenen \u00f6l\u00e7ek boyu artan servis miktar\u0131- Aspartam tatland\u0131r\u0131c\u0131s\u0131 i\u00e7ermez\" \/>\n<meta property=\"og:url\" content=\"https:\/\/lifecenter.com.tr\/magaza\/urun\/hardline-whey-3-matrix-2300-gr\/\" \/>\n<meta property=\"og:site_name\" content=\"Life Center Online Sat\u0131\u015f Ma\u011fazas\u0131\" \/>\n<meta property=\"article:modified_time\" content=\"2026-05-11T14:37:53+00:00\" \/>\n<meta property=\"og:image\" content=\"https:\/\/lifecenter.com.tr\/magaza\/wp-content\/uploads\/2022\/05\/whey-3matrix-kurabiyeli-2300gr-600x600-2.png\" \/>\n\t<meta property=\"og:image:width\" content=\"600\" \/>\n\t<meta property=\"og:image:height\" content=\"600\" \/>\n\t<meta property=\"og:image:type\" content=\"image\/png\" \/>\n<meta name=\"twitter:card\" content=\"summary_large_image\" \/>\n<meta name=\"twitter:label1\" content=\"Tahmini okuma s\u00fcresi\" \/>\n\t<meta name=\"twitter:data1\" content=\"1 dakika\" \/>\n<script type=\"application\/ld+json\" class=\"yoast-schema-graph\">{\"@context\":\"https:\/\/schema.org\",\"@graph\":[{\"@type\":\"WebPage\",\"@id\":\"https:\/\/lifecenter.com.tr\/magaza\/urun\/hardline-whey-3-matrix-2300-gr\/\",\"url\":\"https:\/\/lifecenter.com.tr\/magaza\/urun\/hardline-whey-3-matrix-2300-gr\/\",\"name\":\"Hardline Whey 3 Matrix 2300 Gr - Life Center Online Sat\u0131\u015f Ma\u011fazas\u0131\",\"isPartOf\":{\"@id\":\"https:\/\/lifecenter.com.tr\/magaza\/#website\"},\"primaryImageOfPage\":{\"@id\":\"https:\/\/lifecenter.com.tr\/magaza\/urun\/hardline-whey-3-matrix-2300-gr\/#primaryimage\"},\"image\":{\"@id\":\"https:\/\/lifecenter.com.tr\/magaza\/urun\/hardline-whey-3-matrix-2300-gr\/#primaryimage\"},\"thumbnailUrl\":\"https:\/\/lifecenter.com.tr\/magaza\/wp-content\/uploads\/2022\/05\/whey-3matrix-kurabiyeli-2300gr-600x600-2.png\",\"datePublished\":\"2024-01-24T18:20:24+00:00\",\"dateModified\":\"2026-05-11T14:37:53+00:00\",\"breadcrumb\":{\"@id\":\"https:\/\/lifecenter.com.tr\/magaza\/urun\/hardline-whey-3-matrix-2300-gr\/#breadcrumb\"},\"inLanguage\":\"tr\",\"potentialAction\":[{\"@type\":\"ReadAction\",\"target\":[\"https:\/\/lifecenter.com.tr\/magaza\/urun\/hardline-whey-3-matrix-2300-gr\/\"]}]},{\"@type\":\"ImageObject\",\"inLanguage\":\"tr\",\"@id\":\"https:\/\/lifecenter.com.tr\/magaza\/urun\/hardline-whey-3-matrix-2300-gr\/#primaryimage\",\"url\":\"https:\/\/lifecenter.com.tr\/magaza\/wp-content\/uploads\/2022\/05\/whey-3matrix-kurabiyeli-2300gr-600x600-2.png\",\"contentUrl\":\"https:\/\/lifecenter.com.tr\/magaza\/wp-content\/uploads\/2022\/05\/whey-3matrix-kurabiyeli-2300gr-600x600-2.png\",\"width\":600,\"height\":600},{\"@type\":\"BreadcrumbList\",\"@id\":\"https:\/\/lifecenter.com.tr\/magaza\/urun\/hardline-whey-3-matrix-2300-gr\/#breadcrumb\",\"itemListElement\":[{\"@type\":\"ListItem\",\"position\":1,\"name\":\"Anasayfa\",\"item\":\"https:\/\/lifecenter.com.tr\/magaza\/\"},{\"@type\":\"ListItem\",\"position\":2,\"name\":\"Ma\u011faza\",\"item\":\"https:\/\/lifecenter.com.tr\/magaza\/magaza\/\"},{\"@type\":\"ListItem\",\"position\":3,\"name\":\"Hardline Whey 3 Matrix 2300 Gr\"}]},{\"@type\":\"WebSite\",\"@id\":\"https:\/\/lifecenter.com.tr\/magaza\/#website\",\"url\":\"https:\/\/lifecenter.com.tr\/magaza\/\",\"name\":\"Life Center Online Sat\u0131\u015f Ma\u011fazas\u0131\",\"description\":\"Proteinler, Sporcu Besinleri\",\"potentialAction\":[{\"@type\":\"SearchAction\",\"target\":{\"@type\":\"EntryPoint\",\"urlTemplate\":\"https:\/\/lifecenter.com.tr\/magaza\/?s={search_term_string}\"},\"query-input\":{\"@type\":\"PropertyValueSpecification\",\"valueRequired\":true,\"valueName\":\"search_term_string\"}}],\"inLanguage\":\"tr\"}]}<\/script>\n<!-- \/ Yoast SEO plugin. -->","yoast_head_json":{"title":"Hardline Whey 3 Matrix 2300 Gr - Life Center Online Sat\u0131\u015f Ma\u011fazas\u0131","robots":{"index":"index","follow":"follow","max-snippet":"max-snippet:-1","max-image-preview":"max-image-preview:large","max-video-preview":"max-video-preview:-1"},"canonical":"https:\/\/lifecenter.com.tr\/magaza\/urun\/hardline-whey-3-matrix-2300-gr\/","og_locale":"tr_TR","og_type":"article","og_title":"Hardline Whey 3 Matrix 2300 Gr - Life Center Online Sat\u0131\u015f Ma\u011fazas\u0131","og_description":"Hardline Whey 3Matrix son d\u00f6nemin en ba\u015far\u0131l\u0131 Whey protein \u00fcr\u00fcnlerinden birisidir. 3Matrix ad\u0131 i\u00e7eri\u011finde bulunan 3 farkli Whey proteininden gelmektedir. Hidrolize, Izole ve Konsantre Whey proteini i\u00e7eren 3Matrix antrenman \u00f6ncesi ve sonras\u0131 i\u00e7in kullan\u0131ma uygun bir \u00fcr\u00fcnd\u00fcr.Y\u00fcksek kalite whey protein konsantresi, whey protein izolat\u0131 ve peptid formdaki whey protein hidrolizat\u0131 i\u00e7eren Hardline Whey 3Matrix'in yenilenen form\u00fcl\u00fc B6 vitamini ile desteklenmi\u015ftir. \u0130lave \u015feker, karbonhidrat veya ya\u011f i\u00e7ermez. Hardline Whey 3Matrix'in Dikkat \u00c7eken \u00d6zellikleri: - %80 protein oran\u0131: \u00c7ikolata : 24,1 g \u00c7ilek : 24,6 g Muz : 24,6 g Sahlep : 24,6 g Limonlu Cheesecake : 24,6 g - %22,3 BCAA oran\u0131: \u00c7ikolata : 5,37 g \u00c7ilek : 5,48 g Muz : 5,48 g Sahlep : 5,48 g Limonlu Cheesecake : 5,48 g - %14,2 Glutamik Asit \u00f6nc\u00fcleri oran\u0131: \u00c7ikolata : 3,43 g \u00c7ilek : 3,50 g Muz : 3,50 g Sahlep : 3,50 g Limonlu Cheesecake : 3,50 g - 3 farkl\u0131 Whey protein \u00e7e\u015fidi: Hidrolize, \u0130zole ve Konsantre Whey proteinleri- B6 vitamini ile desteklenmi\u015f yeni form\u00fcl- Saf formda 2000mg Kreatin Monohidrat - Yenilenen \u00f6l\u00e7ek boyu artan servis miktar\u0131- Aspartam tatland\u0131r\u0131c\u0131s\u0131 i\u00e7ermez","og_url":"https:\/\/lifecenter.com.tr\/magaza\/urun\/hardline-whey-3-matrix-2300-gr\/","og_site_name":"Life Center Online Sat\u0131\u015f Ma\u011fazas\u0131","article_modified_time":"2026-05-11T14:37:53+00:00","og_image":[{"width":600,"height":600,"url":"https:\/\/lifecenter.com.tr\/magaza\/wp-content\/uploads\/2022\/05\/whey-3matrix-kurabiyeli-2300gr-600x600-2.png","type":"image\/png"}],"twitter_card":"summary_large_image","twitter_misc":{"Tahmini okuma s\u00fcresi":"1 dakika"},"schema":{"@context":"https:\/\/schema.org","@graph":[{"@type":"WebPage","@id":"https:\/\/lifecenter.com.tr\/magaza\/urun\/hardline-whey-3-matrix-2300-gr\/","url":"https:\/\/lifecenter.com.tr\/magaza\/urun\/hardline-whey-3-matrix-2300-gr\/","name":"Hardline Whey 3 Matrix 2300 Gr - Life Center Online Sat\u0131\u015f Ma\u011fazas\u0131","isPartOf":{"@id":"https:\/\/lifecenter.com.tr\/magaza\/#website"},"primaryImageOfPage":{"@id":"https:\/\/lifecenter.com.tr\/magaza\/urun\/hardline-whey-3-matrix-2300-gr\/#primaryimage"},"image":{"@id":"https:\/\/lifecenter.com.tr\/magaza\/urun\/hardline-whey-3-matrix-2300-gr\/#primaryimage"},"thumbnailUrl":"https:\/\/lifecenter.com.tr\/magaza\/wp-content\/uploads\/2022\/05\/whey-3matrix-kurabiyeli-2300gr-600x600-2.png","datePublished":"2024-01-24T18:20:24+00:00","dateModified":"2026-05-11T14:37:53+00:00","breadcrumb":{"@id":"https:\/\/lifecenter.com.tr\/magaza\/urun\/hardline-whey-3-matrix-2300-gr\/#breadcrumb"},"inLanguage":"tr","potentialAction":[{"@type":"ReadAction","target":["https:\/\/lifecenter.com.tr\/magaza\/urun\/hardline-whey-3-matrix-2300-gr\/"]}]},{"@type":"ImageObject","inLanguage":"tr","@id":"https:\/\/lifecenter.com.tr\/magaza\/urun\/hardline-whey-3-matrix-2300-gr\/#primaryimage","url":"https:\/\/lifecenter.com.tr\/magaza\/wp-content\/uploads\/2022\/05\/whey-3matrix-kurabiyeli-2300gr-600x600-2.png","contentUrl":"https:\/\/lifecenter.com.tr\/magaza\/wp-content\/uploads\/2022\/05\/whey-3matrix-kurabiyeli-2300gr-600x600-2.png","width":600,"height":600},{"@type":"BreadcrumbList","@id":"https:\/\/lifecenter.com.tr\/magaza\/urun\/hardline-whey-3-matrix-2300-gr\/#breadcrumb","itemListElement":[{"@type":"ListItem","position":1,"name":"Anasayfa","item":"https:\/\/lifecenter.com.tr\/magaza\/"},{"@type":"ListItem","position":2,"name":"Ma\u011faza","item":"https:\/\/lifecenter.com.tr\/magaza\/magaza\/"},{"@type":"ListItem","position":3,"name":"Hardline Whey 3 Matrix 2300 Gr"}]},{"@type":"WebSite","@id":"https:\/\/lifecenter.com.tr\/magaza\/#website","url":"https:\/\/lifecenter.com.tr\/magaza\/","name":"Life Center Online Sat\u0131\u015f Ma\u011fazas\u0131","description":"Proteinler, Sporcu Besinleri","potentialAction":[{"@type":"SearchAction","target":{"@type":"EntryPoint","urlTemplate":"https:\/\/lifecenter.com.tr\/magaza\/?s={search_term_string}"},"query-input":{"@type":"PropertyValueSpecification","valueRequired":true,"valueName":"search_term_string"}}],"inLanguage":"tr"}]}},"jetpack_sharing_enabled":true,"_links":{"self":[{"href":"https:\/\/lifecenter.com.tr\/magaza\/wp-json\/wp\/v2\/product\/13523","targetHints":{"allow":["GET"]}}],"collection":[{"href":"https:\/\/lifecenter.com.tr\/magaza\/wp-json\/wp\/v2\/product"}],"about":[{"href":"https:\/\/lifecenter.com.tr\/magaza\/wp-json\/wp\/v2\/types\/product"}],"replies":[{"embeddable":true,"href":"https:\/\/lifecenter.com.tr\/magaza\/wp-json\/wp\/v2\/comments?post=13523"}],"version-history":[{"count":3,"href":"https:\/\/lifecenter.com.tr\/magaza\/wp-json\/wp\/v2\/product\/13523\/revisions"}],"predecessor-version":[{"id":14192,"href":"https:\/\/lifecenter.com.tr\/magaza\/wp-json\/wp\/v2\/product\/13523\/revisions\/14192"}],"wp:featuredmedia":[{"embeddable":true,"href":"https:\/\/lifecenter.com.tr\/magaza\/wp-json\/wp\/v2\/media\/13152"}],"wp:attachment":[{"href":"https:\/\/lifecenter.com.tr\/magaza\/wp-json\/wp\/v2\/media?parent=13523"}],"wp:term":[{"taxonomy":"product_brand","embeddable":true,"href":"https:\/\/lifecenter.com.tr\/magaza\/wp-json\/wp\/v2\/product_brand?post=13523"},{"taxonomy":"product_cat","embeddable":true,"href":"https:\/\/lifecenter.com.tr\/magaza\/wp-json\/wp\/v2\/product_cat?post=13523"},{"taxonomy":"product_tag","embeddable":true,"href":"https:\/\/lifecenter.com.tr\/magaza\/wp-json\/wp\/v2\/product_tag?post=13523"}],"curies":[{"name":"wp","href":"https:\/\/api.w.org\/{rel}","templated":true}]}}