{"id":13574,"date":"2024-01-25T15:54:27","date_gmt":"2024-01-25T15:54:27","guid":{"rendered":"https:\/\/lifecenter.com.tr\/magaza\/?post_type=product&#038;p=13574"},"modified":"2025-03-05T10:48:30","modified_gmt":"2025-03-05T10:48:30","slug":"big-joy-sports-bcaa-pro-411-400-gr-karpuz","status":"publish","type":"product","link":"https:\/\/lifecenter.com.tr\/magaza\/urun\/big-joy-sports-bcaa-pro-411-400-gr-karpuz\/","title":{"rendered":"Big Joy Sports BCAA Pro 4:1:1 400 G"},"content":{"rendered":"<p>Big Joy Sports BCAA Pro 4:1:1 400 Gr Karpuz A\u00e7\u0131klamas\u0131<br \/>\nBig Joy BCAA Pro 4:1:1 Nedir? <\/p>\n<p>Big Joy BCAA Pro 4:1:1 toz formda olan ve BCAA i\u00e7eren bir amino asit \u00fcr\u00fcn\u00fcd\u00fcr. <\/p>\n<p>4:1:1 oran\u0131 ile y\u00fcksek miktarda L\u00f6sin amino asidi i\u00e7eren Big Joy BCAA Pro 4:1:1, sporcular\u0131n g\u00fcnl\u00fck BCAA ihtiyac\u0131n\u0131 gidermeye yard\u0131mc\u0131 olabilmektedir. <\/p>\n<p>Big Joy BCAA Pro 4:1:1&#8217;in dikkat \u00e7eken \u00f6zellikleri: <\/p>\n<p>&#8211; Her 1 servisinde 4000mg L\u00f6sin <\/p>\n","protected":false},"excerpt":{"rendered":"<p>Big Joy Sports BCAA Pro 4:1:1 400 Gr Karpuz A\u00e7\u0131klamas\u0131 Big Joy BCAA Pro 4:1:1 Nedir? Big Joy BCAA Pro<\/p>\n","protected":false},"featured_media":13576,"comment_status":"open","ping_status":"closed","template":"","meta":[],"product_brand":[],"product_cat":[71],"product_tag":[],"class_list":{"0":"post-13574","1":"product","2":"type-product","3":"status-publish","4":"has-post-thumbnail","6":"product_cat-bcaapree-workout","7":"wcpa_has_options","9":"first","10":"outofstock","11":"featured","12":"shipping-taxable","13":"purchasable","14":"product-type-variable"},"yoast_head":"<!-- This site is optimized with the Yoast SEO plugin v26.8 - https:\/\/yoast.com\/product\/yoast-seo-wordpress\/ -->\n<title>Big Joy Sports BCAA Pro 4:1:1 400 G - Life Center Online Sat\u0131\u015f Ma\u011fazas\u0131<\/title>\n<meta name=\"robots\" content=\"index, follow, max-snippet:-1, max-image-preview:large, max-video-preview:-1\" \/>\n<link rel=\"canonical\" href=\"https:\/\/lifecenter.com.tr\/magaza\/urun\/big-joy-sports-bcaa-pro-411-400-gr-karpuz\/\" \/>\n<meta property=\"og:locale\" content=\"tr_TR\" \/>\n<meta property=\"og:type\" content=\"article\" \/>\n<meta property=\"og:title\" content=\"Big Joy Sports BCAA Pro 4:1:1 400 G - Life Center Online Sat\u0131\u015f Ma\u011fazas\u0131\" \/>\n<meta property=\"og:description\" content=\"Big Joy Sports BCAA Pro 4:1:1 400 Gr Karpuz A\u00e7\u0131klamas\u0131 Big Joy BCAA Pro 4:1:1 Nedir? Big Joy BCAA Pro\" \/>\n<meta property=\"og:url\" content=\"https:\/\/lifecenter.com.tr\/magaza\/urun\/big-joy-sports-bcaa-pro-411-400-gr-karpuz\/\" \/>\n<meta property=\"og:site_name\" content=\"Life Center Online Sat\u0131\u015f Ma\u011fazas\u0131\" \/>\n<meta property=\"article:modified_time\" content=\"2025-03-05T10:48:30+00:00\" \/>\n<meta property=\"og:image\" content=\"https:\/\/lifecenter.com.tr\/magaza\/wp-content\/uploads\/2024\/01\/9.jpg\" \/>\n\t<meta property=\"og:image:width\" content=\"720\" \/>\n\t<meta property=\"og:image:height\" content=\"720\" \/>\n\t<meta property=\"og:image:type\" content=\"image\/jpeg\" \/>\n<meta name=\"twitter:card\" content=\"summary_large_image\" \/>\n<meta name=\"twitter:label1\" content=\"Tahmini okuma s\u00fcresi\" \/>\n\t<meta name=\"twitter:data1\" content=\"1 dakika\" \/>\n<script type=\"application\/ld+json\" class=\"yoast-schema-graph\">{\"@context\":\"https:\/\/schema.org\",\"@graph\":[{\"@type\":\"WebPage\",\"@id\":\"https:\/\/lifecenter.com.tr\/magaza\/urun\/big-joy-sports-bcaa-pro-411-400-gr-karpuz\/\",\"url\":\"https:\/\/lifecenter.com.tr\/magaza\/urun\/big-joy-sports-bcaa-pro-411-400-gr-karpuz\/\",\"name\":\"Big Joy Sports BCAA Pro 4:1:1 400 G - Life Center Online Sat\u0131\u015f Ma\u011fazas\u0131\",\"isPartOf\":{\"@id\":\"https:\/\/lifecenter.com.tr\/magaza\/#website\"},\"primaryImageOfPage\":{\"@id\":\"https:\/\/lifecenter.com.tr\/magaza\/urun\/big-joy-sports-bcaa-pro-411-400-gr-karpuz\/#primaryimage\"},\"image\":{\"@id\":\"https:\/\/lifecenter.com.tr\/magaza\/urun\/big-joy-sports-bcaa-pro-411-400-gr-karpuz\/#primaryimage\"},\"thumbnailUrl\":\"https:\/\/lifecenter.com.tr\/magaza\/wp-content\/uploads\/2024\/01\/9.jpg\",\"datePublished\":\"2024-01-25T15:54:27+00:00\",\"dateModified\":\"2025-03-05T10:48:30+00:00\",\"breadcrumb\":{\"@id\":\"https:\/\/lifecenter.com.tr\/magaza\/urun\/big-joy-sports-bcaa-pro-411-400-gr-karpuz\/#breadcrumb\"},\"inLanguage\":\"tr\",\"potentialAction\":[{\"@type\":\"ReadAction\",\"target\":[\"https:\/\/lifecenter.com.tr\/magaza\/urun\/big-joy-sports-bcaa-pro-411-400-gr-karpuz\/\"]}]},{\"@type\":\"ImageObject\",\"inLanguage\":\"tr\",\"@id\":\"https:\/\/lifecenter.com.tr\/magaza\/urun\/big-joy-sports-bcaa-pro-411-400-gr-karpuz\/#primaryimage\",\"url\":\"https:\/\/lifecenter.com.tr\/magaza\/wp-content\/uploads\/2024\/01\/9.jpg\",\"contentUrl\":\"https:\/\/lifecenter.com.tr\/magaza\/wp-content\/uploads\/2024\/01\/9.jpg\",\"width\":720,\"height\":720},{\"@type\":\"BreadcrumbList\",\"@id\":\"https:\/\/lifecenter.com.tr\/magaza\/urun\/big-joy-sports-bcaa-pro-411-400-gr-karpuz\/#breadcrumb\",\"itemListElement\":[{\"@type\":\"ListItem\",\"position\":1,\"name\":\"Anasayfa\",\"item\":\"https:\/\/lifecenter.com.tr\/magaza\/\"},{\"@type\":\"ListItem\",\"position\":2,\"name\":\"Ma\u011faza\",\"item\":\"https:\/\/lifecenter.com.tr\/magaza\/magaza\/\"},{\"@type\":\"ListItem\",\"position\":3,\"name\":\"Big Joy Sports BCAA Pro 4:1:1 400 G\"}]},{\"@type\":\"WebSite\",\"@id\":\"https:\/\/lifecenter.com.tr\/magaza\/#website\",\"url\":\"https:\/\/lifecenter.com.tr\/magaza\/\",\"name\":\"Life Center Online Sat\u0131\u015f Ma\u011fazas\u0131\",\"description\":\"Proteinler, Sporcu Besinleri\",\"potentialAction\":[{\"@type\":\"SearchAction\",\"target\":{\"@type\":\"EntryPoint\",\"urlTemplate\":\"https:\/\/lifecenter.com.tr\/magaza\/?s={search_term_string}\"},\"query-input\":{\"@type\":\"PropertyValueSpecification\",\"valueRequired\":true,\"valueName\":\"search_term_string\"}}],\"inLanguage\":\"tr\"}]}<\/script>\n<!-- \/ Yoast SEO plugin. -->","yoast_head_json":{"title":"Big Joy Sports BCAA Pro 4:1:1 400 G - Life Center Online Sat\u0131\u015f Ma\u011fazas\u0131","robots":{"index":"index","follow":"follow","max-snippet":"max-snippet:-1","max-image-preview":"max-image-preview:large","max-video-preview":"max-video-preview:-1"},"canonical":"https:\/\/lifecenter.com.tr\/magaza\/urun\/big-joy-sports-bcaa-pro-411-400-gr-karpuz\/","og_locale":"tr_TR","og_type":"article","og_title":"Big Joy Sports BCAA Pro 4:1:1 400 G - Life Center Online Sat\u0131\u015f Ma\u011fazas\u0131","og_description":"Big Joy Sports BCAA Pro 4:1:1 400 Gr Karpuz A\u00e7\u0131klamas\u0131 Big Joy BCAA Pro 4:1:1 Nedir? Big Joy BCAA Pro","og_url":"https:\/\/lifecenter.com.tr\/magaza\/urun\/big-joy-sports-bcaa-pro-411-400-gr-karpuz\/","og_site_name":"Life Center Online Sat\u0131\u015f Ma\u011fazas\u0131","article_modified_time":"2025-03-05T10:48:30+00:00","og_image":[{"width":720,"height":720,"url":"https:\/\/lifecenter.com.tr\/magaza\/wp-content\/uploads\/2024\/01\/9.jpg","type":"image\/jpeg"}],"twitter_card":"summary_large_image","twitter_misc":{"Tahmini okuma s\u00fcresi":"1 dakika"},"schema":{"@context":"https:\/\/schema.org","@graph":[{"@type":"WebPage","@id":"https:\/\/lifecenter.com.tr\/magaza\/urun\/big-joy-sports-bcaa-pro-411-400-gr-karpuz\/","url":"https:\/\/lifecenter.com.tr\/magaza\/urun\/big-joy-sports-bcaa-pro-411-400-gr-karpuz\/","name":"Big Joy Sports BCAA Pro 4:1:1 400 G - Life Center Online Sat\u0131\u015f Ma\u011fazas\u0131","isPartOf":{"@id":"https:\/\/lifecenter.com.tr\/magaza\/#website"},"primaryImageOfPage":{"@id":"https:\/\/lifecenter.com.tr\/magaza\/urun\/big-joy-sports-bcaa-pro-411-400-gr-karpuz\/#primaryimage"},"image":{"@id":"https:\/\/lifecenter.com.tr\/magaza\/urun\/big-joy-sports-bcaa-pro-411-400-gr-karpuz\/#primaryimage"},"thumbnailUrl":"https:\/\/lifecenter.com.tr\/magaza\/wp-content\/uploads\/2024\/01\/9.jpg","datePublished":"2024-01-25T15:54:27+00:00","dateModified":"2025-03-05T10:48:30+00:00","breadcrumb":{"@id":"https:\/\/lifecenter.com.tr\/magaza\/urun\/big-joy-sports-bcaa-pro-411-400-gr-karpuz\/#breadcrumb"},"inLanguage":"tr","potentialAction":[{"@type":"ReadAction","target":["https:\/\/lifecenter.com.tr\/magaza\/urun\/big-joy-sports-bcaa-pro-411-400-gr-karpuz\/"]}]},{"@type":"ImageObject","inLanguage":"tr","@id":"https:\/\/lifecenter.com.tr\/magaza\/urun\/big-joy-sports-bcaa-pro-411-400-gr-karpuz\/#primaryimage","url":"https:\/\/lifecenter.com.tr\/magaza\/wp-content\/uploads\/2024\/01\/9.jpg","contentUrl":"https:\/\/lifecenter.com.tr\/magaza\/wp-content\/uploads\/2024\/01\/9.jpg","width":720,"height":720},{"@type":"BreadcrumbList","@id":"https:\/\/lifecenter.com.tr\/magaza\/urun\/big-joy-sports-bcaa-pro-411-400-gr-karpuz\/#breadcrumb","itemListElement":[{"@type":"ListItem","position":1,"name":"Anasayfa","item":"https:\/\/lifecenter.com.tr\/magaza\/"},{"@type":"ListItem","position":2,"name":"Ma\u011faza","item":"https:\/\/lifecenter.com.tr\/magaza\/magaza\/"},{"@type":"ListItem","position":3,"name":"Big Joy Sports BCAA Pro 4:1:1 400 G"}]},{"@type":"WebSite","@id":"https:\/\/lifecenter.com.tr\/magaza\/#website","url":"https:\/\/lifecenter.com.tr\/magaza\/","name":"Life Center Online Sat\u0131\u015f Ma\u011fazas\u0131","description":"Proteinler, Sporcu Besinleri","potentialAction":[{"@type":"SearchAction","target":{"@type":"EntryPoint","urlTemplate":"https:\/\/lifecenter.com.tr\/magaza\/?s={search_term_string}"},"query-input":{"@type":"PropertyValueSpecification","valueRequired":true,"valueName":"search_term_string"}}],"inLanguage":"tr"}]}},"jetpack_sharing_enabled":true,"_links":{"self":[{"href":"https:\/\/lifecenter.com.tr\/magaza\/wp-json\/wp\/v2\/product\/13574","targetHints":{"allow":["GET"]}}],"collection":[{"href":"https:\/\/lifecenter.com.tr\/magaza\/wp-json\/wp\/v2\/product"}],"about":[{"href":"https:\/\/lifecenter.com.tr\/magaza\/wp-json\/wp\/v2\/types\/product"}],"replies":[{"embeddable":true,"href":"https:\/\/lifecenter.com.tr\/magaza\/wp-json\/wp\/v2\/comments?post=13574"}],"version-history":[{"count":2,"href":"https:\/\/lifecenter.com.tr\/magaza\/wp-json\/wp\/v2\/product\/13574\/revisions"}],"predecessor-version":[{"id":14081,"href":"https:\/\/lifecenter.com.tr\/magaza\/wp-json\/wp\/v2\/product\/13574\/revisions\/14081"}],"wp:featuredmedia":[{"embeddable":true,"href":"https:\/\/lifecenter.com.tr\/magaza\/wp-json\/wp\/v2\/media\/13576"}],"wp:attachment":[{"href":"https:\/\/lifecenter.com.tr\/magaza\/wp-json\/wp\/v2\/media?parent=13574"}],"wp:term":[{"taxonomy":"product_brand","embeddable":true,"href":"https:\/\/lifecenter.com.tr\/magaza\/wp-json\/wp\/v2\/product_brand?post=13574"},{"taxonomy":"product_cat","embeddable":true,"href":"https:\/\/lifecenter.com.tr\/magaza\/wp-json\/wp\/v2\/product_cat?post=13574"},{"taxonomy":"product_tag","embeddable":true,"href":"https:\/\/lifecenter.com.tr\/magaza\/wp-json\/wp\/v2\/product_tag?post=13574"}],"curies":[{"name":"wp","href":"https:\/\/api.w.org\/{rel}","templated":true}]}}