{"id":13578,"date":"2024-01-25T16:43:44","date_gmt":"2024-01-25T16:43:44","guid":{"rendered":"https:\/\/lifecenter.com.tr\/magaza\/?post_type=product&#038;p=13578"},"modified":"2024-09-27T18:48:43","modified_gmt":"2024-09-27T18:48:43","slug":"nutrever-whey-amino-300-tablet","status":"publish","type":"product","link":"https:\/\/lifecenter.com.tr\/magaza\/urun\/nutrever-whey-amino-300-tablet\/","title":{"rendered":"Nutrever Whey Amino 300 Tablet"},"content":{"rendered":"","protected":false},"excerpt":{"rendered":"<p>Nutrever Whey Amino Nedir?<br \/>\nNutrever Whey Amino konsantre, hidrolize ve izole protein kar\u0131\u015f\u0131m\u0131ndan olu\u015fan tablet formda bir amino asittir. 1 serviste 5960 mg amino asit i\u00e7eren Nutrever Whey Amino, sporcular\u0131n g\u00fcnl\u00fck amino asit ve protein ihtiyac\u0131n\u0131 gidermeye yard\u0131mc\u0131 olabilir. Form\u00fcl\u00fcne ilave edilen kalsiyum minerali ve B6 vitamini ile dikkat \u00e7ekmektedir. <\/p>\n<p>Nutrever Whey Amino&#8217;nun Dikkat \u00c7eken \u00d6zellikleri:<br \/>\n&#8211; Servis ba\u015f\u0131na toplam 5960 mg amino asit <\/p>\n<p>&#8211; %22  oran\u0131nda BCAA amino asitleri i\u00e7ermektedir<\/p>\n<p>&#8211; Kalsiyum ve B6 vitamini ilaveli<\/p>\n","protected":false},"featured_media":13579,"comment_status":"open","ping_status":"closed","template":"","meta":[],"product_brand":[],"product_cat":[70],"product_tag":[],"class_list":{"0":"post-13578","1":"product","2":"type-product","3":"status-publish","4":"has-post-thumbnail","6":"product_cat-amino-asit","7":"wcpa_has_options","9":"first","10":"outofstock","11":"shipping-taxable","12":"purchasable","13":"product-type-simple"},"yoast_head":"<!-- This site is optimized with the Yoast SEO plugin v26.8 - https:\/\/yoast.com\/product\/yoast-seo-wordpress\/ -->\n<title>Nutrever Whey Amino 300 Tablet - Life Center Online Sat\u0131\u015f Ma\u011fazas\u0131<\/title>\n<meta name=\"robots\" content=\"index, follow, max-snippet:-1, max-image-preview:large, max-video-preview:-1\" \/>\n<link rel=\"canonical\" href=\"https:\/\/lifecenter.com.tr\/magaza\/urun\/nutrever-whey-amino-300-tablet\/\" \/>\n<meta property=\"og:locale\" content=\"tr_TR\" \/>\n<meta property=\"og:type\" content=\"article\" \/>\n<meta property=\"og:title\" content=\"Nutrever Whey Amino 300 Tablet - Life Center Online Sat\u0131\u015f Ma\u011fazas\u0131\" \/>\n<meta property=\"og:description\" content=\"Nutrever Whey Amino Nedir? Nutrever Whey Amino konsantre, hidrolize ve izole protein kar\u0131\u015f\u0131m\u0131ndan olu\u015fan tablet formda bir amino asittir. 1 serviste 5960 mg amino asit i\u00e7eren Nutrever Whey Amino, sporcular\u0131n g\u00fcnl\u00fck amino asit ve protein ihtiyac\u0131n\u0131 gidermeye yard\u0131mc\u0131 olabilir. Form\u00fcl\u00fcne ilave edilen kalsiyum minerali ve B6 vitamini ile dikkat \u00e7ekmektedir.   Nutrever Whey Amino&#039;nun Dikkat \u00c7eken \u00d6zellikleri: - Servis ba\u015f\u0131na toplam 5960 mg amino asit   - %22 oran\u0131nda BCAA amino asitleri i\u00e7ermektedir  - Kalsiyum ve B6 vitamini ilaveli\" \/>\n<meta property=\"og:url\" content=\"https:\/\/lifecenter.com.tr\/magaza\/urun\/nutrever-whey-amino-300-tablet\/\" \/>\n<meta property=\"og:site_name\" content=\"Life Center Online Sat\u0131\u015f Ma\u011fazas\u0131\" \/>\n<meta property=\"article:modified_time\" content=\"2024-09-27T18:48:43+00:00\" \/>\n<meta property=\"og:image\" content=\"https:\/\/lifecenter.com.tr\/magaza\/wp-content\/uploads\/2024\/01\/nutrever_whey_amino_300_tablet_32623-1.webp\" \/>\n\t<meta property=\"og:image:width\" content=\"800\" \/>\n\t<meta property=\"og:image:height\" content=\"800\" \/>\n\t<meta property=\"og:image:type\" content=\"image\/webp\" \/>\n<meta name=\"twitter:card\" content=\"summary_large_image\" \/>\n<meta name=\"twitter:label1\" content=\"Tahmini okuma s\u00fcresi\" \/>\n\t<meta name=\"twitter:data1\" content=\"1 dakika\" \/>\n<script type=\"application\/ld+json\" class=\"yoast-schema-graph\">{\"@context\":\"https:\/\/schema.org\",\"@graph\":[{\"@type\":\"WebPage\",\"@id\":\"https:\/\/lifecenter.com.tr\/magaza\/urun\/nutrever-whey-amino-300-tablet\/\",\"url\":\"https:\/\/lifecenter.com.tr\/magaza\/urun\/nutrever-whey-amino-300-tablet\/\",\"name\":\"Nutrever Whey Amino 300 Tablet - Life Center Online Sat\u0131\u015f Ma\u011fazas\u0131\",\"isPartOf\":{\"@id\":\"https:\/\/lifecenter.com.tr\/magaza\/#website\"},\"primaryImageOfPage\":{\"@id\":\"https:\/\/lifecenter.com.tr\/magaza\/urun\/nutrever-whey-amino-300-tablet\/#primaryimage\"},\"image\":{\"@id\":\"https:\/\/lifecenter.com.tr\/magaza\/urun\/nutrever-whey-amino-300-tablet\/#primaryimage\"},\"thumbnailUrl\":\"https:\/\/lifecenter.com.tr\/magaza\/wp-content\/uploads\/2024\/01\/nutrever_whey_amino_300_tablet_32623-1.webp\",\"datePublished\":\"2024-01-25T16:43:44+00:00\",\"dateModified\":\"2024-09-27T18:48:43+00:00\",\"breadcrumb\":{\"@id\":\"https:\/\/lifecenter.com.tr\/magaza\/urun\/nutrever-whey-amino-300-tablet\/#breadcrumb\"},\"inLanguage\":\"tr\",\"potentialAction\":[{\"@type\":\"ReadAction\",\"target\":[\"https:\/\/lifecenter.com.tr\/magaza\/urun\/nutrever-whey-amino-300-tablet\/\"]}]},{\"@type\":\"ImageObject\",\"inLanguage\":\"tr\",\"@id\":\"https:\/\/lifecenter.com.tr\/magaza\/urun\/nutrever-whey-amino-300-tablet\/#primaryimage\",\"url\":\"https:\/\/lifecenter.com.tr\/magaza\/wp-content\/uploads\/2024\/01\/nutrever_whey_amino_300_tablet_32623-1.webp\",\"contentUrl\":\"https:\/\/lifecenter.com.tr\/magaza\/wp-content\/uploads\/2024\/01\/nutrever_whey_amino_300_tablet_32623-1.webp\",\"width\":800,\"height\":800},{\"@type\":\"BreadcrumbList\",\"@id\":\"https:\/\/lifecenter.com.tr\/magaza\/urun\/nutrever-whey-amino-300-tablet\/#breadcrumb\",\"itemListElement\":[{\"@type\":\"ListItem\",\"position\":1,\"name\":\"Anasayfa\",\"item\":\"https:\/\/lifecenter.com.tr\/magaza\/\"},{\"@type\":\"ListItem\",\"position\":2,\"name\":\"Ma\u011faza\",\"item\":\"https:\/\/lifecenter.com.tr\/magaza\/magaza\/\"},{\"@type\":\"ListItem\",\"position\":3,\"name\":\"Nutrever Whey Amino 300 Tablet\"}]},{\"@type\":\"WebSite\",\"@id\":\"https:\/\/lifecenter.com.tr\/magaza\/#website\",\"url\":\"https:\/\/lifecenter.com.tr\/magaza\/\",\"name\":\"Life Center Online Sat\u0131\u015f Ma\u011fazas\u0131\",\"description\":\"Proteinler, Sporcu Besinleri\",\"potentialAction\":[{\"@type\":\"SearchAction\",\"target\":{\"@type\":\"EntryPoint\",\"urlTemplate\":\"https:\/\/lifecenter.com.tr\/magaza\/?s={search_term_string}\"},\"query-input\":{\"@type\":\"PropertyValueSpecification\",\"valueRequired\":true,\"valueName\":\"search_term_string\"}}],\"inLanguage\":\"tr\"}]}<\/script>\n<!-- \/ Yoast SEO plugin. -->","yoast_head_json":{"title":"Nutrever Whey Amino 300 Tablet - Life Center Online Sat\u0131\u015f Ma\u011fazas\u0131","robots":{"index":"index","follow":"follow","max-snippet":"max-snippet:-1","max-image-preview":"max-image-preview:large","max-video-preview":"max-video-preview:-1"},"canonical":"https:\/\/lifecenter.com.tr\/magaza\/urun\/nutrever-whey-amino-300-tablet\/","og_locale":"tr_TR","og_type":"article","og_title":"Nutrever Whey Amino 300 Tablet - Life Center Online Sat\u0131\u015f Ma\u011fazas\u0131","og_description":"Nutrever Whey Amino Nedir? Nutrever Whey Amino konsantre, hidrolize ve izole protein kar\u0131\u015f\u0131m\u0131ndan olu\u015fan tablet formda bir amino asittir. 1 serviste 5960 mg amino asit i\u00e7eren Nutrever Whey Amino, sporcular\u0131n g\u00fcnl\u00fck amino asit ve protein ihtiyac\u0131n\u0131 gidermeye yard\u0131mc\u0131 olabilir. Form\u00fcl\u00fcne ilave edilen kalsiyum minerali ve B6 vitamini ile dikkat \u00e7ekmektedir.   Nutrever Whey Amino'nun Dikkat \u00c7eken \u00d6zellikleri: - Servis ba\u015f\u0131na toplam 5960 mg amino asit   - %22 oran\u0131nda BCAA amino asitleri i\u00e7ermektedir  - Kalsiyum ve B6 vitamini ilaveli","og_url":"https:\/\/lifecenter.com.tr\/magaza\/urun\/nutrever-whey-amino-300-tablet\/","og_site_name":"Life Center Online Sat\u0131\u015f Ma\u011fazas\u0131","article_modified_time":"2024-09-27T18:48:43+00:00","og_image":[{"width":800,"height":800,"url":"https:\/\/lifecenter.com.tr\/magaza\/wp-content\/uploads\/2024\/01\/nutrever_whey_amino_300_tablet_32623-1.webp","type":"image\/webp"}],"twitter_card":"summary_large_image","twitter_misc":{"Tahmini okuma s\u00fcresi":"1 dakika"},"schema":{"@context":"https:\/\/schema.org","@graph":[{"@type":"WebPage","@id":"https:\/\/lifecenter.com.tr\/magaza\/urun\/nutrever-whey-amino-300-tablet\/","url":"https:\/\/lifecenter.com.tr\/magaza\/urun\/nutrever-whey-amino-300-tablet\/","name":"Nutrever Whey Amino 300 Tablet - Life Center Online Sat\u0131\u015f Ma\u011fazas\u0131","isPartOf":{"@id":"https:\/\/lifecenter.com.tr\/magaza\/#website"},"primaryImageOfPage":{"@id":"https:\/\/lifecenter.com.tr\/magaza\/urun\/nutrever-whey-amino-300-tablet\/#primaryimage"},"image":{"@id":"https:\/\/lifecenter.com.tr\/magaza\/urun\/nutrever-whey-amino-300-tablet\/#primaryimage"},"thumbnailUrl":"https:\/\/lifecenter.com.tr\/magaza\/wp-content\/uploads\/2024\/01\/nutrever_whey_amino_300_tablet_32623-1.webp","datePublished":"2024-01-25T16:43:44+00:00","dateModified":"2024-09-27T18:48:43+00:00","breadcrumb":{"@id":"https:\/\/lifecenter.com.tr\/magaza\/urun\/nutrever-whey-amino-300-tablet\/#breadcrumb"},"inLanguage":"tr","potentialAction":[{"@type":"ReadAction","target":["https:\/\/lifecenter.com.tr\/magaza\/urun\/nutrever-whey-amino-300-tablet\/"]}]},{"@type":"ImageObject","inLanguage":"tr","@id":"https:\/\/lifecenter.com.tr\/magaza\/urun\/nutrever-whey-amino-300-tablet\/#primaryimage","url":"https:\/\/lifecenter.com.tr\/magaza\/wp-content\/uploads\/2024\/01\/nutrever_whey_amino_300_tablet_32623-1.webp","contentUrl":"https:\/\/lifecenter.com.tr\/magaza\/wp-content\/uploads\/2024\/01\/nutrever_whey_amino_300_tablet_32623-1.webp","width":800,"height":800},{"@type":"BreadcrumbList","@id":"https:\/\/lifecenter.com.tr\/magaza\/urun\/nutrever-whey-amino-300-tablet\/#breadcrumb","itemListElement":[{"@type":"ListItem","position":1,"name":"Anasayfa","item":"https:\/\/lifecenter.com.tr\/magaza\/"},{"@type":"ListItem","position":2,"name":"Ma\u011faza","item":"https:\/\/lifecenter.com.tr\/magaza\/magaza\/"},{"@type":"ListItem","position":3,"name":"Nutrever Whey Amino 300 Tablet"}]},{"@type":"WebSite","@id":"https:\/\/lifecenter.com.tr\/magaza\/#website","url":"https:\/\/lifecenter.com.tr\/magaza\/","name":"Life Center Online Sat\u0131\u015f Ma\u011fazas\u0131","description":"Proteinler, Sporcu Besinleri","potentialAction":[{"@type":"SearchAction","target":{"@type":"EntryPoint","urlTemplate":"https:\/\/lifecenter.com.tr\/magaza\/?s={search_term_string}"},"query-input":{"@type":"PropertyValueSpecification","valueRequired":true,"valueName":"search_term_string"}}],"inLanguage":"tr"}]}},"jetpack_sharing_enabled":true,"_links":{"self":[{"href":"https:\/\/lifecenter.com.tr\/magaza\/wp-json\/wp\/v2\/product\/13578","targetHints":{"allow":["GET"]}}],"collection":[{"href":"https:\/\/lifecenter.com.tr\/magaza\/wp-json\/wp\/v2\/product"}],"about":[{"href":"https:\/\/lifecenter.com.tr\/magaza\/wp-json\/wp\/v2\/types\/product"}],"replies":[{"embeddable":true,"href":"https:\/\/lifecenter.com.tr\/magaza\/wp-json\/wp\/v2\/comments?post=13578"}],"version-history":[{"count":1,"href":"https:\/\/lifecenter.com.tr\/magaza\/wp-json\/wp\/v2\/product\/13578\/revisions"}],"predecessor-version":[{"id":13580,"href":"https:\/\/lifecenter.com.tr\/magaza\/wp-json\/wp\/v2\/product\/13578\/revisions\/13580"}],"wp:featuredmedia":[{"embeddable":true,"href":"https:\/\/lifecenter.com.tr\/magaza\/wp-json\/wp\/v2\/media\/13579"}],"wp:attachment":[{"href":"https:\/\/lifecenter.com.tr\/magaza\/wp-json\/wp\/v2\/media?parent=13578"}],"wp:term":[{"taxonomy":"product_brand","embeddable":true,"href":"https:\/\/lifecenter.com.tr\/magaza\/wp-json\/wp\/v2\/product_brand?post=13578"},{"taxonomy":"product_cat","embeddable":true,"href":"https:\/\/lifecenter.com.tr\/magaza\/wp-json\/wp\/v2\/product_cat?post=13578"},{"taxonomy":"product_tag","embeddable":true,"href":"https:\/\/lifecenter.com.tr\/magaza\/wp-json\/wp\/v2\/product_tag?post=13578"}],"curies":[{"name":"wp","href":"https:\/\/api.w.org\/{rel}","templated":true}]}}