{"id":13653,"date":"2024-02-27T14:54:47","date_gmt":"2024-02-27T14:54:47","guid":{"rendered":"https:\/\/lifecenter.com.tr\/magaza\/?post_type=product&#038;p=13653"},"modified":"2025-04-03T18:18:35","modified_gmt":"2025-04-03T18:18:35","slug":"hiq-gain-deluxe-5-kg","status":"publish","type":"product","link":"https:\/\/lifecenter.com.tr\/magaza\/urun\/hiq-gain-deluxe-5-kg\/","title":{"rendered":"HIQ GAIN DELUXE 5 KG"},"content":{"rendered":"<p>Gain Deluxe, G\u00fcnl\u00fck kalori ihtiyac\u0131n\u0131za ve kilo alman\u0131za destek olmak i\u00e7in Almanya da form\u00fcle edildi T\u00fcrkiye de \u00fcretildi.<\/p>\n<p>2 benzersiz aroma.<br \/>\nAlmanya&#8217;dan ithal en kaliteli hammaddeler (Wpc80, Glucidex).<br \/>\nTopaklanmadan kolayca kar\u0131\u015fan form\u00fcl.<br \/>\n1 Servisinde(200g)<\/p>\n<p>774 kalori<br \/>\n162gr karbonhidrat<br \/>\n20gr WPC80 Whey proteini<br \/>\n2.5gr Creatine Monohydrate (200mesh)<br \/>\nMultivitamin complex<br \/>\nBulunmaktad\u0131r.<br \/>\nKullan\u0131m \u00f6nerisi: Bir porsiyon (200g) tozu 500ml so\u011fuk s\u00fct veya suyla kar\u0131\u015ft\u0131rarak g\u00fcnl\u00fck olarak t\u00fcketebilirsiniz. G\u00fcnde 1-2 porsiyon t\u00fcketmeniz \u00f6nerilir.<\/p>\n<p>5000Gram<\/p>\n<p>Servis Miktar\u0131<br \/>\n4 \u00f6l\u00e7ek(200g)<br \/>\nServis Say\u0131s\u0131<br \/>\n25<br \/>\n\u0130\u00e7eri\u011fi<br \/>\n4 \u00d6l\u00e7ek (200 g)<br \/>\nEnerji<br \/>\n744kcal<br \/>\nProtein<br \/>\n20,0g<br \/>\nYa\u011f<br \/>\n1,8g<br \/>\nDoymu\u015f ya\u011f<br \/>\n1,0g<br \/>\nKarbonhidrat<br \/>\n162,0g<br \/>\n\u015eeker<br \/>\n11,4g<br \/>\nTuz<br \/>\n800mg<br \/>\nVitamin \u0130\u00e7eri\u011fi<br \/>\nA Vitamini<br \/>\n266mcg<br \/>\nB1 Vitamini (Tiamin)<br \/>\n1,2mg<br \/>\nB2 Vitamini (Riboflavin)<br \/>\n1,4mg<br \/>\nB3 Vitamini (Niasin)<br \/>\n16,0mg<br \/>\nB5 Vitamini (Pantotenik Asit)<br \/>\n6,6mg<br \/>\nB6 Vitamini<br \/>\n1,4mg<br \/>\nBiotin (B7 Vitamini)<br \/>\n50mcg<br \/>\nFolik Asit (B9 Vitamini)<br \/>\n200mcg<br \/>\nB12 Vitamini<br \/>\n2mcg<br \/>\nC Vitamini<br \/>\n84mg<br \/>\nD3 Vitamini<br \/>\n6,6mcg<br \/>\nE Vitamini<br \/>\n3,2mg<br \/>\nK1 Vitamini<br \/>\n34,0mcg<br \/>\nKreatin Monohidrat<br \/>\n2,500mg<\/p>\n","protected":false},"excerpt":{"rendered":"<p>Gain Deluxe, G\u00fcnl\u00fck kalori ihtiyac\u0131n\u0131za ve kilo alman\u0131za destek olmak i\u00e7in Almanya da form\u00fcle edildi T\u00fcrkiye de \u00fcretildi. 2 benzersiz<\/p>\n","protected":false},"featured_media":13656,"comment_status":"open","ping_status":"closed","template":"","meta":[],"product_brand":[],"product_cat":[73],"product_tag":[],"class_list":{"0":"post-13653","1":"product","2":"type-product","3":"status-publish","4":"has-post-thumbnail","6":"product_cat-karbonhidratlar","7":"wcpa_has_options","9":"first","10":"outofstock","11":"featured","12":"shipping-taxable","13":"purchasable","14":"product-type-simple"},"yoast_head":"<!-- This site is optimized with the Yoast SEO plugin v26.8 - https:\/\/yoast.com\/product\/yoast-seo-wordpress\/ -->\n<title>HIQ GAIN DELUXE 5 KG - Life Center Online Sat\u0131\u015f Ma\u011fazas\u0131<\/title>\n<meta name=\"robots\" content=\"index, follow, max-snippet:-1, max-image-preview:large, max-video-preview:-1\" \/>\n<link rel=\"canonical\" href=\"https:\/\/lifecenter.com.tr\/magaza\/urun\/hiq-gain-deluxe-5-kg\/\" \/>\n<meta property=\"og:locale\" content=\"tr_TR\" \/>\n<meta property=\"og:type\" content=\"article\" \/>\n<meta property=\"og:title\" content=\"HIQ GAIN DELUXE 5 KG - Life Center Online Sat\u0131\u015f Ma\u011fazas\u0131\" \/>\n<meta property=\"og:description\" content=\"Gain Deluxe, G\u00fcnl\u00fck kalori ihtiyac\u0131n\u0131za ve kilo alman\u0131za destek olmak i\u00e7in Almanya da form\u00fcle edildi T\u00fcrkiye de \u00fcretildi. 2 benzersiz\" \/>\n<meta property=\"og:url\" content=\"https:\/\/lifecenter.com.tr\/magaza\/urun\/hiq-gain-deluxe-5-kg\/\" \/>\n<meta property=\"og:site_name\" content=\"Life Center Online Sat\u0131\u015f Ma\u011fazas\u0131\" \/>\n<meta property=\"article:modified_time\" content=\"2025-04-03T18:18:35+00:00\" \/>\n<meta property=\"og:image\" content=\"https:\/\/lifecenter.com.tr\/magaza\/wp-content\/uploads\/2024\/02\/IMG_5759.webp\" \/>\n\t<meta property=\"og:image:width\" content=\"720\" \/>\n\t<meta property=\"og:image:height\" content=\"720\" \/>\n\t<meta property=\"og:image:type\" content=\"image\/webp\" \/>\n<meta name=\"twitter:card\" content=\"summary_large_image\" \/>\n<meta name=\"twitter:label1\" content=\"Tahmini okuma s\u00fcresi\" \/>\n\t<meta name=\"twitter:data1\" content=\"2 dakika\" \/>\n<script type=\"application\/ld+json\" class=\"yoast-schema-graph\">{\"@context\":\"https:\/\/schema.org\",\"@graph\":[{\"@type\":\"WebPage\",\"@id\":\"https:\/\/lifecenter.com.tr\/magaza\/urun\/hiq-gain-deluxe-5-kg\/\",\"url\":\"https:\/\/lifecenter.com.tr\/magaza\/urun\/hiq-gain-deluxe-5-kg\/\",\"name\":\"HIQ GAIN DELUXE 5 KG - Life Center Online Sat\u0131\u015f Ma\u011fazas\u0131\",\"isPartOf\":{\"@id\":\"https:\/\/lifecenter.com.tr\/magaza\/#website\"},\"primaryImageOfPage\":{\"@id\":\"https:\/\/lifecenter.com.tr\/magaza\/urun\/hiq-gain-deluxe-5-kg\/#primaryimage\"},\"image\":{\"@id\":\"https:\/\/lifecenter.com.tr\/magaza\/urun\/hiq-gain-deluxe-5-kg\/#primaryimage\"},\"thumbnailUrl\":\"https:\/\/lifecenter.com.tr\/magaza\/wp-content\/uploads\/2024\/02\/IMG_5759.webp\",\"datePublished\":\"2024-02-27T14:54:47+00:00\",\"dateModified\":\"2025-04-03T18:18:35+00:00\",\"breadcrumb\":{\"@id\":\"https:\/\/lifecenter.com.tr\/magaza\/urun\/hiq-gain-deluxe-5-kg\/#breadcrumb\"},\"inLanguage\":\"tr\",\"potentialAction\":[{\"@type\":\"ReadAction\",\"target\":[\"https:\/\/lifecenter.com.tr\/magaza\/urun\/hiq-gain-deluxe-5-kg\/\"]}]},{\"@type\":\"ImageObject\",\"inLanguage\":\"tr\",\"@id\":\"https:\/\/lifecenter.com.tr\/magaza\/urun\/hiq-gain-deluxe-5-kg\/#primaryimage\",\"url\":\"https:\/\/lifecenter.com.tr\/magaza\/wp-content\/uploads\/2024\/02\/IMG_5759.webp\",\"contentUrl\":\"https:\/\/lifecenter.com.tr\/magaza\/wp-content\/uploads\/2024\/02\/IMG_5759.webp\",\"width\":720,\"height\":720},{\"@type\":\"BreadcrumbList\",\"@id\":\"https:\/\/lifecenter.com.tr\/magaza\/urun\/hiq-gain-deluxe-5-kg\/#breadcrumb\",\"itemListElement\":[{\"@type\":\"ListItem\",\"position\":1,\"name\":\"Anasayfa\",\"item\":\"https:\/\/lifecenter.com.tr\/magaza\/\"},{\"@type\":\"ListItem\",\"position\":2,\"name\":\"Ma\u011faza\",\"item\":\"https:\/\/lifecenter.com.tr\/magaza\/magaza\/\"},{\"@type\":\"ListItem\",\"position\":3,\"name\":\"HIQ GAIN DELUXE 5 KG\"}]},{\"@type\":\"WebSite\",\"@id\":\"https:\/\/lifecenter.com.tr\/magaza\/#website\",\"url\":\"https:\/\/lifecenter.com.tr\/magaza\/\",\"name\":\"Life Center Online Sat\u0131\u015f Ma\u011fazas\u0131\",\"description\":\"Proteinler, Sporcu Besinleri\",\"potentialAction\":[{\"@type\":\"SearchAction\",\"target\":{\"@type\":\"EntryPoint\",\"urlTemplate\":\"https:\/\/lifecenter.com.tr\/magaza\/?s={search_term_string}\"},\"query-input\":{\"@type\":\"PropertyValueSpecification\",\"valueRequired\":true,\"valueName\":\"search_term_string\"}}],\"inLanguage\":\"tr\"}]}<\/script>\n<!-- \/ Yoast SEO plugin. -->","yoast_head_json":{"title":"HIQ GAIN DELUXE 5 KG - Life Center Online Sat\u0131\u015f Ma\u011fazas\u0131","robots":{"index":"index","follow":"follow","max-snippet":"max-snippet:-1","max-image-preview":"max-image-preview:large","max-video-preview":"max-video-preview:-1"},"canonical":"https:\/\/lifecenter.com.tr\/magaza\/urun\/hiq-gain-deluxe-5-kg\/","og_locale":"tr_TR","og_type":"article","og_title":"HIQ GAIN DELUXE 5 KG - Life Center Online Sat\u0131\u015f Ma\u011fazas\u0131","og_description":"Gain Deluxe, G\u00fcnl\u00fck kalori ihtiyac\u0131n\u0131za ve kilo alman\u0131za destek olmak i\u00e7in Almanya da form\u00fcle edildi T\u00fcrkiye de \u00fcretildi. 2 benzersiz","og_url":"https:\/\/lifecenter.com.tr\/magaza\/urun\/hiq-gain-deluxe-5-kg\/","og_site_name":"Life Center Online Sat\u0131\u015f Ma\u011fazas\u0131","article_modified_time":"2025-04-03T18:18:35+00:00","og_image":[{"width":720,"height":720,"url":"https:\/\/lifecenter.com.tr\/magaza\/wp-content\/uploads\/2024\/02\/IMG_5759.webp","type":"image\/webp"}],"twitter_card":"summary_large_image","twitter_misc":{"Tahmini okuma s\u00fcresi":"2 dakika"},"schema":{"@context":"https:\/\/schema.org","@graph":[{"@type":"WebPage","@id":"https:\/\/lifecenter.com.tr\/magaza\/urun\/hiq-gain-deluxe-5-kg\/","url":"https:\/\/lifecenter.com.tr\/magaza\/urun\/hiq-gain-deluxe-5-kg\/","name":"HIQ GAIN DELUXE 5 KG - Life Center Online Sat\u0131\u015f Ma\u011fazas\u0131","isPartOf":{"@id":"https:\/\/lifecenter.com.tr\/magaza\/#website"},"primaryImageOfPage":{"@id":"https:\/\/lifecenter.com.tr\/magaza\/urun\/hiq-gain-deluxe-5-kg\/#primaryimage"},"image":{"@id":"https:\/\/lifecenter.com.tr\/magaza\/urun\/hiq-gain-deluxe-5-kg\/#primaryimage"},"thumbnailUrl":"https:\/\/lifecenter.com.tr\/magaza\/wp-content\/uploads\/2024\/02\/IMG_5759.webp","datePublished":"2024-02-27T14:54:47+00:00","dateModified":"2025-04-03T18:18:35+00:00","breadcrumb":{"@id":"https:\/\/lifecenter.com.tr\/magaza\/urun\/hiq-gain-deluxe-5-kg\/#breadcrumb"},"inLanguage":"tr","potentialAction":[{"@type":"ReadAction","target":["https:\/\/lifecenter.com.tr\/magaza\/urun\/hiq-gain-deluxe-5-kg\/"]}]},{"@type":"ImageObject","inLanguage":"tr","@id":"https:\/\/lifecenter.com.tr\/magaza\/urun\/hiq-gain-deluxe-5-kg\/#primaryimage","url":"https:\/\/lifecenter.com.tr\/magaza\/wp-content\/uploads\/2024\/02\/IMG_5759.webp","contentUrl":"https:\/\/lifecenter.com.tr\/magaza\/wp-content\/uploads\/2024\/02\/IMG_5759.webp","width":720,"height":720},{"@type":"BreadcrumbList","@id":"https:\/\/lifecenter.com.tr\/magaza\/urun\/hiq-gain-deluxe-5-kg\/#breadcrumb","itemListElement":[{"@type":"ListItem","position":1,"name":"Anasayfa","item":"https:\/\/lifecenter.com.tr\/magaza\/"},{"@type":"ListItem","position":2,"name":"Ma\u011faza","item":"https:\/\/lifecenter.com.tr\/magaza\/magaza\/"},{"@type":"ListItem","position":3,"name":"HIQ GAIN DELUXE 5 KG"}]},{"@type":"WebSite","@id":"https:\/\/lifecenter.com.tr\/magaza\/#website","url":"https:\/\/lifecenter.com.tr\/magaza\/","name":"Life Center Online Sat\u0131\u015f Ma\u011fazas\u0131","description":"Proteinler, Sporcu Besinleri","potentialAction":[{"@type":"SearchAction","target":{"@type":"EntryPoint","urlTemplate":"https:\/\/lifecenter.com.tr\/magaza\/?s={search_term_string}"},"query-input":{"@type":"PropertyValueSpecification","valueRequired":true,"valueName":"search_term_string"}}],"inLanguage":"tr"}]}},"jetpack_sharing_enabled":true,"_links":{"self":[{"href":"https:\/\/lifecenter.com.tr\/magaza\/wp-json\/wp\/v2\/product\/13653","targetHints":{"allow":["GET"]}}],"collection":[{"href":"https:\/\/lifecenter.com.tr\/magaza\/wp-json\/wp\/v2\/product"}],"about":[{"href":"https:\/\/lifecenter.com.tr\/magaza\/wp-json\/wp\/v2\/types\/product"}],"replies":[{"embeddable":true,"href":"https:\/\/lifecenter.com.tr\/magaza\/wp-json\/wp\/v2\/comments?post=13653"}],"version-history":[{"count":2,"href":"https:\/\/lifecenter.com.tr\/magaza\/wp-json\/wp\/v2\/product\/13653\/revisions"}],"predecessor-version":[{"id":13657,"href":"https:\/\/lifecenter.com.tr\/magaza\/wp-json\/wp\/v2\/product\/13653\/revisions\/13657"}],"wp:featuredmedia":[{"embeddable":true,"href":"https:\/\/lifecenter.com.tr\/magaza\/wp-json\/wp\/v2\/media\/13656"}],"wp:attachment":[{"href":"https:\/\/lifecenter.com.tr\/magaza\/wp-json\/wp\/v2\/media?parent=13653"}],"wp:term":[{"taxonomy":"product_brand","embeddable":true,"href":"https:\/\/lifecenter.com.tr\/magaza\/wp-json\/wp\/v2\/product_brand?post=13653"},{"taxonomy":"product_cat","embeddable":true,"href":"https:\/\/lifecenter.com.tr\/magaza\/wp-json\/wp\/v2\/product_cat?post=13653"},{"taxonomy":"product_tag","embeddable":true,"href":"https:\/\/lifecenter.com.tr\/magaza\/wp-json\/wp\/v2\/product_tag?post=13653"}],"curies":[{"name":"wp","href":"https:\/\/api.w.org\/{rel}","templated":true}]}}