{"id":13658,"date":"2024-02-27T15:00:45","date_gmt":"2024-02-27T15:00:45","guid":{"rendered":"https:\/\/lifecenter.com.tr\/magaza\/?post_type=product&#038;p=13658"},"modified":"2026-04-11T16:49:05","modified_gmt":"2026-04-11T16:49:05","slug":"hiq-high-pro-2kg","status":"publish","type":"product","link":"https:\/\/lifecenter.com.tr\/magaza\/urun\/hiq-high-pro-2kg\/","title":{"rendered":"HIQ HIGH PRO+ 2KG"},"content":{"rendered":"<blockquote><p>&nbsp;<\/p><\/blockquote>\n<p>AROMA<br \/>\nDOUBLE MILK CHOCOLATESTRAWBERRY MILKSHAKETASTY BANANA<br \/>\nM\u0130KTAR<\/p>\n<p>\u00dccretsiz Kargo (139TL ve \u00fczeri sipari\u015fler)<br \/>\n\u00dcr\u00fcn stokta<br \/>\n\u0130\u00c7ER\u0130KLER VE BES\u0130N TABLOSU<br \/>\nWPC80, konsantre whey proteini y\u00fczde 80 oran\u0131nda saf whey i\u00e7erir.<\/p>\n<p>WPI90,CFM (crossmicrofilter) teknolojisi ile \u00fcretilmi\u015f izole whey proteinidir. %90 oran\u0131nda saf whey i\u00e7erir. Karbonhidrat ve ya\u011f oran\u0131 d\u00fc\u015f\u00fckt\u00fcr ve emilimi \u00e7ok h\u0131zl\u0131d\u0131r.<\/p>\n<p>\u0130\u00e7eri\u011findeki 50mg DIGEZYME\u00ae sporcular\u0131n besinlerini sa\u011fl\u0131kl\u0131 ve iyi \u015fekilde sindirilmesine ve kas protein sentezi i\u00e7in olduk\u00e7a \u00f6nemlidir.<\/p>\n<p>Protein sentezini artt\u0131rmak i\u00e7in B6 vitamini takviyesi i\u00e7erir.<\/p>\n<p>Her servisinde;<\/p>\n<p>24gr PROTEIN<br \/>\n2gr GLUTAMINE<br \/>\n50mg DIGEZYME\u00ae<br \/>\n1.6gr VITAMIN B6<br \/>\nD\u00f6rt farkl\u0131 aroma ile Almanya da form\u00fcle edilip T\u00fcrkiye&#8217;de \u00fcretilmi\u015ftir.<\/p>\n<p>Kullan\u0131m \u00f6nerisi :<br \/>\n-Sabah a\u00e7 karn\u0131na 1 \u00f6l\u00e7ek \u00fcr\u00fcn\u00fc 300ml so\u011fuk su ile t\u00fcketebilirsiniz.<br \/>\n-Spordan hemen sonra 1 \u00f6l\u00e7ek \u00fcr\u00fcn\u00fc 300ml so\u011fuk su ile t\u00fcketebilirsiniz.<\/p>\n<p>2000Gram<\/p>\n<p>Servis Say\u0131s\u0131<br \/>\n66<br \/>\nServis Miktar\u0131<br \/>\n1 \u00f6l\u00e7ek(30g)<br \/>\nEnerji<br \/>\n104kcal<br \/>\nProtein<br \/>\n24g<br \/>\nYa\u011f<br \/>\n0,7g<br \/>\nDoymu\u015f Ya\u011f<br \/>\n0,4g<br \/>\nKarbonhidrat<br \/>\n0,7g<br \/>\n\u015eeker<br \/>\n0,8g<br \/>\nTuz<br \/>\n0,8g<br \/>\nVitamin B6<br \/>\n1,4mg<br \/>\nDigezyme\u00ae<br \/>\n50mg<br \/>\nL-Glutamine<br \/>\n2g<br \/>\n100 gr Protein i\u00e7in Amino asit Profili<\/p>\n<p>Alanine<br \/>\n3,96g<br \/>\nArginine<br \/>\n1,92g<br \/>\nAspartic acid<br \/>\n9,49g<br \/>\nCystine<br \/>\n1,89g<br \/>\nGlutamic Acid<br \/>\n15,12g<br \/>\nGlycine<br \/>\n1,52g<br \/>\nHistidine<br \/>\n1,54g<br \/>\nIsoleucine<br \/>\n5,73g<br \/>\nLeucine<br \/>\n8,98g<br \/>\nLysine<br \/>\n8,09g<br \/>\nMethionine<br \/>\n1,67g<br \/>\nPhenylalanine<br \/>\n2,60g<br \/>\nProline<br \/>\n4,97g<br \/>\nSerine<br \/>\n3,90g<br \/>\nThreonine<br \/>\n5,94g<br \/>\nTryptophan<br \/>\n1,92g<br \/>\nTyrosine<br \/>\n2,53g<br \/>\nValine<br \/>\n4,74g<\/p>\n","protected":false},"excerpt":{"rendered":"<p>&nbsp; AROMA DOUBLE MILK CHOCOLATESTRAWBERRY MILKSHAKETASTY BANANA M\u0130KTAR \u00dccretsiz Kargo (139TL ve \u00fczeri sipari\u015fler) \u00dcr\u00fcn stokta \u0130\u00c7ER\u0130KLER VE BES\u0130N TABLOSU<\/p>\n","protected":false},"featured_media":13659,"comment_status":"open","ping_status":"closed","template":"","meta":[],"product_brand":[],"product_cat":[156],"product_tag":[],"class_list":{"0":"post-13658","1":"product","2":"type-product","3":"status-publish","4":"has-post-thumbnail","6":"product_cat-proteinler","7":"wcpa_has_options","9":"first","10":"instock","11":"featured","12":"shipping-taxable","13":"purchasable","14":"product-type-simple"},"yoast_head":"<!-- This site is optimized with the Yoast SEO plugin v26.8 - https:\/\/yoast.com\/product\/yoast-seo-wordpress\/ -->\n<title>HIQ HIGH PRO+ 2KG - Life Center Online Sat\u0131\u015f Ma\u011fazas\u0131<\/title>\n<meta name=\"robots\" content=\"index, follow, max-snippet:-1, max-image-preview:large, max-video-preview:-1\" \/>\n<link rel=\"canonical\" href=\"https:\/\/lifecenter.com.tr\/magaza\/urun\/hiq-high-pro-2kg\/\" \/>\n<meta property=\"og:locale\" content=\"tr_TR\" \/>\n<meta property=\"og:type\" content=\"article\" \/>\n<meta property=\"og:title\" content=\"HIQ HIGH PRO+ 2KG - Life Center Online Sat\u0131\u015f Ma\u011fazas\u0131\" \/>\n<meta property=\"og:description\" content=\"&nbsp; AROMA DOUBLE MILK CHOCOLATESTRAWBERRY MILKSHAKETASTY BANANA M\u0130KTAR \u00dccretsiz Kargo (139TL ve \u00fczeri sipari\u015fler) \u00dcr\u00fcn stokta \u0130\u00c7ER\u0130KLER VE BES\u0130N TABLOSU\" \/>\n<meta property=\"og:url\" content=\"https:\/\/lifecenter.com.tr\/magaza\/urun\/hiq-high-pro-2kg\/\" \/>\n<meta property=\"og:site_name\" content=\"Life Center Online Sat\u0131\u015f Ma\u011fazas\u0131\" \/>\n<meta property=\"article:modified_time\" content=\"2026-04-11T16:49:05+00:00\" \/>\n<meta property=\"og:image\" content=\"https:\/\/lifecenter.com.tr\/magaza\/wp-content\/uploads\/2024\/02\/IMG_5763.webp\" \/>\n\t<meta property=\"og:image:width\" content=\"720\" \/>\n\t<meta property=\"og:image:height\" content=\"720\" \/>\n\t<meta property=\"og:image:type\" content=\"image\/webp\" \/>\n<meta name=\"twitter:card\" content=\"summary_large_image\" \/>\n<meta name=\"twitter:label1\" content=\"Tahmini okuma s\u00fcresi\" \/>\n\t<meta name=\"twitter:data1\" content=\"2 dakika\" \/>\n<script type=\"application\/ld+json\" class=\"yoast-schema-graph\">{\"@context\":\"https:\/\/schema.org\",\"@graph\":[{\"@type\":\"WebPage\",\"@id\":\"https:\/\/lifecenter.com.tr\/magaza\/urun\/hiq-high-pro-2kg\/\",\"url\":\"https:\/\/lifecenter.com.tr\/magaza\/urun\/hiq-high-pro-2kg\/\",\"name\":\"HIQ HIGH PRO+ 2KG - Life Center Online Sat\u0131\u015f Ma\u011fazas\u0131\",\"isPartOf\":{\"@id\":\"https:\/\/lifecenter.com.tr\/magaza\/#website\"},\"primaryImageOfPage\":{\"@id\":\"https:\/\/lifecenter.com.tr\/magaza\/urun\/hiq-high-pro-2kg\/#primaryimage\"},\"image\":{\"@id\":\"https:\/\/lifecenter.com.tr\/magaza\/urun\/hiq-high-pro-2kg\/#primaryimage\"},\"thumbnailUrl\":\"https:\/\/lifecenter.com.tr\/magaza\/wp-content\/uploads\/2024\/02\/IMG_5763.webp\",\"datePublished\":\"2024-02-27T15:00:45+00:00\",\"dateModified\":\"2026-04-11T16:49:05+00:00\",\"breadcrumb\":{\"@id\":\"https:\/\/lifecenter.com.tr\/magaza\/urun\/hiq-high-pro-2kg\/#breadcrumb\"},\"inLanguage\":\"tr\",\"potentialAction\":[{\"@type\":\"ReadAction\",\"target\":[\"https:\/\/lifecenter.com.tr\/magaza\/urun\/hiq-high-pro-2kg\/\"]}]},{\"@type\":\"ImageObject\",\"inLanguage\":\"tr\",\"@id\":\"https:\/\/lifecenter.com.tr\/magaza\/urun\/hiq-high-pro-2kg\/#primaryimage\",\"url\":\"https:\/\/lifecenter.com.tr\/magaza\/wp-content\/uploads\/2024\/02\/IMG_5763.webp\",\"contentUrl\":\"https:\/\/lifecenter.com.tr\/magaza\/wp-content\/uploads\/2024\/02\/IMG_5763.webp\",\"width\":720,\"height\":720},{\"@type\":\"BreadcrumbList\",\"@id\":\"https:\/\/lifecenter.com.tr\/magaza\/urun\/hiq-high-pro-2kg\/#breadcrumb\",\"itemListElement\":[{\"@type\":\"ListItem\",\"position\":1,\"name\":\"Anasayfa\",\"item\":\"https:\/\/lifecenter.com.tr\/magaza\/\"},{\"@type\":\"ListItem\",\"position\":2,\"name\":\"Ma\u011faza\",\"item\":\"https:\/\/lifecenter.com.tr\/magaza\/magaza\/\"},{\"@type\":\"ListItem\",\"position\":3,\"name\":\"HIQ HIGH PRO+ 2KG\"}]},{\"@type\":\"WebSite\",\"@id\":\"https:\/\/lifecenter.com.tr\/magaza\/#website\",\"url\":\"https:\/\/lifecenter.com.tr\/magaza\/\",\"name\":\"Life Center Online Sat\u0131\u015f Ma\u011fazas\u0131\",\"description\":\"Proteinler, Sporcu Besinleri\",\"potentialAction\":[{\"@type\":\"SearchAction\",\"target\":{\"@type\":\"EntryPoint\",\"urlTemplate\":\"https:\/\/lifecenter.com.tr\/magaza\/?s={search_term_string}\"},\"query-input\":{\"@type\":\"PropertyValueSpecification\",\"valueRequired\":true,\"valueName\":\"search_term_string\"}}],\"inLanguage\":\"tr\"}]}<\/script>\n<!-- \/ Yoast SEO plugin. -->","yoast_head_json":{"title":"HIQ HIGH PRO+ 2KG - Life Center Online Sat\u0131\u015f Ma\u011fazas\u0131","robots":{"index":"index","follow":"follow","max-snippet":"max-snippet:-1","max-image-preview":"max-image-preview:large","max-video-preview":"max-video-preview:-1"},"canonical":"https:\/\/lifecenter.com.tr\/magaza\/urun\/hiq-high-pro-2kg\/","og_locale":"tr_TR","og_type":"article","og_title":"HIQ HIGH PRO+ 2KG - Life Center Online Sat\u0131\u015f Ma\u011fazas\u0131","og_description":"&nbsp; AROMA DOUBLE MILK CHOCOLATESTRAWBERRY MILKSHAKETASTY BANANA M\u0130KTAR \u00dccretsiz Kargo (139TL ve \u00fczeri sipari\u015fler) \u00dcr\u00fcn stokta \u0130\u00c7ER\u0130KLER VE BES\u0130N TABLOSU","og_url":"https:\/\/lifecenter.com.tr\/magaza\/urun\/hiq-high-pro-2kg\/","og_site_name":"Life Center Online Sat\u0131\u015f Ma\u011fazas\u0131","article_modified_time":"2026-04-11T16:49:05+00:00","og_image":[{"width":720,"height":720,"url":"https:\/\/lifecenter.com.tr\/magaza\/wp-content\/uploads\/2024\/02\/IMG_5763.webp","type":"image\/webp"}],"twitter_card":"summary_large_image","twitter_misc":{"Tahmini okuma s\u00fcresi":"2 dakika"},"schema":{"@context":"https:\/\/schema.org","@graph":[{"@type":"WebPage","@id":"https:\/\/lifecenter.com.tr\/magaza\/urun\/hiq-high-pro-2kg\/","url":"https:\/\/lifecenter.com.tr\/magaza\/urun\/hiq-high-pro-2kg\/","name":"HIQ HIGH PRO+ 2KG - Life Center Online Sat\u0131\u015f Ma\u011fazas\u0131","isPartOf":{"@id":"https:\/\/lifecenter.com.tr\/magaza\/#website"},"primaryImageOfPage":{"@id":"https:\/\/lifecenter.com.tr\/magaza\/urun\/hiq-high-pro-2kg\/#primaryimage"},"image":{"@id":"https:\/\/lifecenter.com.tr\/magaza\/urun\/hiq-high-pro-2kg\/#primaryimage"},"thumbnailUrl":"https:\/\/lifecenter.com.tr\/magaza\/wp-content\/uploads\/2024\/02\/IMG_5763.webp","datePublished":"2024-02-27T15:00:45+00:00","dateModified":"2026-04-11T16:49:05+00:00","breadcrumb":{"@id":"https:\/\/lifecenter.com.tr\/magaza\/urun\/hiq-high-pro-2kg\/#breadcrumb"},"inLanguage":"tr","potentialAction":[{"@type":"ReadAction","target":["https:\/\/lifecenter.com.tr\/magaza\/urun\/hiq-high-pro-2kg\/"]}]},{"@type":"ImageObject","inLanguage":"tr","@id":"https:\/\/lifecenter.com.tr\/magaza\/urun\/hiq-high-pro-2kg\/#primaryimage","url":"https:\/\/lifecenter.com.tr\/magaza\/wp-content\/uploads\/2024\/02\/IMG_5763.webp","contentUrl":"https:\/\/lifecenter.com.tr\/magaza\/wp-content\/uploads\/2024\/02\/IMG_5763.webp","width":720,"height":720},{"@type":"BreadcrumbList","@id":"https:\/\/lifecenter.com.tr\/magaza\/urun\/hiq-high-pro-2kg\/#breadcrumb","itemListElement":[{"@type":"ListItem","position":1,"name":"Anasayfa","item":"https:\/\/lifecenter.com.tr\/magaza\/"},{"@type":"ListItem","position":2,"name":"Ma\u011faza","item":"https:\/\/lifecenter.com.tr\/magaza\/magaza\/"},{"@type":"ListItem","position":3,"name":"HIQ HIGH PRO+ 2KG"}]},{"@type":"WebSite","@id":"https:\/\/lifecenter.com.tr\/magaza\/#website","url":"https:\/\/lifecenter.com.tr\/magaza\/","name":"Life Center Online Sat\u0131\u015f Ma\u011fazas\u0131","description":"Proteinler, Sporcu Besinleri","potentialAction":[{"@type":"SearchAction","target":{"@type":"EntryPoint","urlTemplate":"https:\/\/lifecenter.com.tr\/magaza\/?s={search_term_string}"},"query-input":{"@type":"PropertyValueSpecification","valueRequired":true,"valueName":"search_term_string"}}],"inLanguage":"tr"}]}},"jetpack_sharing_enabled":true,"_links":{"self":[{"href":"https:\/\/lifecenter.com.tr\/magaza\/wp-json\/wp\/v2\/product\/13658","targetHints":{"allow":["GET"]}}],"collection":[{"href":"https:\/\/lifecenter.com.tr\/magaza\/wp-json\/wp\/v2\/product"}],"about":[{"href":"https:\/\/lifecenter.com.tr\/magaza\/wp-json\/wp\/v2\/types\/product"}],"replies":[{"embeddable":true,"href":"https:\/\/lifecenter.com.tr\/magaza\/wp-json\/wp\/v2\/comments?post=13658"}],"version-history":[{"count":5,"href":"https:\/\/lifecenter.com.tr\/magaza\/wp-json\/wp\/v2\/product\/13658\/revisions"}],"predecessor-version":[{"id":14018,"href":"https:\/\/lifecenter.com.tr\/magaza\/wp-json\/wp\/v2\/product\/13658\/revisions\/14018"}],"wp:featuredmedia":[{"embeddable":true,"href":"https:\/\/lifecenter.com.tr\/magaza\/wp-json\/wp\/v2\/media\/13659"}],"wp:attachment":[{"href":"https:\/\/lifecenter.com.tr\/magaza\/wp-json\/wp\/v2\/media?parent=13658"}],"wp:term":[{"taxonomy":"product_brand","embeddable":true,"href":"https:\/\/lifecenter.com.tr\/magaza\/wp-json\/wp\/v2\/product_brand?post=13658"},{"taxonomy":"product_cat","embeddable":true,"href":"https:\/\/lifecenter.com.tr\/magaza\/wp-json\/wp\/v2\/product_cat?post=13658"},{"taxonomy":"product_tag","embeddable":true,"href":"https:\/\/lifecenter.com.tr\/magaza\/wp-json\/wp\/v2\/product_tag?post=13658"}],"curies":[{"name":"wp","href":"https:\/\/api.w.org\/{rel}","templated":true}]}}