{"id":13747,"date":"2024-05-09T08:39:46","date_gmt":"2024-05-09T08:39:46","guid":{"rendered":"https:\/\/lifecenter.com.tr\/magaza\/?post_type=product&#038;p=13747"},"modified":"2025-12-17T10:11:15","modified_gmt":"2025-12-17T10:11:15","slug":"hiq-high-pro-900gr","status":"publish","type":"product","link":"https:\/\/lifecenter.com.tr\/magaza\/urun\/hiq-high-pro-900gr\/","title":{"rendered":"HIQ High Pro+ 900gr"},"content":{"rendered":"<p>\u0130\u00c7ER\u0130KLER VE BES\u0130N TABLOSU<br \/>\nWPC80, konsantre whey proteini y\u00fczde 80 oran\u0131nda saf whey i\u00e7erir.<\/p>\n<p>WPI90,CFM (crossmicrofilter) teknolojisi ile \u00fcretilmi\u015f izole whey proteinidir. %90 oran\u0131nda saf whey i\u00e7erir. Karbonhidrat ve ya\u011f oran\u0131 d\u00fc\u015f\u00fckt\u00fcr ve emilimi \u00e7ok h\u0131zl\u0131d\u0131r.<\/p>\n<p>\u0130\u00e7eri\u011findeki 50mg DIGEZYME\u00ae sporcular\u0131n besinlerini sa\u011fl\u0131kl\u0131 ve iyi \u015fekilde sindirilmesine ve kas protein sentezi i\u00e7in olduk\u00e7a \u00f6nemlidir.<\/p>\n<p>Protein sentezini artt\u0131rmak i\u00e7in B6 vitamini takviyesi i\u00e7erir.<\/p>\n<p>Her servisinde;<\/p>\n<p>24gr PROTEIN<br \/>\n2gr GLUTAMINE<br \/>\n50mg DIGEZYME\u00ae<br \/>\n1.6gr VITAMIN B6<br \/>\nD\u00f6rt farkl\u0131 aroma ile Almanya da form\u00fcle edilip T\u00fcrkiye&#8217;de \u00fcretilmi\u015ftir.<\/p>\n<p>Kullan\u0131m \u00f6nerisi :<br \/>\n-Sabah a\u00e7 karn\u0131na 1 \u00f6l\u00e7ek \u00fcr\u00fcn\u00fc 300ml so\u011fuk su ile t\u00fcketebilirsiniz.<br \/>\n-Spordan hemen sonra 1 \u00f6l\u00e7ek \u00fcr\u00fcn\u00fc 300ml so\u011fuk su ile t\u00fcketebilirsiniz.<\/p>\n<p>900Gram<\/p>\n<p>Servis Say\u0131s\u0131<br \/>\n30<br \/>\nServis Miktar\u0131<br \/>\n1 \u00f6l\u00e7ek(30g)<br \/>\nEnerji<br \/>\n112kcal<br \/>\nProtein<br \/>\n23.4g<br \/>\nYa\u011f<br \/>\n0,7g<br \/>\n     Doymu\u015f Ya\u011f<br \/>\n0,4g<br \/>\nKarbonhidrat<br \/>\n0,7g<br \/>\n    \u015eeker<br \/>\n0,8g<br \/>\nTuz<br \/>\n0,8g<br \/>\nVitamin B6<br \/>\n1,4mg<br \/>\nDigezyme\u00ae<br \/>\n50mg<br \/>\nL-Glutamine<br \/>\n2g<br \/>\n100 gr Protein i\u00e7in Amino asit Profili<\/p>\n<p>Alanine<br \/>\n3,96g<br \/>\nArginine<br \/>\n1,92g<br \/>\nAspartic acid<br \/>\n9,49g<br \/>\nCystine<br \/>\n1,89g<br \/>\nGlutamic Acid<br \/>\n15,12g<br \/>\nGlycine<br \/>\n1,52g<br \/>\nHistidine<br \/>\n1,54g<br \/>\nIsoleucine<br \/>\n5,73g<br \/>\nLeucine<br \/>\n8,98g<br \/>\nLysine<br \/>\n8,09g<br \/>\nMethionine<br \/>\n1,67g<br \/>\nPhenylalanine<br \/>\n2,60g<br \/>\nProline<br \/>\n4,97g<br \/>\nSerine<br \/>\n3,90g<br \/>\nThreonine<br \/>\n5,94g<br \/>\nTryptophan<br \/>\n1,92g<br \/>\nTyrosine<br \/>\n2,53g<br \/>\nValine<br \/>\n4,74g<\/p>\n","protected":false},"excerpt":{"rendered":"<p>\u0130\u00c7ER\u0130KLER VE BES\u0130N TABLOSU WPC80, konsantre whey proteini y\u00fczde 80 oran\u0131nda saf whey i\u00e7erir. WPI90,CFM (crossmicrofilter) teknolojisi ile \u00fcretilmi\u015f izole<\/p>\n","protected":false},"featured_media":13749,"comment_status":"open","ping_status":"closed","template":"","meta":[],"product_brand":[],"product_cat":[156],"product_tag":[],"class_list":{"0":"post-13747","1":"product","2":"type-product","3":"status-publish","4":"has-post-thumbnail","6":"product_cat-proteinler","7":"wcpa_has_options","9":"first","10":"outofstock","11":"shipping-taxable","12":"purchasable","13":"product-type-simple"},"yoast_head":"<!-- This site is optimized with the Yoast SEO plugin v26.8 - https:\/\/yoast.com\/product\/yoast-seo-wordpress\/ -->\n<title>HIQ High Pro+ 900gr - Life Center Online Sat\u0131\u015f Ma\u011fazas\u0131<\/title>\n<meta name=\"robots\" content=\"index, follow, max-snippet:-1, max-image-preview:large, max-video-preview:-1\" \/>\n<link rel=\"canonical\" href=\"https:\/\/lifecenter.com.tr\/magaza\/urun\/hiq-high-pro-900gr\/\" \/>\n<meta property=\"og:locale\" content=\"tr_TR\" \/>\n<meta property=\"og:type\" content=\"article\" \/>\n<meta property=\"og:title\" content=\"HIQ High Pro+ 900gr - Life Center Online Sat\u0131\u015f Ma\u011fazas\u0131\" \/>\n<meta property=\"og:description\" content=\"\u0130\u00c7ER\u0130KLER VE BES\u0130N TABLOSU WPC80, konsantre whey proteini y\u00fczde 80 oran\u0131nda saf whey i\u00e7erir. WPI90,CFM (crossmicrofilter) teknolojisi ile \u00fcretilmi\u015f izole\" \/>\n<meta property=\"og:url\" content=\"https:\/\/lifecenter.com.tr\/magaza\/urun\/hiq-high-pro-900gr\/\" \/>\n<meta property=\"og:site_name\" content=\"Life Center Online Sat\u0131\u015f Ma\u011fazas\u0131\" \/>\n<meta property=\"article:modified_time\" content=\"2025-12-17T10:11:15+00:00\" \/>\n<meta property=\"og:image\" content=\"https:\/\/lifecenter.com.tr\/magaza\/wp-content\/uploads\/2024\/05\/IMG_0352.webp\" \/>\n\t<meta property=\"og:image:width\" content=\"720\" \/>\n\t<meta property=\"og:image:height\" content=\"720\" \/>\n\t<meta property=\"og:image:type\" content=\"image\/webp\" \/>\n<meta name=\"twitter:card\" content=\"summary_large_image\" \/>\n<meta name=\"twitter:label1\" content=\"Tahmini okuma s\u00fcresi\" \/>\n\t<meta name=\"twitter:data1\" content=\"2 dakika\" \/>\n<script type=\"application\/ld+json\" class=\"yoast-schema-graph\">{\"@context\":\"https:\/\/schema.org\",\"@graph\":[{\"@type\":\"WebPage\",\"@id\":\"https:\/\/lifecenter.com.tr\/magaza\/urun\/hiq-high-pro-900gr\/\",\"url\":\"https:\/\/lifecenter.com.tr\/magaza\/urun\/hiq-high-pro-900gr\/\",\"name\":\"HIQ High Pro+ 900gr - Life Center Online Sat\u0131\u015f Ma\u011fazas\u0131\",\"isPartOf\":{\"@id\":\"https:\/\/lifecenter.com.tr\/magaza\/#website\"},\"primaryImageOfPage\":{\"@id\":\"https:\/\/lifecenter.com.tr\/magaza\/urun\/hiq-high-pro-900gr\/#primaryimage\"},\"image\":{\"@id\":\"https:\/\/lifecenter.com.tr\/magaza\/urun\/hiq-high-pro-900gr\/#primaryimage\"},\"thumbnailUrl\":\"https:\/\/lifecenter.com.tr\/magaza\/wp-content\/uploads\/2024\/05\/IMG_0352.webp\",\"datePublished\":\"2024-05-09T08:39:46+00:00\",\"dateModified\":\"2025-12-17T10:11:15+00:00\",\"breadcrumb\":{\"@id\":\"https:\/\/lifecenter.com.tr\/magaza\/urun\/hiq-high-pro-900gr\/#breadcrumb\"},\"inLanguage\":\"tr\",\"potentialAction\":[{\"@type\":\"ReadAction\",\"target\":[\"https:\/\/lifecenter.com.tr\/magaza\/urun\/hiq-high-pro-900gr\/\"]}]},{\"@type\":\"ImageObject\",\"inLanguage\":\"tr\",\"@id\":\"https:\/\/lifecenter.com.tr\/magaza\/urun\/hiq-high-pro-900gr\/#primaryimage\",\"url\":\"https:\/\/lifecenter.com.tr\/magaza\/wp-content\/uploads\/2024\/05\/IMG_0352.webp\",\"contentUrl\":\"https:\/\/lifecenter.com.tr\/magaza\/wp-content\/uploads\/2024\/05\/IMG_0352.webp\",\"width\":720,\"height\":720},{\"@type\":\"BreadcrumbList\",\"@id\":\"https:\/\/lifecenter.com.tr\/magaza\/urun\/hiq-high-pro-900gr\/#breadcrumb\",\"itemListElement\":[{\"@type\":\"ListItem\",\"position\":1,\"name\":\"Anasayfa\",\"item\":\"https:\/\/lifecenter.com.tr\/magaza\/\"},{\"@type\":\"ListItem\",\"position\":2,\"name\":\"Ma\u011faza\",\"item\":\"https:\/\/lifecenter.com.tr\/magaza\/magaza\/\"},{\"@type\":\"ListItem\",\"position\":3,\"name\":\"HIQ High Pro+ 900gr\"}]},{\"@type\":\"WebSite\",\"@id\":\"https:\/\/lifecenter.com.tr\/magaza\/#website\",\"url\":\"https:\/\/lifecenter.com.tr\/magaza\/\",\"name\":\"Life Center Online Sat\u0131\u015f Ma\u011fazas\u0131\",\"description\":\"Proteinler, Sporcu Besinleri\",\"potentialAction\":[{\"@type\":\"SearchAction\",\"target\":{\"@type\":\"EntryPoint\",\"urlTemplate\":\"https:\/\/lifecenter.com.tr\/magaza\/?s={search_term_string}\"},\"query-input\":{\"@type\":\"PropertyValueSpecification\",\"valueRequired\":true,\"valueName\":\"search_term_string\"}}],\"inLanguage\":\"tr\"}]}<\/script>\n<!-- \/ Yoast SEO plugin. -->","yoast_head_json":{"title":"HIQ High Pro+ 900gr - Life Center Online Sat\u0131\u015f Ma\u011fazas\u0131","robots":{"index":"index","follow":"follow","max-snippet":"max-snippet:-1","max-image-preview":"max-image-preview:large","max-video-preview":"max-video-preview:-1"},"canonical":"https:\/\/lifecenter.com.tr\/magaza\/urun\/hiq-high-pro-900gr\/","og_locale":"tr_TR","og_type":"article","og_title":"HIQ High Pro+ 900gr - Life Center Online Sat\u0131\u015f Ma\u011fazas\u0131","og_description":"\u0130\u00c7ER\u0130KLER VE BES\u0130N TABLOSU WPC80, konsantre whey proteini y\u00fczde 80 oran\u0131nda saf whey i\u00e7erir. WPI90,CFM (crossmicrofilter) teknolojisi ile \u00fcretilmi\u015f izole","og_url":"https:\/\/lifecenter.com.tr\/magaza\/urun\/hiq-high-pro-900gr\/","og_site_name":"Life Center Online Sat\u0131\u015f Ma\u011fazas\u0131","article_modified_time":"2025-12-17T10:11:15+00:00","og_image":[{"width":720,"height":720,"url":"https:\/\/lifecenter.com.tr\/magaza\/wp-content\/uploads\/2024\/05\/IMG_0352.webp","type":"image\/webp"}],"twitter_card":"summary_large_image","twitter_misc":{"Tahmini okuma s\u00fcresi":"2 dakika"},"schema":{"@context":"https:\/\/schema.org","@graph":[{"@type":"WebPage","@id":"https:\/\/lifecenter.com.tr\/magaza\/urun\/hiq-high-pro-900gr\/","url":"https:\/\/lifecenter.com.tr\/magaza\/urun\/hiq-high-pro-900gr\/","name":"HIQ High Pro+ 900gr - Life Center Online Sat\u0131\u015f Ma\u011fazas\u0131","isPartOf":{"@id":"https:\/\/lifecenter.com.tr\/magaza\/#website"},"primaryImageOfPage":{"@id":"https:\/\/lifecenter.com.tr\/magaza\/urun\/hiq-high-pro-900gr\/#primaryimage"},"image":{"@id":"https:\/\/lifecenter.com.tr\/magaza\/urun\/hiq-high-pro-900gr\/#primaryimage"},"thumbnailUrl":"https:\/\/lifecenter.com.tr\/magaza\/wp-content\/uploads\/2024\/05\/IMG_0352.webp","datePublished":"2024-05-09T08:39:46+00:00","dateModified":"2025-12-17T10:11:15+00:00","breadcrumb":{"@id":"https:\/\/lifecenter.com.tr\/magaza\/urun\/hiq-high-pro-900gr\/#breadcrumb"},"inLanguage":"tr","potentialAction":[{"@type":"ReadAction","target":["https:\/\/lifecenter.com.tr\/magaza\/urun\/hiq-high-pro-900gr\/"]}]},{"@type":"ImageObject","inLanguage":"tr","@id":"https:\/\/lifecenter.com.tr\/magaza\/urun\/hiq-high-pro-900gr\/#primaryimage","url":"https:\/\/lifecenter.com.tr\/magaza\/wp-content\/uploads\/2024\/05\/IMG_0352.webp","contentUrl":"https:\/\/lifecenter.com.tr\/magaza\/wp-content\/uploads\/2024\/05\/IMG_0352.webp","width":720,"height":720},{"@type":"BreadcrumbList","@id":"https:\/\/lifecenter.com.tr\/magaza\/urun\/hiq-high-pro-900gr\/#breadcrumb","itemListElement":[{"@type":"ListItem","position":1,"name":"Anasayfa","item":"https:\/\/lifecenter.com.tr\/magaza\/"},{"@type":"ListItem","position":2,"name":"Ma\u011faza","item":"https:\/\/lifecenter.com.tr\/magaza\/magaza\/"},{"@type":"ListItem","position":3,"name":"HIQ High Pro+ 900gr"}]},{"@type":"WebSite","@id":"https:\/\/lifecenter.com.tr\/magaza\/#website","url":"https:\/\/lifecenter.com.tr\/magaza\/","name":"Life Center Online Sat\u0131\u015f Ma\u011fazas\u0131","description":"Proteinler, Sporcu Besinleri","potentialAction":[{"@type":"SearchAction","target":{"@type":"EntryPoint","urlTemplate":"https:\/\/lifecenter.com.tr\/magaza\/?s={search_term_string}"},"query-input":{"@type":"PropertyValueSpecification","valueRequired":true,"valueName":"search_term_string"}}],"inLanguage":"tr"}]}},"jetpack_sharing_enabled":true,"_links":{"self":[{"href":"https:\/\/lifecenter.com.tr\/magaza\/wp-json\/wp\/v2\/product\/13747","targetHints":{"allow":["GET"]}}],"collection":[{"href":"https:\/\/lifecenter.com.tr\/magaza\/wp-json\/wp\/v2\/product"}],"about":[{"href":"https:\/\/lifecenter.com.tr\/magaza\/wp-json\/wp\/v2\/types\/product"}],"replies":[{"embeddable":true,"href":"https:\/\/lifecenter.com.tr\/magaza\/wp-json\/wp\/v2\/comments?post=13747"}],"version-history":[{"count":1,"href":"https:\/\/lifecenter.com.tr\/magaza\/wp-json\/wp\/v2\/product\/13747\/revisions"}],"predecessor-version":[{"id":13748,"href":"https:\/\/lifecenter.com.tr\/magaza\/wp-json\/wp\/v2\/product\/13747\/revisions\/13748"}],"wp:featuredmedia":[{"embeddable":true,"href":"https:\/\/lifecenter.com.tr\/magaza\/wp-json\/wp\/v2\/media\/13749"}],"wp:attachment":[{"href":"https:\/\/lifecenter.com.tr\/magaza\/wp-json\/wp\/v2\/media?parent=13747"}],"wp:term":[{"taxonomy":"product_brand","embeddable":true,"href":"https:\/\/lifecenter.com.tr\/magaza\/wp-json\/wp\/v2\/product_brand?post=13747"},{"taxonomy":"product_cat","embeddable":true,"href":"https:\/\/lifecenter.com.tr\/magaza\/wp-json\/wp\/v2\/product_cat?post=13747"},{"taxonomy":"product_tag","embeddable":true,"href":"https:\/\/lifecenter.com.tr\/magaza\/wp-json\/wp\/v2\/product_tag?post=13747"}],"curies":[{"name":"wp","href":"https:\/\/api.w.org\/{rel}","templated":true}]}}