{"id":13757,"date":"2024-05-09T09:49:01","date_gmt":"2024-05-09T09:49:01","guid":{"rendered":"https:\/\/lifecenter.com.tr\/magaza\/?post_type=product&#038;p=13757"},"modified":"2025-08-05T14:13:05","modified_gmt":"2025-08-05T14:13:05","slug":"bigjoy-classic-high-protein-bar-16-x-45g","status":"publish","type":"product","link":"https:\/\/lifecenter.com.tr\/magaza\/urun\/bigjoy-classic-high-protein-bar-16-x-45g\/","title":{"rendered":"Bigjoy Classic High Protein Bar 16 x 45g"},"content":{"rendered":"<p>BIGJOY\u00ae Classic High Protein Bar<\/p>\n<p>Formunuzu korurken lezzeti ihmal etmeyin. Ger\u00e7ek Protein Bar lezzetle bulu\u015ftu.<\/p>\n<p>BIGJOY\u00ae Classic High Protein Bar i\u00e7eri\u011finde %28 protein ve d\u00fc\u015f\u00fck \u015feker i\u00e7eren harika bir sa\u011fl\u0131kl\u0131 at\u0131\u015ft\u0131rmal\u0131kt\u0131r. Hurma i\u00e7ermez.                     <\/p>\n<p>Harika lezzetleriyle Brownie ve Cookies &#038; Cream aromalar\u0131yla sunulan Bigjoy Protein Bar, g\u00fcn i\u00e7inde ac\u0131kt\u0131\u011f\u0131n\u0131zda, antrenman \u00f6ncesi veya sonras\u0131nda ihtiya\u00e7 duydu\u011funuz her an kolay kullan\u0131m\u0131 ile \u00f6nemli bir beslenme alternatifiniz olacak. \u0130deal protein- karbonhidrat kar\u0131\u015f\u0131m\u0131 sayesinde evde, ofiste, d\u0131\u015farda veya spor salonunda ister ara \u00f6\u011f\u00fcn isterseniz beslenmenize destek olarak kullanabilirsiniz.<\/p>\n<p>Beslenme plan\u0131n\u0131z\u0131n i\u00e7inde g\u00fcnl\u00fck 1-2 protein bar t\u00fcketebilirsiniz.<\/p>\n<p>Her BIGJOY\u00ae \u00fcr\u00fcn\u00fcnde oldu\u011fu gibi kalitesi ve harika lezzeti ile vazge\u00e7ilmeziniz olacak.<\/p>\n<p>Y\u00fcksek Protein<\/p>\n<p>D\u00fc\u015f\u00fck \u015eeker ve ya\u011f<\/p>\n<p>Ger\u00e7ek Protein Bar lezzeti<\/p>\n<p>\u00d6\u011f\u00fcn i\u00e7in ideal sa\u011fl\u0131kl\u0131 at\u0131\u015ft\u0131rmal\u0131k<\/p>\n","protected":false},"excerpt":{"rendered":"<p>BIGJOY\u00ae Classic High Protein Bar Formunuzu korurken lezzeti ihmal etmeyin. Ger\u00e7ek Protein Bar lezzetle bulu\u015ftu. BIGJOY\u00ae Classic High Protein Bar<\/p>\n","protected":false},"featured_media":13759,"comment_status":"open","ping_status":"closed","template":"","meta":[],"product_brand":[],"product_cat":[146],"product_tag":[],"class_list":{"0":"post-13757","1":"product","2":"type-product","3":"status-publish","4":"has-post-thumbnail","6":"product_cat-protein-bar","7":"wcpa_has_options","9":"first","10":"outofstock","11":"shipping-taxable","12":"purchasable","13":"product-type-simple"},"yoast_head":"<!-- This site is optimized with the Yoast SEO plugin v26.8 - https:\/\/yoast.com\/product\/yoast-seo-wordpress\/ -->\n<title>Bigjoy Classic High Protein Bar 16 x 45g - Life Center Online Sat\u0131\u015f Ma\u011fazas\u0131<\/title>\n<meta name=\"robots\" content=\"index, follow, max-snippet:-1, max-image-preview:large, max-video-preview:-1\" \/>\n<link rel=\"canonical\" href=\"https:\/\/lifecenter.com.tr\/magaza\/urun\/bigjoy-classic-high-protein-bar-16-x-45g\/\" \/>\n<meta property=\"og:locale\" content=\"tr_TR\" \/>\n<meta property=\"og:type\" content=\"article\" \/>\n<meta property=\"og:title\" content=\"Bigjoy Classic High Protein Bar 16 x 45g - Life Center Online Sat\u0131\u015f Ma\u011fazas\u0131\" \/>\n<meta property=\"og:description\" content=\"BIGJOY\u00ae Classic High Protein Bar Formunuzu korurken lezzeti ihmal etmeyin. Ger\u00e7ek Protein Bar lezzetle bulu\u015ftu. BIGJOY\u00ae Classic High Protein Bar\" \/>\n<meta property=\"og:url\" content=\"https:\/\/lifecenter.com.tr\/magaza\/urun\/bigjoy-classic-high-protein-bar-16-x-45g\/\" \/>\n<meta property=\"og:site_name\" content=\"Life Center Online Sat\u0131\u015f Ma\u011fazas\u0131\" \/>\n<meta property=\"article:modified_time\" content=\"2025-08-05T14:13:05+00:00\" \/>\n<meta property=\"og:image\" content=\"https:\/\/lifecenter.com.tr\/magaza\/wp-content\/uploads\/2024\/05\/IMG_0361.webp\" \/>\n\t<meta property=\"og:image:width\" content=\"320\" \/>\n\t<meta property=\"og:image:height\" content=\"300\" \/>\n\t<meta property=\"og:image:type\" content=\"image\/webp\" \/>\n<meta name=\"twitter:card\" content=\"summary_large_image\" \/>\n<meta name=\"twitter:label1\" content=\"Tahmini okuma s\u00fcresi\" \/>\n\t<meta name=\"twitter:data1\" content=\"1 dakika\" \/>\n<script type=\"application\/ld+json\" class=\"yoast-schema-graph\">{\"@context\":\"https:\/\/schema.org\",\"@graph\":[{\"@type\":\"WebPage\",\"@id\":\"https:\/\/lifecenter.com.tr\/magaza\/urun\/bigjoy-classic-high-protein-bar-16-x-45g\/\",\"url\":\"https:\/\/lifecenter.com.tr\/magaza\/urun\/bigjoy-classic-high-protein-bar-16-x-45g\/\",\"name\":\"Bigjoy Classic High Protein Bar 16 x 45g - Life Center Online Sat\u0131\u015f Ma\u011fazas\u0131\",\"isPartOf\":{\"@id\":\"https:\/\/lifecenter.com.tr\/magaza\/#website\"},\"primaryImageOfPage\":{\"@id\":\"https:\/\/lifecenter.com.tr\/magaza\/urun\/bigjoy-classic-high-protein-bar-16-x-45g\/#primaryimage\"},\"image\":{\"@id\":\"https:\/\/lifecenter.com.tr\/magaza\/urun\/bigjoy-classic-high-protein-bar-16-x-45g\/#primaryimage\"},\"thumbnailUrl\":\"https:\/\/lifecenter.com.tr\/magaza\/wp-content\/uploads\/2024\/05\/IMG_0361.webp\",\"datePublished\":\"2024-05-09T09:49:01+00:00\",\"dateModified\":\"2025-08-05T14:13:05+00:00\",\"breadcrumb\":{\"@id\":\"https:\/\/lifecenter.com.tr\/magaza\/urun\/bigjoy-classic-high-protein-bar-16-x-45g\/#breadcrumb\"},\"inLanguage\":\"tr\",\"potentialAction\":[{\"@type\":\"ReadAction\",\"target\":[\"https:\/\/lifecenter.com.tr\/magaza\/urun\/bigjoy-classic-high-protein-bar-16-x-45g\/\"]}]},{\"@type\":\"ImageObject\",\"inLanguage\":\"tr\",\"@id\":\"https:\/\/lifecenter.com.tr\/magaza\/urun\/bigjoy-classic-high-protein-bar-16-x-45g\/#primaryimage\",\"url\":\"https:\/\/lifecenter.com.tr\/magaza\/wp-content\/uploads\/2024\/05\/IMG_0361.webp\",\"contentUrl\":\"https:\/\/lifecenter.com.tr\/magaza\/wp-content\/uploads\/2024\/05\/IMG_0361.webp\",\"width\":320,\"height\":300},{\"@type\":\"BreadcrumbList\",\"@id\":\"https:\/\/lifecenter.com.tr\/magaza\/urun\/bigjoy-classic-high-protein-bar-16-x-45g\/#breadcrumb\",\"itemListElement\":[{\"@type\":\"ListItem\",\"position\":1,\"name\":\"Anasayfa\",\"item\":\"https:\/\/lifecenter.com.tr\/magaza\/\"},{\"@type\":\"ListItem\",\"position\":2,\"name\":\"Ma\u011faza\",\"item\":\"https:\/\/lifecenter.com.tr\/magaza\/magaza\/\"},{\"@type\":\"ListItem\",\"position\":3,\"name\":\"Bigjoy Classic High Protein Bar 16 x 45g\"}]},{\"@type\":\"WebSite\",\"@id\":\"https:\/\/lifecenter.com.tr\/magaza\/#website\",\"url\":\"https:\/\/lifecenter.com.tr\/magaza\/\",\"name\":\"Life Center Online Sat\u0131\u015f Ma\u011fazas\u0131\",\"description\":\"Proteinler, Sporcu Besinleri\",\"potentialAction\":[{\"@type\":\"SearchAction\",\"target\":{\"@type\":\"EntryPoint\",\"urlTemplate\":\"https:\/\/lifecenter.com.tr\/magaza\/?s={search_term_string}\"},\"query-input\":{\"@type\":\"PropertyValueSpecification\",\"valueRequired\":true,\"valueName\":\"search_term_string\"}}],\"inLanguage\":\"tr\"}]}<\/script>\n<!-- \/ Yoast SEO plugin. -->","yoast_head_json":{"title":"Bigjoy Classic High Protein Bar 16 x 45g - Life Center Online Sat\u0131\u015f Ma\u011fazas\u0131","robots":{"index":"index","follow":"follow","max-snippet":"max-snippet:-1","max-image-preview":"max-image-preview:large","max-video-preview":"max-video-preview:-1"},"canonical":"https:\/\/lifecenter.com.tr\/magaza\/urun\/bigjoy-classic-high-protein-bar-16-x-45g\/","og_locale":"tr_TR","og_type":"article","og_title":"Bigjoy Classic High Protein Bar 16 x 45g - Life Center Online Sat\u0131\u015f Ma\u011fazas\u0131","og_description":"BIGJOY\u00ae Classic High Protein Bar Formunuzu korurken lezzeti ihmal etmeyin. Ger\u00e7ek Protein Bar lezzetle bulu\u015ftu. BIGJOY\u00ae Classic High Protein Bar","og_url":"https:\/\/lifecenter.com.tr\/magaza\/urun\/bigjoy-classic-high-protein-bar-16-x-45g\/","og_site_name":"Life Center Online Sat\u0131\u015f Ma\u011fazas\u0131","article_modified_time":"2025-08-05T14:13:05+00:00","og_image":[{"width":320,"height":300,"url":"https:\/\/lifecenter.com.tr\/magaza\/wp-content\/uploads\/2024\/05\/IMG_0361.webp","type":"image\/webp"}],"twitter_card":"summary_large_image","twitter_misc":{"Tahmini okuma s\u00fcresi":"1 dakika"},"schema":{"@context":"https:\/\/schema.org","@graph":[{"@type":"WebPage","@id":"https:\/\/lifecenter.com.tr\/magaza\/urun\/bigjoy-classic-high-protein-bar-16-x-45g\/","url":"https:\/\/lifecenter.com.tr\/magaza\/urun\/bigjoy-classic-high-protein-bar-16-x-45g\/","name":"Bigjoy Classic High Protein Bar 16 x 45g - Life Center Online Sat\u0131\u015f Ma\u011fazas\u0131","isPartOf":{"@id":"https:\/\/lifecenter.com.tr\/magaza\/#website"},"primaryImageOfPage":{"@id":"https:\/\/lifecenter.com.tr\/magaza\/urun\/bigjoy-classic-high-protein-bar-16-x-45g\/#primaryimage"},"image":{"@id":"https:\/\/lifecenter.com.tr\/magaza\/urun\/bigjoy-classic-high-protein-bar-16-x-45g\/#primaryimage"},"thumbnailUrl":"https:\/\/lifecenter.com.tr\/magaza\/wp-content\/uploads\/2024\/05\/IMG_0361.webp","datePublished":"2024-05-09T09:49:01+00:00","dateModified":"2025-08-05T14:13:05+00:00","breadcrumb":{"@id":"https:\/\/lifecenter.com.tr\/magaza\/urun\/bigjoy-classic-high-protein-bar-16-x-45g\/#breadcrumb"},"inLanguage":"tr","potentialAction":[{"@type":"ReadAction","target":["https:\/\/lifecenter.com.tr\/magaza\/urun\/bigjoy-classic-high-protein-bar-16-x-45g\/"]}]},{"@type":"ImageObject","inLanguage":"tr","@id":"https:\/\/lifecenter.com.tr\/magaza\/urun\/bigjoy-classic-high-protein-bar-16-x-45g\/#primaryimage","url":"https:\/\/lifecenter.com.tr\/magaza\/wp-content\/uploads\/2024\/05\/IMG_0361.webp","contentUrl":"https:\/\/lifecenter.com.tr\/magaza\/wp-content\/uploads\/2024\/05\/IMG_0361.webp","width":320,"height":300},{"@type":"BreadcrumbList","@id":"https:\/\/lifecenter.com.tr\/magaza\/urun\/bigjoy-classic-high-protein-bar-16-x-45g\/#breadcrumb","itemListElement":[{"@type":"ListItem","position":1,"name":"Anasayfa","item":"https:\/\/lifecenter.com.tr\/magaza\/"},{"@type":"ListItem","position":2,"name":"Ma\u011faza","item":"https:\/\/lifecenter.com.tr\/magaza\/magaza\/"},{"@type":"ListItem","position":3,"name":"Bigjoy Classic High Protein Bar 16 x 45g"}]},{"@type":"WebSite","@id":"https:\/\/lifecenter.com.tr\/magaza\/#website","url":"https:\/\/lifecenter.com.tr\/magaza\/","name":"Life Center Online Sat\u0131\u015f Ma\u011fazas\u0131","description":"Proteinler, Sporcu Besinleri","potentialAction":[{"@type":"SearchAction","target":{"@type":"EntryPoint","urlTemplate":"https:\/\/lifecenter.com.tr\/magaza\/?s={search_term_string}"},"query-input":{"@type":"PropertyValueSpecification","valueRequired":true,"valueName":"search_term_string"}}],"inLanguage":"tr"}]}},"jetpack_sharing_enabled":true,"_links":{"self":[{"href":"https:\/\/lifecenter.com.tr\/magaza\/wp-json\/wp\/v2\/product\/13757","targetHints":{"allow":["GET"]}}],"collection":[{"href":"https:\/\/lifecenter.com.tr\/magaza\/wp-json\/wp\/v2\/product"}],"about":[{"href":"https:\/\/lifecenter.com.tr\/magaza\/wp-json\/wp\/v2\/types\/product"}],"replies":[{"embeddable":true,"href":"https:\/\/lifecenter.com.tr\/magaza\/wp-json\/wp\/v2\/comments?post=13757"}],"version-history":[{"count":1,"href":"https:\/\/lifecenter.com.tr\/magaza\/wp-json\/wp\/v2\/product\/13757\/revisions"}],"predecessor-version":[{"id":13760,"href":"https:\/\/lifecenter.com.tr\/magaza\/wp-json\/wp\/v2\/product\/13757\/revisions\/13760"}],"wp:featuredmedia":[{"embeddable":true,"href":"https:\/\/lifecenter.com.tr\/magaza\/wp-json\/wp\/v2\/media\/13759"}],"wp:attachment":[{"href":"https:\/\/lifecenter.com.tr\/magaza\/wp-json\/wp\/v2\/media?parent=13757"}],"wp:term":[{"taxonomy":"product_brand","embeddable":true,"href":"https:\/\/lifecenter.com.tr\/magaza\/wp-json\/wp\/v2\/product_brand?post=13757"},{"taxonomy":"product_cat","embeddable":true,"href":"https:\/\/lifecenter.com.tr\/magaza\/wp-json\/wp\/v2\/product_cat?post=13757"},{"taxonomy":"product_tag","embeddable":true,"href":"https:\/\/lifecenter.com.tr\/magaza\/wp-json\/wp\/v2\/product_tag?post=13757"}],"curies":[{"name":"wp","href":"https:\/\/api.w.org\/{rel}","templated":true}]}}