{"id":14258,"date":"2026-04-11T16:33:20","date_gmt":"2026-04-11T16:33:20","guid":{"rendered":"https:\/\/lifecenter.com.tr\/magaza\/?post_type=product&#038;p=14258"},"modified":"2026-04-11T16:33:20","modified_gmt":"2026-04-11T16:33:20","slug":"animal-100-whey-protein-2-3kg","status":"publish","type":"product","link":"https:\/\/lifecenter.com.tr\/magaza\/urun\/animal-100-whey-protein-2-3kg\/","title":{"rendered":"Animal, 100% Whey Protein 2.3kg"},"content":{"rendered":"<p><strong>20 g Whey Protein<\/strong><\/p>\n<p><strong>0 g \u0130lave \u015eeker<\/strong><\/p>\n<p><strong>4.6 g BCAA<\/strong><\/p>\n<p><strong>Sentetik Renklendirici Yok<\/strong><\/p>\n<p><strong>Do\u011fal ve Yapay Aroma<\/strong><\/p>\n<p><strong>Kolay Kar\u0131\u015f\u0131r<\/strong><\/p>\n<p><strong>Helal Sertifikal\u0131 \u2013 American Halal Foundation<\/strong><\/p>\n<p><strong>Ironclad Quality &amp; Guarantee M\u00fckemmellik Taahh\u00fcd\u00fc<\/strong><\/p>\n<p>Animal 100% Whey Protein\u2122 her serviste v\u00fccudunu\u00a0<strong>20 gram h\u0131zl\u0131 sindirilen proteinle<\/strong>\u00a0besler. Bu konsantre\u2013izolat kar\u0131\u015f\u0131m\u0131,\u00a0<strong>antrenman sonras\u0131 iyile\u015fme i\u00e7in kritik olan do\u011fal amino asitler<\/strong>\u00a0a\u00e7\u0131s\u0131ndan zengindir. Maksimum kas onar\u0131m\u0131 ve b\u00fcy\u00fcme sa\u011flayabilmen i\u00e7in, protein b\u00fct\u00fcnl\u00fc\u011f\u00fcn\u00fc\u00a0<strong>ultra filtrasyon ve i\u015fleme y\u00f6ntemleriyle<\/strong>\u00a0koruruz. Lezzetli \u00e7ilek aromas\u0131yla, bu saf kas besini yaln\u0131zca fitness hedeflerine destek olmakla kalmaz, ayn\u0131 zamanda\u00a0<strong>tatmin edici bir protein se\u00e7ene\u011fi<\/strong>\u00a0sunar.<\/p>\n<p>\u2227\u00a0<strong>D\u00fc\u015f\u00fck kalorili bir g\u0131da de\u011fildir.<\/strong><\/p>\n<h2><strong>Kullan\u0131m \u00d6nerisi<\/strong><\/h2>\n<p>1 \u00f6l\u00e7ek Animal 100% Whey Protein\u2122\u2019i\u00a0<strong>4-6 ons (120-180 ml) ya\u011fs\u0131z s\u00fct<\/strong>\u00a0veya tercih etti\u011fin i\u00e7ecekle kar\u0131\u015ft\u0131r. En iyi sonu\u00e7 i\u00e7in blender veya Animal Shaker Cup kullan.<\/p>\n<p>Antrenman g\u00fcnlerinde, antrenman sonras\u0131 veya ekstra proteine ihtiya\u00e7 duydu\u011funda\u00a0<strong>2 veya daha fazla porsiyon<\/strong>\u00a0t\u00fcket. Daha yo\u011fun bir tat i\u00e7in kar\u0131\u015f\u0131m haz\u0131rlarken s\u0131v\u0131 miktar\u0131n\u0131 biraz azaltabilirsin.<\/p>\n<h2><strong>Di\u011fer Bile\u015fenler<\/strong><\/h2>\n<p>Animal 100% Whey Protein\u2122 Kar\u0131\u015f\u0131m\u0131 [whey protein konsantresi, whey protein izolat\u0131 (lesitin)], yapay aroma, gum kar\u0131\u015f\u0131m\u0131 (sel\u00fcloz gum, ksantan gum, karragenan), do\u011fal ve yapay aroma, do\u011fal aroma, sodyum klor\u00fcr, \u00e7ilek par\u00e7alar\u0131, ases\u00fclfam potasyum, pancar k\u00f6k\u00fc tozu (renk i\u00e7in), sukraloz.<\/p>\n<p><strong>S\u00fct ve soya i\u00e7erir.<\/strong><\/p>\n<p>S\u00fct, soya, yumurta, yer f\u0131st\u0131\u011f\u0131, sert kabuklu yemi\u015fler, bal\u0131k, kabuklu deniz \u00fcr\u00fcnleri, bu\u011fday ve susam i\u015fleyen ekipmanlar\u0131n bulundu\u011fu,\u00a0<strong>cGMP ve HACCP sertifikal\u0131<\/strong>\u00a0bir tesiste \u00fcretilmi\u015ftir.<\/p>\n","protected":false},"excerpt":{"rendered":"<p>20 g Whey Protein 0 g \u0130lave \u015eeker 4.6 g BCAA Sentetik Renklendirici Yok Do\u011fal ve Yapay Aroma Kolay Kar\u0131\u015f\u0131r<\/p>\n","protected":false},"featured_media":14259,"comment_status":"open","ping_status":"closed","template":"","meta":[],"product_brand":[177],"product_cat":[182,156],"product_tag":[],"class_list":{"0":"post-14258","1":"product","2":"type-product","3":"status-publish","4":"has-post-thumbnail","6":"product_brand-universal","7":"product_cat-populer-urunler","8":"product_cat-proteinler","9":"wcpa_has_options","11":"first","12":"instock","13":"shipping-taxable","14":"purchasable","15":"product-type-simple"},"yoast_head":"<!-- This site is optimized with the Yoast SEO plugin v26.8 - https:\/\/yoast.com\/product\/yoast-seo-wordpress\/ -->\n<title>Animal, 100% Whey Protein 2.3kg - Life Center Online Sat\u0131\u015f Ma\u011fazas\u0131<\/title>\n<meta name=\"robots\" content=\"index, follow, max-snippet:-1, max-image-preview:large, max-video-preview:-1\" \/>\n<link rel=\"canonical\" href=\"https:\/\/lifecenter.com.tr\/magaza\/urun\/animal-100-whey-protein-2-3kg\/\" \/>\n<meta property=\"og:locale\" content=\"tr_TR\" \/>\n<meta property=\"og:type\" content=\"article\" \/>\n<meta property=\"og:title\" content=\"Animal, 100% Whey Protein 2.3kg - Life Center Online Sat\u0131\u015f Ma\u011fazas\u0131\" \/>\n<meta property=\"og:description\" content=\"20 g Whey Protein 0 g \u0130lave \u015eeker 4.6 g BCAA Sentetik Renklendirici Yok Do\u011fal ve Yapay Aroma Kolay Kar\u0131\u015f\u0131r\" \/>\n<meta property=\"og:url\" content=\"https:\/\/lifecenter.com.tr\/magaza\/urun\/animal-100-whey-protein-2-3kg\/\" \/>\n<meta property=\"og:site_name\" content=\"Life Center Online Sat\u0131\u015f Ma\u011fazas\u0131\" \/>\n<meta property=\"og:image\" content=\"https:\/\/lifecenter.com.tr\/magaza\/wp-content\/uploads\/2026\/04\/2300_duz_strawberry.12-scaled.webp\" \/>\n\t<meta property=\"og:image:width\" content=\"2560\" \/>\n\t<meta property=\"og:image:height\" content=\"2560\" \/>\n\t<meta property=\"og:image:type\" content=\"image\/webp\" \/>\n<meta name=\"twitter:card\" content=\"summary_large_image\" \/>\n<meta name=\"twitter:label1\" content=\"Tahmini okuma s\u00fcresi\" \/>\n\t<meta name=\"twitter:data1\" content=\"2 dakika\" \/>\n<script type=\"application\/ld+json\" class=\"yoast-schema-graph\">{\"@context\":\"https:\/\/schema.org\",\"@graph\":[{\"@type\":\"WebPage\",\"@id\":\"https:\/\/lifecenter.com.tr\/magaza\/urun\/animal-100-whey-protein-2-3kg\/\",\"url\":\"https:\/\/lifecenter.com.tr\/magaza\/urun\/animal-100-whey-protein-2-3kg\/\",\"name\":\"Animal, 100% Whey Protein 2.3kg - Life Center Online Sat\u0131\u015f Ma\u011fazas\u0131\",\"isPartOf\":{\"@id\":\"https:\/\/lifecenter.com.tr\/magaza\/#website\"},\"primaryImageOfPage\":{\"@id\":\"https:\/\/lifecenter.com.tr\/magaza\/urun\/animal-100-whey-protein-2-3kg\/#primaryimage\"},\"image\":{\"@id\":\"https:\/\/lifecenter.com.tr\/magaza\/urun\/animal-100-whey-protein-2-3kg\/#primaryimage\"},\"thumbnailUrl\":\"https:\/\/lifecenter.com.tr\/magaza\/wp-content\/uploads\/2026\/04\/2300_duz_strawberry.12-scaled.webp\",\"datePublished\":\"2026-04-11T16:33:20+00:00\",\"breadcrumb\":{\"@id\":\"https:\/\/lifecenter.com.tr\/magaza\/urun\/animal-100-whey-protein-2-3kg\/#breadcrumb\"},\"inLanguage\":\"tr\",\"potentialAction\":[{\"@type\":\"ReadAction\",\"target\":[\"https:\/\/lifecenter.com.tr\/magaza\/urun\/animal-100-whey-protein-2-3kg\/\"]}]},{\"@type\":\"ImageObject\",\"inLanguage\":\"tr\",\"@id\":\"https:\/\/lifecenter.com.tr\/magaza\/urun\/animal-100-whey-protein-2-3kg\/#primaryimage\",\"url\":\"https:\/\/lifecenter.com.tr\/magaza\/wp-content\/uploads\/2026\/04\/2300_duz_strawberry.12-scaled.webp\",\"contentUrl\":\"https:\/\/lifecenter.com.tr\/magaza\/wp-content\/uploads\/2026\/04\/2300_duz_strawberry.12-scaled.webp\",\"width\":2560,\"height\":2560},{\"@type\":\"BreadcrumbList\",\"@id\":\"https:\/\/lifecenter.com.tr\/magaza\/urun\/animal-100-whey-protein-2-3kg\/#breadcrumb\",\"itemListElement\":[{\"@type\":\"ListItem\",\"position\":1,\"name\":\"Anasayfa\",\"item\":\"https:\/\/lifecenter.com.tr\/magaza\/\"},{\"@type\":\"ListItem\",\"position\":2,\"name\":\"Ma\u011faza\",\"item\":\"https:\/\/lifecenter.com.tr\/magaza\/magaza\/\"},{\"@type\":\"ListItem\",\"position\":3,\"name\":\"Animal, 100% Whey Protein 2.3kg\"}]},{\"@type\":\"WebSite\",\"@id\":\"https:\/\/lifecenter.com.tr\/magaza\/#website\",\"url\":\"https:\/\/lifecenter.com.tr\/magaza\/\",\"name\":\"Life Center Online Sat\u0131\u015f Ma\u011fazas\u0131\",\"description\":\"Proteinler, Sporcu Besinleri\",\"potentialAction\":[{\"@type\":\"SearchAction\",\"target\":{\"@type\":\"EntryPoint\",\"urlTemplate\":\"https:\/\/lifecenter.com.tr\/magaza\/?s={search_term_string}\"},\"query-input\":{\"@type\":\"PropertyValueSpecification\",\"valueRequired\":true,\"valueName\":\"search_term_string\"}}],\"inLanguage\":\"tr\"}]}<\/script>\n<!-- \/ Yoast SEO plugin. -->","yoast_head_json":{"title":"Animal, 100% Whey Protein 2.3kg - Life Center Online Sat\u0131\u015f Ma\u011fazas\u0131","robots":{"index":"index","follow":"follow","max-snippet":"max-snippet:-1","max-image-preview":"max-image-preview:large","max-video-preview":"max-video-preview:-1"},"canonical":"https:\/\/lifecenter.com.tr\/magaza\/urun\/animal-100-whey-protein-2-3kg\/","og_locale":"tr_TR","og_type":"article","og_title":"Animal, 100% Whey Protein 2.3kg - Life Center Online Sat\u0131\u015f Ma\u011fazas\u0131","og_description":"20 g Whey Protein 0 g \u0130lave \u015eeker 4.6 g BCAA Sentetik Renklendirici Yok Do\u011fal ve Yapay Aroma Kolay Kar\u0131\u015f\u0131r","og_url":"https:\/\/lifecenter.com.tr\/magaza\/urun\/animal-100-whey-protein-2-3kg\/","og_site_name":"Life Center Online Sat\u0131\u015f Ma\u011fazas\u0131","og_image":[{"width":2560,"height":2560,"url":"https:\/\/lifecenter.com.tr\/magaza\/wp-content\/uploads\/2026\/04\/2300_duz_strawberry.12-scaled.webp","type":"image\/webp"}],"twitter_card":"summary_large_image","twitter_misc":{"Tahmini okuma s\u00fcresi":"2 dakika"},"schema":{"@context":"https:\/\/schema.org","@graph":[{"@type":"WebPage","@id":"https:\/\/lifecenter.com.tr\/magaza\/urun\/animal-100-whey-protein-2-3kg\/","url":"https:\/\/lifecenter.com.tr\/magaza\/urun\/animal-100-whey-protein-2-3kg\/","name":"Animal, 100% Whey Protein 2.3kg - Life Center Online Sat\u0131\u015f Ma\u011fazas\u0131","isPartOf":{"@id":"https:\/\/lifecenter.com.tr\/magaza\/#website"},"primaryImageOfPage":{"@id":"https:\/\/lifecenter.com.tr\/magaza\/urun\/animal-100-whey-protein-2-3kg\/#primaryimage"},"image":{"@id":"https:\/\/lifecenter.com.tr\/magaza\/urun\/animal-100-whey-protein-2-3kg\/#primaryimage"},"thumbnailUrl":"https:\/\/lifecenter.com.tr\/magaza\/wp-content\/uploads\/2026\/04\/2300_duz_strawberry.12-scaled.webp","datePublished":"2026-04-11T16:33:20+00:00","breadcrumb":{"@id":"https:\/\/lifecenter.com.tr\/magaza\/urun\/animal-100-whey-protein-2-3kg\/#breadcrumb"},"inLanguage":"tr","potentialAction":[{"@type":"ReadAction","target":["https:\/\/lifecenter.com.tr\/magaza\/urun\/animal-100-whey-protein-2-3kg\/"]}]},{"@type":"ImageObject","inLanguage":"tr","@id":"https:\/\/lifecenter.com.tr\/magaza\/urun\/animal-100-whey-protein-2-3kg\/#primaryimage","url":"https:\/\/lifecenter.com.tr\/magaza\/wp-content\/uploads\/2026\/04\/2300_duz_strawberry.12-scaled.webp","contentUrl":"https:\/\/lifecenter.com.tr\/magaza\/wp-content\/uploads\/2026\/04\/2300_duz_strawberry.12-scaled.webp","width":2560,"height":2560},{"@type":"BreadcrumbList","@id":"https:\/\/lifecenter.com.tr\/magaza\/urun\/animal-100-whey-protein-2-3kg\/#breadcrumb","itemListElement":[{"@type":"ListItem","position":1,"name":"Anasayfa","item":"https:\/\/lifecenter.com.tr\/magaza\/"},{"@type":"ListItem","position":2,"name":"Ma\u011faza","item":"https:\/\/lifecenter.com.tr\/magaza\/magaza\/"},{"@type":"ListItem","position":3,"name":"Animal, 100% Whey Protein 2.3kg"}]},{"@type":"WebSite","@id":"https:\/\/lifecenter.com.tr\/magaza\/#website","url":"https:\/\/lifecenter.com.tr\/magaza\/","name":"Life Center Online Sat\u0131\u015f Ma\u011fazas\u0131","description":"Proteinler, Sporcu Besinleri","potentialAction":[{"@type":"SearchAction","target":{"@type":"EntryPoint","urlTemplate":"https:\/\/lifecenter.com.tr\/magaza\/?s={search_term_string}"},"query-input":{"@type":"PropertyValueSpecification","valueRequired":true,"valueName":"search_term_string"}}],"inLanguage":"tr"}]}},"jetpack_sharing_enabled":true,"_links":{"self":[{"href":"https:\/\/lifecenter.com.tr\/magaza\/wp-json\/wp\/v2\/product\/14258","targetHints":{"allow":["GET"]}}],"collection":[{"href":"https:\/\/lifecenter.com.tr\/magaza\/wp-json\/wp\/v2\/product"}],"about":[{"href":"https:\/\/lifecenter.com.tr\/magaza\/wp-json\/wp\/v2\/types\/product"}],"replies":[{"embeddable":true,"href":"https:\/\/lifecenter.com.tr\/magaza\/wp-json\/wp\/v2\/comments?post=14258"}],"version-history":[{"count":1,"href":"https:\/\/lifecenter.com.tr\/magaza\/wp-json\/wp\/v2\/product\/14258\/revisions"}],"predecessor-version":[{"id":14260,"href":"https:\/\/lifecenter.com.tr\/magaza\/wp-json\/wp\/v2\/product\/14258\/revisions\/14260"}],"wp:featuredmedia":[{"embeddable":true,"href":"https:\/\/lifecenter.com.tr\/magaza\/wp-json\/wp\/v2\/media\/14259"}],"wp:attachment":[{"href":"https:\/\/lifecenter.com.tr\/magaza\/wp-json\/wp\/v2\/media?parent=14258"}],"wp:term":[{"taxonomy":"product_brand","embeddable":true,"href":"https:\/\/lifecenter.com.tr\/magaza\/wp-json\/wp\/v2\/product_brand?post=14258"},{"taxonomy":"product_cat","embeddable":true,"href":"https:\/\/lifecenter.com.tr\/magaza\/wp-json\/wp\/v2\/product_cat?post=14258"},{"taxonomy":"product_tag","embeddable":true,"href":"https:\/\/lifecenter.com.tr\/magaza\/wp-json\/wp\/v2\/product_tag?post=14258"}],"curies":[{"name":"wp","href":"https:\/\/api.w.org\/{rel}","templated":true}]}}